{"id":514,"date":"2025-02-26T19:33:04","date_gmt":"2025-02-26T22:33:04","guid":{"rendered":"https:\/\/ingenieria.uner.edu.ar\/nucleos\/biomecanica_computacional\/?page_id=514"},"modified":"2025-07-04T12:36:02","modified_gmt":"2025-07-04T15:36:02","slug":"publicaciones","status":"publish","type":"page","link":"https:\/\/ingenieria.uner.edu.ar\/nucleos\/biomecanica_computacional\/index.php\/publicaciones\/","title":{"rendered":"Publicaciones"},"content":{"rendered":"\t\t<div data-elementor-type=\"wp-page\" data-elementor-id=\"514\" class=\"elementor elementor-514\">\n\t\t\t\t<div class=\"elementor-element elementor-element-625569e e-flex e-con-boxed e-con e-parent\" data-id=\"625569e\" data-element_type=\"container\" data-settings=\"{&quot;background_background&quot;:&quot;classic&quot;}\">\n\t\t\t\t\t<div class=\"e-con-inner\">\n\t\t<div class=\"elementor-element elementor-element-b947f06 e-con-full e-flex e-con e-child\" data-id=\"b947f06\" data-element_type=\"container\" data-settings=\"{&quot;background_background&quot;:&quot;classic&quot;}\">\n\t\t\t\t<div class=\"elementor-element elementor-element-cadcda2 elementor-widget elementor-widget-heading\" data-id=\"cadcda2\" data-element_type=\"widget\" data-widget_type=\"heading.default\">\n\t\t\t\t<div class=\"elementor-widget-container\">\n\t\t\t<style>\/*! elementor - v3.23.0 - 05-08-2024 *\/\n.elementor-heading-title{padding:0;margin:0;line-height:1}.elementor-widget-heading .elementor-heading-title[class*=elementor-size-]>a{color:inherit;font-size:inherit;line-height:inherit}.elementor-widget-heading .elementor-heading-title.elementor-size-small{font-size:15px}.elementor-widget-heading .elementor-heading-title.elementor-size-medium{font-size:19px}.elementor-widget-heading .elementor-heading-title.elementor-size-large{font-size:29px}.elementor-widget-heading .elementor-heading-title.elementor-size-xl{font-size:39px}.elementor-widget-heading .elementor-heading-title.elementor-size-xxl{font-size:59px}<\/style><h2 class=\"elementor-heading-title elementor-size-default\">Publicaciones<\/h2>\t\t<\/div>\n\t\t\t\t<\/div>\n\t\t\t\t<\/div>\n\t\t\t\t\t<\/div>\n\t\t\t\t<\/div>\n\t\t<div class=\"elementor-element elementor-element-6e6aab0 e-flex e-con-boxed e-con e-parent\" data-id=\"6e6aab0\" data-element_type=\"container\" data-settings=\"{&quot;background_background&quot;:&quot;classic&quot;}\">\n\t\t\t\t\t<div class=\"e-con-inner\">\n\t\t\t\t\t<\/div>\n\t\t\t\t<\/div>\n\t\t<div class=\"elementor-element elementor-element-c7e2860 e-flex e-con-boxed e-con e-parent\" data-id=\"c7e2860\" data-element_type=\"container\" data-settings=\"{&quot;background_background&quot;:&quot;classic&quot;}\">\n\t\t\t\t\t<div class=\"e-con-inner\">\n\t\t\t\t<div class=\"elementor-element elementor-element-0f5aadb elementor-widget elementor-widget-eael-adv-accordion\" data-id=\"0f5aadb\" data-element_type=\"widget\" data-widget_type=\"eael-adv-accordion.default\">\n\t\t\t\t<div class=\"elementor-widget-container\">\n\t\t\t        <div class=\"eael-adv-accordion\" id=\"eael-adv-accordion-0f5aadb\" data-scroll-on-click=\"no\" data-scroll-speed=\"300\" data-accordion-id=\"0f5aadb\" data-accordion-type=\"accordion\" data-toogle-speed=\"300\">\n    <div class=\"eael-accordion-list\">\n                <div id=\"2024\" class=\"elementor-tab-title eael-accordion-header active-default\" tabindex=\"0\" data-tab=\"1\" aria-controls=\"elementor-tab-content-1611\"><span class=\"eael-accordion-tab-title\">2024<\/span><svg aria-hidden=\"true\" class=\"fa-toggle e-font-icon-svg e-fas-angle-right\" viewBox=\"0 0 256 512\" xmlns=\"http:\/\/www.w3.org\/2000\/svg\"><path d=\"M224.3 273l-136 136c-9.4 9.4-24.6 9.4-33.9 0l-22.6-22.6c-9.4-9.4-9.4-24.6 0-33.9l96.4-96.4-96.4-96.4c-9.4-9.4-9.4-24.6 0-33.9L54.3 103c9.4-9.4 24.6-9.4 33.9 0l136 136c9.5 9.4 9.5 24.6.1 34z\"><\/path><\/svg><\/div><div id=\"elementor-tab-content-1611\" class=\"eael-accordion-content clearfix active-default\" data-tab=\"1\" aria-labelledby=\"2024\"><p><strong>Art\u00edculos<\/strong><\/p><ul><li><strong>Numerical model of bone remodeling applied to human femur to demonstrate the importance of hip prosthesis geometric design.<\/strong> Feliciano Franco, Diego M. Campana y Marcelo E. Berli. Anales MECOM. <a href=\"https:\/\/amcaonline.org.ar\/ojs3\/index.php\/mc\/article\/view\/88\">https:\/\/amcaonline.org.ar\/ojs3\/index.php\/mc\/article\/view\/88<\/a>.<\/li><li><strong>An\u00e1lisis num\u00e9rico de la lubricaci\u00f3n por aplastamiento en rodillas sanas y artr\u00f3sicas.<\/strong> L.E. Robledo Blasco, B.A. Weiss, S. Ubal, E. P. Ravera, J. Di Paolo. ANALES AFA. <a href=\"https:\/\/doi.org\/10.31527\/analesafa.2024.35.1.15\">https:\/\/doi.org\/10.31527\/analesafa.2024.35.1.15<\/a>.<\/li><li><strong>Knee Prostheses Modelling: Deformation of the Low Rigidity Component. <\/strong>Weiss, B.A., Ubal, S., Di Paolo, J. IFMBE Proceedings. Springer. <a href=\"https:\/\/doi.org\/10.1007\/978-3-031-51723-5_14\">https:\/\/doi.org\/10.1007\/978-3-031-51723-5_14<\/a>.<\/li><\/ul><p><strong>Proyectos finales<\/strong><\/p><ul><li><strong>Desarrollo de biomodelos \u00f3seos personalizados de f\u00e9mur a trav\u00e9s de im\u00e1genes TAC para simulaciones biomec\u00e1nicas basadas en el M\u00e9todo de Elementos Finitos.<\/strong> Luis Valiero y Brian Dorella. Director: Marcelo Berli. Co-director: Feliciano Franco.<\/li><li><strong>An\u00e1lisis computacional de tensiones en restauraciones dentales de molares posteriores, utilizando FEA.<\/strong> Martina Berns. Directora: Brenda Weiss.<\/li><\/ul><p><strong>Doctorando<\/strong> (en curso)<strong>:<\/strong><\/p><ul><li><strong>Modelado y simulaci\u00f3n multiescala de la junta sinovial de la rodilla y del conjunto musculoesquel\u00e9tico asociado.<\/strong> Leandro Robledo Blasco. Director: Emiliano Ravera. Co-directora: Brenda Weiss.<\/li><\/ul><p><strong>Post-doctorando <\/strong>(en curso)<strong>:<\/strong><\/p><ul><li><strong>Simulaci\u00f3n computacional de la evoluci\u00f3n de la densidad mineral \u00f3sea con efectos de menopausia y vejez, aplicados a procesos para preservar la salud de los huesos humanos.<\/strong> Feliciano Franco. Director: Marcelo Berli<\/li><\/ul><\/div>\n                <\/div><div class=\"eael-accordion-list\">\n                <div id=\"2023\" class=\"elementor-tab-title eael-accordion-header\" tabindex=\"0\" data-tab=\"2\" aria-controls=\"elementor-tab-content-1612\"><span class=\"eael-accordion-tab-title\">2023<\/span><svg aria-hidden=\"true\" class=\"fa-toggle e-font-icon-svg e-fas-angle-right\" viewBox=\"0 0 256 512\" xmlns=\"http:\/\/www.w3.org\/2000\/svg\"><path d=\"M224.3 273l-136 136c-9.4 9.4-24.6 9.4-33.9 0l-22.6-22.6c-9.4-9.4-9.4-24.6 0-33.9l96.4-96.4-96.4-96.4c-9.4-9.4-9.4-24.6 0-33.9L54.3 103c9.4-9.4 24.6-9.4 33.9 0l136 136c9.5 9.4 9.5 24.6.1 34z\"><\/path><\/svg><\/div><div id=\"elementor-tab-content-1612\" class=\"eael-accordion-content clearfix\" data-tab=\"2\" aria-labelledby=\"2023\"><p><strong>Art\u00edculos<\/strong><\/p><ul><li><strong>Computational Analysis of the Influence of Menopause and Ageing on Bone Mineral Density, Exploring the Impact of Bone Turnover and Focal Bone Balance\u2014A Study on Overload and Underload Scenarios.<\/strong> Franco F, Borau Zamora C, Campana DM, Berli ME.\u00a0 Life. <a href=\"https:\/\/doi.org\/10.3390\/life13112155\">https:\/\/doi.org\/10.3390\/life13112155<\/a><\/li><li><strong>Structural study of a polymeric aortic valve prosthesis. Analysis for a hyperelastic material.<\/strong> Fr\u00edes, E. R., &amp; Di Paolo, J. Journal of the Mechanical Behavior of Biomedical Materials. <a href=\"https:\/\/doi.org\/10.1016\/j.jmbbm.2023.106193\">https:\/\/doi.org\/10.1016\/j.jmbbm.2023.106193<\/a><\/li><li><strong>Estudio estructural de una pr\u00f3tesis valvular a\u00f3rtica polim\u00e9rica para situaciones no basales<\/strong>. Fries, E. R., Weiss, B., &amp; Di Paolo, J. Ciencia, Docencia Y Tecnolog\u00eda Suplemento. <a href=\"https:\/\/pcient.uner.edu.ar\/index.php\/Scdyt\/article\/view\/1667\">https:\/\/pcient.uner.edu.ar\/index.php\/Scdyt\/article\/view\/1667<\/a>.<\/li><\/ul><p><strong>Congresos:<\/strong><\/p><ul><li><strong>Modelos computacionales de remodelaci\u00f3n \u00f3sea aplicados a f\u00e9mur humano.<\/strong> Berli. 3\u00aa Simposio Internacional de Aulas CIMNE. Guanjuato, M\u00e9jico. Modalidad virtual.<\/li><li><strong>Simulaciones para la modificaci\u00f3n de la forma de una pr\u00f3tesis valvular a\u00f3rtica de material hiperel\u00e1stico.<\/strong> Fr\u00edes y Di Paolo. 3\u00aa Simposio Internacional de Aulas CIMNE. Guanjuato, M\u00e9jico.\u00a0<\/li><li><strong>Simulaci\u00f3n estructural para materiales el\u00e1sticos lineales y no lineales, de una pr\u00f3tesis valvular a\u00f3rtica en situaciones no basales.<\/strong> Exequiel R. Fr\u00edes, Brenda A. Weiss, Marcelo E. Berli y Jos\u00e9 Di Paolo. CAIM 2023. Santa Fe.\u00a0<\/li><li><strong>Estudio y comparaci\u00f3n de rodillas sanas y patol\u00f3gicas durante la lubricaci\u00f3n por aplastamiento.<\/strong> XXX Jornadas JI AUGM. Asunci\u00f3n, Paraguay.<\/li><li><strong>An\u00e1lisis num\u00e9rico de la lubricaci\u00f3n por aplastamiento en rodillas sanas y artr\u00f3sicas.<\/strong> L.E. Robledo Blasco, B.A. Weiss, S. Ubal, E. P. Ravera, J. Di Paolo. Fluidos 2023. San Luis.\u00a0<br \/><br \/><\/li><\/ul><p><strong>Tesis de doctorado:<\/strong><\/p><ul><li><strong>Estudio de los efectos de la remodelaci\u00f3n \u00f3sea a largo plazo mediante modelado y simulaci\u00f3n computacional.<\/strong> Feliciano Franco . Director: Diego Campana. Co-director: Marcelo Berli.<\/li><\/ul><\/div>\n                <\/div><div class=\"eael-accordion-list\">\n                <div id=\"2022\" class=\"elementor-tab-title eael-accordion-header\" tabindex=\"0\" data-tab=\"3\" aria-controls=\"elementor-tab-content-1613\"><span class=\"eael-accordion-tab-title\">2022<\/span><svg aria-hidden=\"true\" class=\"fa-toggle e-font-icon-svg e-fas-angle-right\" viewBox=\"0 0 256 512\" xmlns=\"http:\/\/www.w3.org\/2000\/svg\"><path d=\"M224.3 273l-136 136c-9.4 9.4-24.6 9.4-33.9 0l-22.6-22.6c-9.4-9.4-9.4-24.6 0-33.9l96.4-96.4-96.4-96.4c-9.4-9.4-9.4-24.6 0-33.9L54.3 103c9.4-9.4 24.6-9.4 33.9 0l136 136c9.5 9.4 9.5 24.6.1 34z\"><\/path><\/svg><\/div><div id=\"elementor-tab-content-1613\" class=\"eael-accordion-content clearfix\" data-tab=\"3\" aria-labelledby=\"2022\"><p><strong>Art\u00edculos<\/strong><\/p><ul><li><strong>The interplay between BMU activity linked to mechanical stress, specific surface and inhibitory theory dictate bone mass distribution: Predictions from a 3D computational model.<\/strong> Berli, M.E.; Franco, F.; Di Paolo, J.; Zioupos P. and Borau, C. Computer in Biology and Medicine.<\/li><li><strong>Coalescence preference of surfactant laden bubbles of equal size.<\/strong> Ubal, S., Lu, J., Grifoni, R., Bozzoli, F., Corvalan, C.M. Chemical Engineering Science.<\/li><li><strong>Potenciales efectos del desuso (sedentarismo, postraci\u00f3n, microgravidez) seg\u00fan un modelo computacional de muestras de hueso humano.<\/strong> Marcelo Berli; Feliciano Franco; Diego Campana; Jos\u00e9 Di Paolo; Carlos Borau. RADI.<\/li><\/ul><p><strong>Congresos:<\/strong><\/p><ul><li><strong>Hacia pr\u00f3tesis de rodilla m\u00e1s duraderas: el modelo de Phan-Thien y Tanner y la lubricaci\u00f3n elastohidrodin\u00e1mica<\/strong>. Brenda Weiss, Sebasti\u00e1n Ubal, Jos\u00e9 Di Paolo. Fluidos 2022. ANALES AFA. <a href=\"https:\/\/doi.org\/10.31527\/analesafa.2022.fluidos.36\">https:\/\/doi.org\/10.31527\/analesafa.2022.fluidos.36<\/a>.<\/li><li><strong>Estudio num\u00e9rico de lubricaci\u00f3n viscoelastohidrodin\u00e1mica en pr\u00f3tesis de rodilla con fluido no newtoniano.<\/strong> Leandro E. Robledo Blasco, Brenda A. Weiss, Marcelo Berli, Jos\u00e9 Di Paolo. Fluidos 2022. ANALES AFA. <a href=\"https:\/\/doi.org\/10.31527\/analesafa.2022.fluidos.57\">https:\/\/doi.org\/10.31527\/analesafa.2022.fluidos.57<\/a>.<\/li><li><strong>Parametric analysis of a polymeric aortic valve prosthesis: structural study for non-basal loading.<\/strong> <span style=\"font-weight: 400;\">Exequiel R. Fr\u00edes, <\/span><span style=\"font-weight: 400;\">Brenda Weiss<\/span><span style=\"font-weight: 400;\">, Marcelo Berli, Jos\u00e9 Di Paolo. <\/span>SABI 2022. San Juan.<\/li><li><span style=\"font-weight: 400;\">Knee Prostheses Modelling: Deformation of the Low Rigidity Component. Weiss, B.A., Ubal, S., Di Paolo, J. SABI 2022. San Juan.<\/span><\/li><\/ul><p><strong>Tesis de doctorado<\/strong><\/p><ul><li><strong>Articulaciones Sinoviales Artificiales de alta Movilidad: Investigaciones para el Desarrollo de Pr\u00f3tesis de por Vida.<\/strong> Brenda Weiss. Director: Jos\u00e9 Di Paolo. Co-director: Sebasti\u00e1n Ubal.<\/li><\/ul><\/div>\n                <\/div><div class=\"eael-accordion-list\">\n                <div id=\"2021\" class=\"elementor-tab-title eael-accordion-header\" tabindex=\"0\" data-tab=\"4\" aria-controls=\"elementor-tab-content-1614\"><span class=\"eael-accordion-tab-title\">2021<\/span><svg aria-hidden=\"true\" class=\"fa-toggle e-font-icon-svg e-fas-angle-right\" viewBox=\"0 0 256 512\" xmlns=\"http:\/\/www.w3.org\/2000\/svg\"><path d=\"M224.3 273l-136 136c-9.4 9.4-24.6 9.4-33.9 0l-22.6-22.6c-9.4-9.4-9.4-24.6 0-33.9l96.4-96.4-96.4-96.4c-9.4-9.4-9.4-24.6 0-33.9L54.3 103c9.4-9.4 24.6-9.4 33.9 0l136 136c9.5 9.4 9.5 24.6.1 34z\"><\/path><\/svg><\/div><div id=\"elementor-tab-content-1614\" class=\"eael-accordion-content clearfix\" data-tab=\"4\" aria-labelledby=\"2021\"><\/div>\n                <\/div><div class=\"eael-accordion-list\">\n                <div id=\"2020\" class=\"elementor-tab-title eael-accordion-header\" tabindex=\"0\" data-tab=\"5\" aria-controls=\"elementor-tab-content-1615\"><span class=\"eael-accordion-tab-title\">2020<\/span><svg aria-hidden=\"true\" class=\"fa-toggle e-font-icon-svg e-fas-angle-right\" viewBox=\"0 0 256 512\" xmlns=\"http:\/\/www.w3.org\/2000\/svg\"><path d=\"M224.3 273l-136 136c-9.4 9.4-24.6 9.4-33.9 0l-22.6-22.6c-9.4-9.4-9.4-24.6 0-33.9l96.4-96.4-96.4-96.4c-9.4-9.4-9.4-24.6 0-33.9L54.3 103c9.4-9.4 24.6-9.4 33.9 0l136 136c9.5 9.4 9.5 24.6.1 34z\"><\/path><\/svg><\/div><div id=\"elementor-tab-content-1615\" class=\"eael-accordion-content clearfix\" data-tab=\"5\" aria-labelledby=\"2020\"><p>\u00a0<\/p><p><strong>Tesis de doctorado:<\/strong><\/p><ul><li><strong>Implementaci\u00f3n computacional de una nueva estrategia de resorci\u00f3n \u00f3sea orientada al estudio del accionar de las unidades b\u00e1sicas multicelulares. Aplicaci\u00f3n al proceso de remodelaci\u00f3n de huesos humanos.<\/strong> Marcelo Berli. Director: Carlos Borau. Co-director: Carlos Borau.<\/li><\/ul><\/div>\n                <\/div><\/div>\t\t<\/div>\n\t\t\t\t<\/div>\n\t\t\t\t\t<\/div>\n\t\t\t\t<\/div>\n\t\t\t\t<\/div>\n\t\t","protected":false},"excerpt":{"rendered":"<p>Publicaciones 2024 Art\u00edculos Numerical model of bone remodeling applied to human femur to demonstrate the importance of hip prosthesis geometric design. Feliciano Franco, Diego M. Campana y Marcelo E. Berli. Anales MECOM. https:\/\/amcaonline.org.ar\/ojs3\/index.php\/mc\/article\/view\/88. An\u00e1lisis num\u00e9rico de la lubricaci\u00f3n por aplastamiento en rodillas sanas y artr\u00f3sicas. L.E. Robledo Blasco, B.A. Weiss, S. Ubal, E. P. Ravera, [&hellip;]<\/p>\n","protected":false},"author":3,"featured_media":0,"parent":0,"menu_order":0,"comment_status":"closed","ping_status":"closed","template":"","meta":{"site-sidebar-layout":"no-sidebar","site-content-layout":"page-builder","ast-site-content-layout":"full-width-container","site-content-style":"default","site-sidebar-style":"default","ast-global-header-display":"","ast-banner-title-visibility":"","ast-main-header-display":"","ast-hfb-above-header-display":"","ast-hfb-below-header-display":"","ast-hfb-mobile-header-display":"","site-post-title":"disabled","ast-breadcrumbs-content":"","ast-featured-img":"disabled","footer-sml-layout":"","theme-transparent-header-meta":"","adv-header-id-meta":"","stick-header-meta":"","header-above-stick-meta":"","header-main-stick-meta":"","header-below-stick-meta":"","astra-migrate-meta-layouts":"set","ast-page-background-enabled":"default","ast-page-background-meta":{"desktop":{"background-color":"var(--ast-global-color-4)","background-image":"","background-repeat":"repeat","background-position":"center center","background-size":"auto","background-attachment":"scroll","background-type":"","background-media":"","overlay-type":"","overlay-color":"","overlay-gradient":""},"tablet":{"background-color":"","background-image":"","background-repeat":"repeat","background-position":"center center","background-size":"auto","background-attachment":"scroll","background-type":"","background-media":"","overlay-type":"","overlay-color":"","overlay-gradient":""},"mobile":{"background-color":"","background-image":"","background-repeat":"repeat","background-position":"center center","background-size":"auto","background-attachment":"scroll","background-type":"","background-media":"","overlay-type":"","overlay-color":"","overlay-gradient":""}},"ast-content-background-meta":{"desktop":{"background-color":"var(--ast-global-color-5)","background-image":"","background-repeat":"repeat","background-position":"center center","background-size":"auto","background-attachment":"scroll","background-type":"","background-media":"","overlay-type":"","overlay-color":"","overlay-gradient":""},"tablet":{"background-color":"var(--ast-global-color-5)","background-image":"","background-repeat":"repeat","background-position":"center center","background-size":"auto","background-attachment":"scroll","background-type":"","background-media":"","overlay-type":"","overlay-color":"","overlay-gradient":""},"mobile":{"background-color":"var(--ast-global-color-5)","background-image":"","background-repeat":"repeat","background-position":"center center","background-size":"auto","background-attachment":"scroll","background-type":"","background-media":"","overlay-type":"","overlay-color":"","overlay-gradient":""}},"footnotes":""},"class_list":["post-514","page","type-page","status-publish","hentry"],"_links":{"self":[{"href":"https:\/\/ingenieria.uner.edu.ar\/nucleos\/biomecanica_computacional\/index.php\/wp-json\/wp\/v2\/pages\/514","targetHints":{"allow":["GET"]}}],"collection":[{"href":"https:\/\/ingenieria.uner.edu.ar\/nucleos\/biomecanica_computacional\/index.php\/wp-json\/wp\/v2\/pages"}],"about":[{"href":"https:\/\/ingenieria.uner.edu.ar\/nucleos\/biomecanica_computacional\/index.php\/wp-json\/wp\/v2\/types\/page"}],"author":[{"embeddable":true,"href":"https:\/\/ingenieria.uner.edu.ar\/nucleos\/biomecanica_computacional\/index.php\/wp-json\/wp\/v2\/users\/3"}],"replies":[{"embeddable":true,"href":"https:\/\/ingenieria.uner.edu.ar\/nucleos\/biomecanica_computacional\/index.php\/wp-json\/wp\/v2\/comments?post=514"}],"version-history":[{"count":55,"href":"https:\/\/ingenieria.uner.edu.ar\/nucleos\/biomecanica_computacional\/index.php\/wp-json\/wp\/v2\/pages\/514\/revisions"}],"predecessor-version":[{"id":652,"href":"https:\/\/ingenieria.uner.edu.ar\/nucleos\/biomecanica_computacional\/index.php\/wp-json\/wp\/v2\/pages\/514\/revisions\/652"}],"wp:attachment":[{"href":"https:\/\/ingenieria.uner.edu.ar\/nucleos\/biomecanica_computacional\/index.php\/wp-json\/wp\/v2\/media?parent=514"}],"curies":[{"name":"wp","href":"https:\/\/api.w.org\/{rel}","templated":true}]}}