{"id":493,"date":"2025-02-28T14:05:56","date_gmt":"2025-02-28T17:05:56","guid":{"rendered":"https:\/\/ingenieria.uner.edu.ar\/nucleos\/cirins\/neurociencia\/?page_id=493"},"modified":"2025-03-03T14:12:20","modified_gmt":"2025-03-03T17:12:20","slug":"proyectos","status":"publish","type":"page","link":"https:\/\/ingenieria.uner.edu.ar\/nucleos\/cirins\/neurociencia\/index.php\/proyectos\/","title":{"rendered":"Proyectos I+D"},"content":{"rendered":"\t\t<div data-elementor-type=\"wp-page\" data-elementor-id=\"493\" class=\"elementor elementor-493\">\n\t\t\t\t<div class=\"elementor-element elementor-element-c3c08c1 e-flex e-con-boxed e-con e-parent\" data-id=\"c3c08c1\" data-element_type=\"container\" data-settings=\"{&quot;background_background&quot;:&quot;classic&quot;}\">\n\t\t\t\t\t<div class=\"e-con-inner\">\n\t\t<div class=\"elementor-element elementor-element-0b30493 e-flex e-con-boxed e-con e-child\" data-id=\"0b30493\" data-element_type=\"container\">\n\t\t\t\t\t<div class=\"e-con-inner\">\n\t\t\t\t<div class=\"elementor-element elementor-element-00c9879 elementor-widget elementor-widget-heading\" data-id=\"00c9879\" data-element_type=\"widget\" data-widget_type=\"heading.default\">\n\t\t\t\t<div class=\"elementor-widget-container\">\n\t\t\t<style>\/*! elementor - v3.23.0 - 05-08-2024 *\/\n.elementor-heading-title{padding:0;margin:0;line-height:1}.elementor-widget-heading .elementor-heading-title[class*=elementor-size-]>a{color:inherit;font-size:inherit;line-height:inherit}.elementor-widget-heading .elementor-heading-title.elementor-size-small{font-size:15px}.elementor-widget-heading .elementor-heading-title.elementor-size-medium{font-size:19px}.elementor-widget-heading .elementor-heading-title.elementor-size-large{font-size:29px}.elementor-widget-heading .elementor-heading-title.elementor-size-xl{font-size:39px}.elementor-widget-heading .elementor-heading-title.elementor-size-xxl{font-size:59px}<\/style><h2 class=\"elementor-heading-title elementor-size-default\">Proyectos <\/h2>\t\t<\/div>\n\t\t\t\t<\/div>\n\t\t\t\t\t<\/div>\n\t\t\t\t<\/div>\n\t\t\t\t\t<\/div>\n\t\t\t\t<\/div>\n\t\t<div class=\"elementor-element elementor-element-e0da8fd e-flex e-con-boxed e-con e-parent\" data-id=\"e0da8fd\" data-element_type=\"container\">\n\t\t\t\t\t<div class=\"e-con-inner\">\n\t\t\t\t\t<\/div>\n\t\t\t\t<\/div>\n\t\t<div class=\"elementor-element elementor-element-fdd11bc e-flex e-con-boxed e-con e-parent\" data-id=\"fdd11bc\" data-element_type=\"container\">\n\t\t\t\t\t<div class=\"e-con-inner\">\n\t\t\t\t<div class=\"elementor-element elementor-element-7cb3369 elementor-grid-1 elementor-grid-tablet-2 elementor-grid-mobile-1 elementor-widget elementor-widget-elementor-blog-posts\" data-id=\"7cb3369\" data-element_type=\"widget\" data-settings=\"{&quot;columns&quot;:&quot;1&quot;,&quot;columns_tablet&quot;:&quot;2&quot;,&quot;columns_mobile&quot;:&quot;1&quot;}\" data-widget_type=\"elementor-blog-posts.default\">\n\t\t\t\t<div class=\"elementor-widget-container\">\n\t\t\t\t\t<div class=\"wpcap-grid\">\n\t\t\t\t\t\t<div class=\"wpcap-grid-container elementor-grid wpcap-grid-desktop-1 wpcap-grid-tablet-2 wpcap-grid-mobile-1 grid-meta-bottom\">\n\n\t\t\t\t\n        <article id=\"post-444\" class=\"wpcap-post post-444 post type-post status-publish format-standard has-post-thumbnail hentry category-proyectos\">\n         \n            <div class=\"post-grid-inner\">\n            \t\n            \t\n                <div class=\"post-grid-text-wrap\">\n               \t\t\t\t<h3 class=\"title\">\n\t\t\t<a href=\"https:\/\/ingenieria.uner.edu.ar\/nucleos\/cirins\/neurociencia\/index.php\/2025\/02\/28\/estudio-de-la-respuesta-sensoriomotora-de-pacientes-con-fibromialgia\/\">Proyecto PID UNER (2023 &#8211; 2025) &#8220;Estudio de la respuesta sensoriomotora de pacientes con fibromialgia&#8221;<\/a>\n\t\t<\/h3>\n\t\t\t                \t                \t\t<a class=\"read-more-btn\" href=\"https:\/\/ingenieria.uner.edu.ar\/nucleos\/cirins\/neurociencia\/index.php\/2025\/02\/28\/estudio-de-la-respuesta-sensoriomotora-de-pacientes-con-fibromialgia\/\">Leer m\u00e1s \u00bb<\/a>\n\t\t                <\/div>\n\n                \n            <\/div><!-- .blog-inner -->\n           \n        <\/article>\n\n        \n        <article id=\"post-447\" class=\"wpcap-post post-447 post type-post status-publish format-standard has-post-thumbnail hentry category-proyectos\">\n         \n            <div class=\"post-grid-inner\">\n            \t\n            \t\n                <div class=\"post-grid-text-wrap\">\n               \t\t\t\t<h3 class=\"title\">\n\t\t\t<a href=\"https:\/\/ingenieria.uner.edu.ar\/nucleos\/cirins\/neurociencia\/index.php\/2025\/02\/28\/desarrollo-y-validacion-de-nuevos-metodos-para-la-evaluacion-del-dolor\/\">Proyecto CONICET &#8211; DAAD (2023 &#8211; 2025) &#8220;Desarrollo y validaci\u00f3n de nuevos m\u00e9todos para la evaluaci\u00f3n del dolor&#8221;<\/a>\n\t\t<\/h3>\n\t\t\t                \t                \t\t<a class=\"read-more-btn\" href=\"https:\/\/ingenieria.uner.edu.ar\/nucleos\/cirins\/neurociencia\/index.php\/2025\/02\/28\/desarrollo-y-validacion-de-nuevos-metodos-para-la-evaluacion-del-dolor\/\">Leer m\u00e1s \u00bb<\/a>\n\t\t                <\/div>\n\n                \n            <\/div><!-- .blog-inner -->\n           \n        <\/article>\n\n        \n        <article id=\"post-459\" class=\"wpcap-post post-459 post type-post status-publish format-standard has-post-thumbnail hentry category-proyectos\">\n         \n            <div class=\"post-grid-inner\">\n            \t\n            \t\n                <div class=\"post-grid-text-wrap\">\n               \t\t\t\t<h3 class=\"title\">\n\t\t\t<a href=\"https:\/\/ingenieria.uner.edu.ar\/nucleos\/cirins\/neurociencia\/index.php\/2025\/02\/28\/evaluacion-de-la-influencia-de-estimulos-mecanicos-repetitivos-sobre-el-procesamiento-de-dolor-en-humanos\/\">Proyecto PICT (2022 &#8211; 2024) &#8220;Evaluaci\u00f3n de la influencia de est\u00edmulos mec\u00e1nicos repetitivos sobre el procesamiento de dolor en humanos&#8221;<\/a>\n\t\t<\/h3>\n\t\t\t                \t                \t\t<a class=\"read-more-btn\" href=\"https:\/\/ingenieria.uner.edu.ar\/nucleos\/cirins\/neurociencia\/index.php\/2025\/02\/28\/evaluacion-de-la-influencia-de-estimulos-mecanicos-repetitivos-sobre-el-procesamiento-de-dolor-en-humanos\/\">Leer m\u00e1s \u00bb<\/a>\n\t\t                <\/div>\n\n                \n            <\/div><!-- .blog-inner -->\n           \n        <\/article>\n\n        \n        <article id=\"post-701\" class=\"wpcap-post post-701 post type-post status-publish format-standard hentry category-proyectos\">\n         \n            <div class=\"post-grid-inner\">\n            \t\n            \t\n                <div class=\"post-grid-text-wrap\">\n               \t\t\t\t<h3 class=\"title\">\n\t\t\t<a href=\"https:\/\/ingenieria.uner.edu.ar\/nucleos\/cirins\/neurociencia\/index.php\/2025\/03\/06\/proyecto-pibaa-conicet-2022-reingenieria-de-sistema-automatico-de-qst-mecanico-objetivo-nuevos-paradigmas-de-estimulacion\/\">Proyecto PIBAA &#8211; CONICET (2022) &#8220;Reingenier\u00eda de sistema autom\u00e1tico de QST mec\u00e1nico objetivo: nuevos paradigmas de estimulaci\u00f3n&#8221;<\/a>\n\t\t<\/h3>\n\t\t\t                \t                \t\t<a class=\"read-more-btn\" href=\"https:\/\/ingenieria.uner.edu.ar\/nucleos\/cirins\/neurociencia\/index.php\/2025\/03\/06\/proyecto-pibaa-conicet-2022-reingenieria-de-sistema-automatico-de-qst-mecanico-objetivo-nuevos-paradigmas-de-estimulacion\/\">Leer m\u00e1s \u00bb<\/a>\n\t\t                <\/div>\n\n                \n            <\/div><!-- .blog-inner -->\n           \n        <\/article>\n\n        \n\t\t\t<\/div>\n\t\t<\/div>\n\t\t\t\t<\/div>\n\t\t\t\t<\/div>\n\t\t\t\t\t<\/div>\n\t\t\t\t<\/div>\n\t\t\t\t<\/div>\n\t\t","protected":false},"excerpt":{"rendered":"<p>Proyectos Proyecto PID UNER (2023 &#8211; 2025) &#8220;Estudio de la respuesta sensoriomotora de pacientes con fibromialgia&#8221; Leer m\u00e1s \u00bb Proyecto CONICET &#8211; DAAD (2023 &#8211; 2025) &#8220;Desarrollo y validaci\u00f3n de nuevos m\u00e9todos para la evaluaci\u00f3n del dolor&#8221; Leer m\u00e1s \u00bb Proyecto PICT (2022 &#8211; 2024) &#8220;Evaluaci\u00f3n de la influencia de est\u00edmulos mec\u00e1nicos repetitivos sobre el [&hellip;]<\/p>\n","protected":false},"author":5,"featured_media":0,"parent":0,"menu_order":0,"comment_status":"closed","ping_status":"closed","template":"","meta":{"site-sidebar-layout":"no-sidebar","site-content-layout":"page-builder","ast-site-content-layout":"full-width-container","site-content-style":"default","site-sidebar-style":"default","ast-global-header-display":"","ast-banner-title-visibility":"","ast-main-header-display":"","ast-hfb-above-header-display":"","ast-hfb-below-header-display":"","ast-hfb-mobile-header-display":"","site-post-title":"disabled","ast-breadcrumbs-content":"","ast-featured-img":"disabled","footer-sml-layout":"","theme-transparent-header-meta":"","adv-header-id-meta":"","stick-header-meta":"","header-above-stick-meta":"","header-main-stick-meta":"","header-below-stick-meta":"","astra-migrate-meta-layouts":"set","ast-page-background-enabled":"default","ast-page-background-meta":{"desktop":{"background-color":"var(--ast-global-color-4)","background-image":"","background-repeat":"repeat","background-position":"center center","background-size":"auto","background-attachment":"scroll","background-type":"","background-media":"","overlay-type":"","overlay-color":"","overlay-gradient":""},"tablet":{"background-color":"","background-image":"","background-repeat":"repeat","background-position":"center center","background-size":"auto","background-attachment":"scroll","background-type":"","background-media":"","overlay-type":"","overlay-color":"","overlay-gradient":""},"mobile":{"background-color":"","background-image":"","background-repeat":"repeat","background-position":"center center","background-size":"auto","background-attachment":"scroll","background-type":"","background-media":"","overlay-type":"","overlay-color":"","overlay-gradient":""}},"ast-content-background-meta":{"desktop":{"background-color":"var(--ast-global-color-5)","background-image":"","background-repeat":"repeat","background-position":"center center","background-size":"auto","background-attachment":"scroll","background-type":"","background-media":"","overlay-type":"","overlay-color":"","overlay-gradient":""},"tablet":{"background-color":"var(--ast-global-color-5)","background-image":"","background-repeat":"repeat","background-position":"center center","background-size":"auto","background-attachment":"scroll","background-type":"","background-media":"","overlay-type":"","overlay-color":"","overlay-gradient":""},"mobile":{"background-color":"var(--ast-global-color-5)","background-image":"","background-repeat":"repeat","background-position":"center center","background-size":"auto","background-attachment":"scroll","background-type":"","background-media":"","overlay-type":"","overlay-color":"","overlay-gradient":""}},"footnotes":""},"class_list":["post-493","page","type-page","status-publish","hentry"],"_links":{"self":[{"href":"https:\/\/ingenieria.uner.edu.ar\/nucleos\/cirins\/neurociencia\/index.php\/wp-json\/wp\/v2\/pages\/493","targetHints":{"allow":["GET"]}}],"collection":[{"href":"https:\/\/ingenieria.uner.edu.ar\/nucleos\/cirins\/neurociencia\/index.php\/wp-json\/wp\/v2\/pages"}],"about":[{"href":"https:\/\/ingenieria.uner.edu.ar\/nucleos\/cirins\/neurociencia\/index.php\/wp-json\/wp\/v2\/types\/page"}],"author":[{"embeddable":true,"href":"https:\/\/ingenieria.uner.edu.ar\/nucleos\/cirins\/neurociencia\/index.php\/wp-json\/wp\/v2\/users\/5"}],"replies":[{"embeddable":true,"href":"https:\/\/ingenieria.uner.edu.ar\/nucleos\/cirins\/neurociencia\/index.php\/wp-json\/wp\/v2\/comments?post=493"}],"version-history":[{"count":29,"href":"https:\/\/ingenieria.uner.edu.ar\/nucleos\/cirins\/neurociencia\/index.php\/wp-json\/wp\/v2\/pages\/493\/revisions"}],"predecessor-version":[{"id":626,"href":"https:\/\/ingenieria.uner.edu.ar\/nucleos\/cirins\/neurociencia\/index.php\/wp-json\/wp\/v2\/pages\/493\/revisions\/626"}],"wp:attachment":[{"href":"https:\/\/ingenieria.uner.edu.ar\/nucleos\/cirins\/neurociencia\/index.php\/wp-json\/wp\/v2\/media?parent=493"}],"curies":[{"name":"wp","href":"https:\/\/api.w.org\/{rel}","templated":true}]}}