{"id":19,"date":"2023-11-06T18:25:35","date_gmt":"2023-11-06T21:25:35","guid":{"rendered":"https:\/\/ingenieria.uner.edu.ar\/nucleos\/cirins\/rehabilitacion\/?page_id=19"},"modified":"2024-12-26T10:57:06","modified_gmt":"2024-12-26T13:57:06","slug":"inicio","status":"publish","type":"page","link":"https:\/\/ingenieria.uner.edu.ar\/nucleos\/cirins\/rehabilitacion\/","title":{"rendered":"Inicio"},"content":{"rendered":"\t\t<div data-elementor-type=\"wp-page\" data-elementor-id=\"19\" class=\"elementor elementor-19\">\n\t\t\t\t<div class=\"elementor-element elementor-element-b76b177 e-flex e-con-boxed e-con e-parent\" data-id=\"b76b177\" data-element_type=\"container\" data-settings=\"{&quot;background_background&quot;:&quot;classic&quot;}\">\n\t\t\t\t\t<div class=\"e-con-inner\">\n\t\t<div class=\"elementor-element elementor-element-df402da e-con-full e-flex e-con e-child\" data-id=\"df402da\" data-element_type=\"container\" data-settings=\"{&quot;background_background&quot;:&quot;classic&quot;}\">\n\t\t\t\t<div class=\"elementor-element elementor-element-8d7c79c elementor-widget elementor-widget-heading\" data-id=\"8d7c79c\" data-element_type=\"widget\" data-widget_type=\"heading.default\">\n\t\t\t\t<div class=\"elementor-widget-container\">\n\t\t\t\t\t<h2 class=\"elementor-heading-title elementor-size-default\">Grupo de<\/h2>\t\t\t\t<\/div>\n\t\t\t\t<\/div>\n\t\t\t\t<div class=\"elementor-element elementor-element-96f23d8 elementor-widget elementor-widget-heading\" data-id=\"96f23d8\" data-element_type=\"widget\" data-widget_type=\"heading.default\">\n\t\t\t\t<div class=\"elementor-widget-container\">\n\t\t\t\t\t<h2 class=\"elementor-heading-title elementor-size-default\">Ingenier\u00eda en Rehabilitaci\u00f3n <br>(GIR - CIRINS)<\/h2>\t\t\t\t<\/div>\n\t\t\t\t<\/div>\n\t\t\t\t<\/div>\n\t\t\t\t\t<\/div>\n\t\t\t\t<\/div>\n\t\t<div class=\"elementor-element elementor-element-69062dd e-flex e-con-boxed e-con e-parent\" data-id=\"69062dd\" data-element_type=\"container\">\n\t\t\t\t\t<div class=\"e-con-inner\">\n\t\t\t\t<div class=\"elementor-element elementor-element-825dfba elementor-widget elementor-widget-heading\" data-id=\"825dfba\" data-element_type=\"widget\" data-widget_type=\"heading.default\">\n\t\t\t\t<div class=\"elementor-widget-container\">\n\t\t\t\t\t<h2 class=\"elementor-heading-title elementor-size-default\">El Grupo de Ingenier\u00eda en Rehabilitaci\u00f3n (GIR) aplica los principios de la ciencia y de la ingenier\u00eda para desarrollar soluciones y dispositivos tecnol\u00f3gicos que asistan a las personas en situaci\u00f3n de discapacidad en sus actividades de la vida diaria y\/o que ayuden en la recuperaci\u00f3n de sus funciones f\u00edsicas y cognitivas perdidas debido a una lesi\u00f3n o una enfermedad.<\/h2>\t\t\t\t<\/div>\n\t\t\t\t<\/div>\n\t\t\t\t\t<\/div>\n\t\t\t\t<\/div>\n\t\t<div class=\"elementor-element elementor-element-ab221d7 e-flex e-con-boxed e-con e-parent\" data-id=\"ab221d7\" data-element_type=\"container\" data-settings=\"{&quot;background_background&quot;:&quot;classic&quot;}\">\n\t\t\t\t\t<div class=\"e-con-inner\">\n\t\t<div class=\"elementor-element elementor-element-d3b7f3d e-con-full e-flex e-con e-child\" data-id=\"d3b7f3d\" data-element_type=\"container\">\n\t\t\t\t<div class=\"elementor-element elementor-element-f17ac71 elementor-widget elementor-widget-video\" data-id=\"f17ac71\" data-element_type=\"widget\" data-settings=\"{&quot;youtube_url&quot;:&quot;https:\\\/\\\/www.youtube.com\\\/watch?v=s1-kTiyPPGU&quot;,&quot;video_type&quot;:&quot;youtube&quot;,&quot;controls&quot;:&quot;yes&quot;}\" data-widget_type=\"video.default\">\n\t\t\t\t<div class=\"elementor-widget-container\">\n\t\t\t\t\t\t\t<div class=\"elementor-wrapper elementor-open-inline\">\n\t\t\t<div class=\"elementor-video\"><\/div>\t\t<\/div>\n\t\t\t\t\t\t<\/div>\n\t\t\t\t<\/div>\n\t\t\t\t<\/div>\n\t\t<div class=\"elementor-element elementor-element-8888355 e-con-full e-flex e-con e-child\" data-id=\"8888355\" data-element_type=\"container\">\n\t\t\t\t<div class=\"elementor-element elementor-element-3ddaf7a elementor-widget elementor-widget-text-editor\" data-id=\"3ddaf7a\" data-element_type=\"widget\" data-widget_type=\"text-editor.default\">\n\t\t\t\t<div class=\"elementor-widget-container\">\n\t\t\t\t\t\t\t\t\t<p><strong>Principales l\u00edneas de trabajo en I+D+i<\/strong><\/p><p>&#8211; Ingenier\u00eda en rehabilitaci\u00f3n.<br \/>&#8211; Tecnolog\u00eda para la asistencia y recuperacion de funciones cognitivas y motoras.<br \/>&#8211; Interfaces Cerebro-Computadora.<br \/>&#8211; Estimulacion Electrica.<br \/>&#8211; Procesamiento digital de se\u00f1ales de. electroencefalografia y electomiograf\u00eda (EEG y EMG).<br \/>&#8211; Inteligencia artificial aplicada a rehabilitacion.<\/p>\t\t\t\t\t\t\t\t<\/div>\n\t\t\t\t<\/div>\n\t\t\t\t<\/div>\n\t\t\t\t\t<\/div>\n\t\t\t\t<\/div>\n\t\t<div class=\"elementor-element elementor-element-975050d e-flex e-con-boxed e-con e-parent\" data-id=\"975050d\" data-element_type=\"container\">\n\t\t\t\t\t<div class=\"e-con-inner\">\n\t\t<div class=\"elementor-element elementor-element-344f8dd e-con-full e-flex e-con e-child\" data-id=\"344f8dd\" data-element_type=\"container\" data-settings=\"{&quot;background_background&quot;:&quot;classic&quot;}\">\n\t\t\t\t<div class=\"elementor-element elementor-element-be708f6 elementor-widget elementor-widget-heading\" data-id=\"be708f6\" data-element_type=\"widget\" data-widget_type=\"heading.default\">\n\t\t\t\t<div class=\"elementor-widget-container\">\n\t\t\t\t\t<h4 class=\"elementor-heading-title elementor-size-default\">L\u00edneas Generales de Investigaci\u00f3n<\/h4>\t\t\t\t<\/div>\n\t\t\t\t<\/div>\n\t\t\t\t<div class=\"elementor-element elementor-element-3c6d5b7 elementor-widget elementor-widget-text-editor\" data-id=\"3c6d5b7\" data-element_type=\"widget\" data-widget_type=\"text-editor.default\">\n\t\t\t\t<div class=\"elementor-widget-container\">\n\t\t\t\t\t\t\t\t\t<p><span style=\"font-weight: 400;\">El Grupo de Ingenier\u00eda en Rehabilitaci\u00f3n ha sido pionero en el desarrollo de Interfaces Cerebro-Computadora (BCI, por sus siglas en ingl\u00e9s) para rehabilitaci\u00f3n (motora o cognitiva). Investiga nuevas estrategias de procesamiento de se\u00f1ales electrofisiol\u00f3gicas y de aprendizaje maquinal con el objetivo de optimizar su uso en los distintos \u00e1mbitos de aplicaci\u00f3n. Realiza estudios cl\u00ednicos de manera conjunta con distintas instituciones de rehabilitaci\u00f3n para evaluar la eficacia de las BCIs para la recuperaci\u00f3n de las funciones afectadas por lesiones o enfermedades neurol\u00f3gicas, tales como accidentes cerebro-vasculares, esclerosis m\u00faltiple, parkinson, esclerosis lateral amiotr\u00f3fica, s\u00edndromes del espectro autista, deterioro cognitivo, entre otras.\u00a0<\/span><\/p><p><span style=\"font-weight: 400;\">Los niveles de desarrollo tecnol\u00f3gico alcanzados le han permitido emplear BCIs en \u00e1mbitos reales de uso, es decir en cl\u00ednicas de neuro-rehabilitaci\u00f3n, operadas por profesionales de la salud y usadas por las personas con discapacidades motoras o cognitivas.<\/span><\/p><p><span style=\"font-weight: 400;\">Tambi\u00e9n desarrolla sistemas basados en estimulaci\u00f3n el\u00e9ctrica con fines asistivos o terap\u00e9uticos, tales como los estimuladores el\u00e9ctricos funcionales.\u00a0<\/span><\/p><p><span style=\"font-weight: 400;\">Otra l\u00ednea de trabajo se enfoca en el desarrollo de tecnolog\u00eda para evaluaci\u00f3n de los procesos de rehabilitaci\u00f3n. En este sentido se procesa la se\u00f1al del electroencefalograma para extraer biomarcadores objetivos que complementen a los funcionales empleados com\u00fanmente en las cl\u00ednicas. Se utiliza la electromiograf\u00eda como se\u00f1al coadyuvante en este proceso; tambi\u00e9n se desarrollan dispositivos basados en tecnolog\u00edas emergentes.<\/span><\/p><p><span style=\"font-weight: 400;\">Una l\u00ednea de reciente creaci\u00f3n es el desarrollo de tecnolog\u00eda asistiva, como respuesta a requerimientos de usuarios.<\/span><\/p>\t\t\t\t\t\t\t\t<\/div>\n\t\t\t\t<\/div>\n\t\t\t\t<\/div>\n\t\t<div class=\"elementor-element elementor-element-6b843b9 e-con-full e-flex e-con e-child\" data-id=\"6b843b9\" data-element_type=\"container\">\n\t\t\t\t<div class=\"elementor-element elementor-element-5d20e3b elementor-widget elementor-widget-heading\" data-id=\"5d20e3b\" data-element_type=\"widget\" data-widget_type=\"heading.default\">\n\t\t\t\t<div class=\"elementor-widget-container\">\n\t\t\t\t\t<h4 class=\"elementor-heading-title elementor-size-default\">Contacto<\/h4>\t\t\t\t<\/div>\n\t\t\t\t<\/div>\n\t\t\t\t<div class=\"elementor-element elementor-element-163786c elementor-widget elementor-widget-wpforms\" data-id=\"163786c\" data-element_type=\"widget\" data-widget_type=\"wpforms.default\">\n\t\t\t\t<div class=\"elementor-widget-container\">\n\t\t\t\t\t<style id=\"wpforms-css-vars-root\">\n\t\t\t\t:root {\n\t\t\t\t\t--wpforms-field-border-radius: 3px;\n--wpforms-field-border-style: solid;\n--wpforms-field-border-size: 1px;\n--wpforms-field-background-color: #ffffff;\n--wpforms-field-border-color: rgba( 0, 0, 0, 0.25 );\n--wpforms-field-border-color-spare: rgba( 0, 0, 0, 0.25 );\n--wpforms-field-text-color: rgba( 0, 0, 0, 0.7 );\n--wpforms-field-menu-color: #ffffff;\n--wpforms-label-color: rgba( 0, 0, 0, 0.85 );\n--wpforms-label-sublabel-color: rgba( 0, 0, 0, 0.55 );\n--wpforms-label-error-color: #d63637;\n--wpforms-button-border-radius: 3px;\n--wpforms-button-border-style: none;\n--wpforms-button-border-size: 1px;\n--wpforms-button-background-color: #066aab;\n--wpforms-button-border-color: #066aab;\n--wpforms-button-text-color: #ffffff;\n--wpforms-page-break-color: #066aab;\n--wpforms-background-image: none;\n--wpforms-background-position: center center;\n--wpforms-background-repeat: no-repeat;\n--wpforms-background-size: cover;\n--wpforms-background-width: 100px;\n--wpforms-background-height: 100px;\n--wpforms-background-color: rgba( 0, 0, 0, 0 );\n--wpforms-background-url: none;\n--wpforms-container-padding: 0px;\n--wpforms-container-border-style: none;\n--wpforms-container-border-width: 1px;\n--wpforms-container-border-color: #000000;\n--wpforms-container-border-radius: 3px;\n--wpforms-field-size-input-height: 43px;\n--wpforms-field-size-input-spacing: 15px;\n--wpforms-field-size-font-size: 16px;\n--wpforms-field-size-line-height: 19px;\n--wpforms-field-size-padding-h: 14px;\n--wpforms-field-size-checkbox-size: 16px;\n--wpforms-field-size-sublabel-spacing: 5px;\n--wpforms-field-size-icon-size: 1;\n--wpforms-label-size-font-size: 16px;\n--wpforms-label-size-line-height: 19px;\n--wpforms-label-size-sublabel-font-size: 14px;\n--wpforms-label-size-sublabel-line-height: 17px;\n--wpforms-button-size-font-size: 17px;\n--wpforms-button-size-height: 41px;\n--wpforms-button-size-padding-h: 15px;\n--wpforms-button-size-margin-top: 10px;\n--wpforms-container-shadow-size-box-shadow: none;\n\n\t\t\t\t}\n\t\t\t<\/style><style id=\"wpforms-css-vars-elementor-widget-163786c\">\n\t\t\t\t.elementor-widget-wpforms.elementor-element-163786c {\n\t\t\t\t\t--wpforms-field-border-radius: 1px;\n--wpforms-field-background-color: #FFFFFF;\n--wpforms-field-border-color: #53AA7482;\n--wpforms-field-border-color-spare: #53AA7482;\n--wpforms-field-text-color: #171717;\n--wpforms-label-color: #707070;\n--wpforms-button-border-radius: 2px;\n--wpforms-button-background-color: #53AA74;\n--wpforms-field-size-input-height: 31px;\n--wpforms-field-size-input-spacing: 10px;\n--wpforms-field-size-font-size: 14px;\n--wpforms-field-size-line-height: 17px;\n--wpforms-field-size-padding-h: 9px;\n--wpforms-field-size-checkbox-size: 14px;\n--wpforms-field-size-sublabel-spacing: 5px;\n--wpforms-field-size-icon-size: 0.75;\n--wpforms-label-size-font-size: 16px;\n--wpforms-label-size-line-height: 19px;\n--wpforms-label-size-sublabel-font-size: 14px;\n--wpforms-label-size-sublabel-line-height: 17px;\n--wpforms-button-size-font-size: 14px;\n--wpforms-button-size-height: 37px;\n--wpforms-button-size-padding-h: 15px;\n--wpforms-button-size-margin-top: 5px;\n\n\t\t\t\t}\n\t\t\t<\/style><div class=\"wpforms-container wpforms-container-full wpforms-render-modern\" id=\"wpforms-303\"><form id=\"wpforms-form-303\" class=\"wpforms-validate wpforms-form wpforms-ajax-form\" data-formid=\"303\" method=\"post\" enctype=\"multipart\/form-data\" action=\"\/nucleos\/cirins\/rehabilitacion\/index.php\/wp-json\/wp\/v2\/pages\/19\" data-token=\"abed23b4336cd896138a8b1a60abaa15\" data-token-time=\"1776497945\"><noscript class=\"wpforms-error-noscript\">Please enable JavaScript in your browser to complete this form.<\/noscript><div class=\"wpforms-hidden\" id=\"wpforms-error-noscript\">Please enable JavaScript in your browser to complete this form.<\/div><div class=\"wpforms-field-container\"><div id=\"wpforms-303-field_0-container\" class=\"wpforms-field wpforms-field-name\" data-field-id=\"0\"><fieldset><legend class=\"wpforms-field-label\">Nombre y Apellido <span class=\"wpforms-required-label\" aria-hidden=\"true\">*<\/span><\/legend><div class=\"wpforms-field-row wpforms-field-large\"><div class=\"wpforms-field-row-block wpforms-first wpforms-one-half\"><input type=\"text\" id=\"wpforms-303-field_0\" class=\"wpforms-field-name-first wpforms-field-required\" name=\"wpforms[fields][0][first]\" placeholder=\"Nombre\" aria-errormessage=\"wpforms-303-field_0-error\" required><label for=\"wpforms-303-field_0\" class=\"wpforms-field-sublabel after wpforms-sublabel-hide\">First<\/label><\/div><div class=\"wpforms-field-row-block wpforms-one-half\"><input type=\"text\" id=\"wpforms-303-field_0-last\" class=\"wpforms-field-name-last wpforms-field-required\" name=\"wpforms[fields][0][last]\" placeholder=\"Apellido\" aria-errormessage=\"wpforms-303-field_0-last-error\" required><label for=\"wpforms-303-field_0-last\" class=\"wpforms-field-sublabel after wpforms-sublabel-hide\">Last<\/label><\/div><\/div><\/fieldset><\/div><div id=\"wpforms-303-field_1-container\" class=\"wpforms-field wpforms-field-email\" data-field-id=\"1\"><label class=\"wpforms-field-label\" for=\"wpforms-303-field_1\">Correo electr\u00f3nico <span class=\"wpforms-required-label\" aria-hidden=\"true\">*<\/span><\/label><input type=\"email\" id=\"wpforms-303-field_1\" class=\"wpforms-field-large wpforms-field-required\" name=\"wpforms[fields][1]\" spellcheck=\"false\" aria-errormessage=\"wpforms-303-field_1-error\" required><\/div><div id=\"wpforms-303-field_2-container\" class=\"wpforms-field wpforms-field-textarea\" data-field-id=\"2\"><label class=\"wpforms-field-label\" for=\"wpforms-303-field_2\">\u00bfQu\u00e9 informaci\u00f3n quisieras recibir?<\/label><textarea id=\"wpforms-303-field_2\" class=\"wpforms-field-medium\" name=\"wpforms[fields][2]\" aria-errormessage=\"wpforms-303-field_2-error\" ><\/textarea><\/div><\/div><!-- .wpforms-field-container --><div class=\"wpforms-submit-container\" ><input type=\"hidden\" name=\"wpforms[id]\" value=\"303\"><input type=\"hidden\" name=\"page_title\" value=\"\"><input type=\"hidden\" name=\"page_url\" value=\"https:\/\/ingenieria.uner.edu.ar\/nucleos\/cirins\/rehabilitacion\/index.php\/wp-json\/wp\/v2\/pages\/19\"><button type=\"submit\" name=\"wpforms[submit]\" id=\"wpforms-submit-303\" class=\"wpforms-submit\" data-alt-text=\"Enviando...\" data-submit-text=\"Enviar\" aria-live=\"assertive\" value=\"wpforms-submit\">Enviar<\/button><img decoding=\"async\" src=\"https:\/\/ingenieria.uner.edu.ar\/nucleos\/cirins\/rehabilitacion\/wp-content\/plugins\/wpforms-lite\/assets\/images\/submit-spin.svg\" class=\"wpforms-submit-spinner\" style=\"display: none;\" width=\"26\" height=\"26\" alt=\"Loading\"><\/div><\/form><\/div>  <!-- .wpforms-container -->\t\t\t\t<\/div>\n\t\t\t\t<\/div>\n\t\t\t\t<\/div>\n\t\t\t\t\t<\/div>\n\t\t\t\t<\/div>\n\t\t<div class=\"elementor-element elementor-element-0e1e550 e-flex e-con-boxed e-con e-parent\" data-id=\"0e1e550\" data-element_type=\"container\">\n\t\t\t\t\t<div class=\"e-con-inner\">\n\t\t\t\t<div class=\"elementor-element elementor-element-1541846 elementor-widget elementor-widget-shortcode\" data-id=\"1541846\" data-element_type=\"widget\" data-widget_type=\"shortcode.default\">\n\t\t\t\t<div class=\"elementor-widget-container\">\n\t\t\t\t\t\t\t<div class=\"elementor-shortcode\">\t\n\t\t<div id=\"gs_logo_area_1\" class=\"gs_logo_area gs_logo_area_1 slider1\" style=\"opacity: 0; visibility: hidden;\">\n\t\t\t<div class=\"gs_logo_area--inner\">\n\t\n\t\t\t\t\n<div class=\"gs_logo_container gs_carousel_swiper gs_logo_fix_height_and_center\" data-carousel-config='{\"direction\":\"horizontal\",\"speed\":500,\"isAutoplay\":true,\"autoplayDelay\":2000,\"loop\":true,\"pauseOnHover\":true,\"ticker\":false,\"navs\":false,\"navs_pos\":\"bottom\",\"dots\":false,\"dynamic_dots\":true,\"slideSpace\":10,\"slidesPerGroup\":1,\"desktopLogos\":4,\"tabletLogos\":3,\"mobileLogos\":2,\"reverseDirection\":false}'>\n\n\t\n\t\t\n\t\t\t<div class=\"gs_logo_single--wrapper\">\n\t\t\t\t<div class=\"gs_logo_single\">\n\n\t\t\t\t\t<!-- Logo Img -->\n\t\t\t\t\t<a href=\"https:\/\/www.argentina.gob.ar\/ciencia\" target=\"_blank\" rel=\"noopener\"><img decoding=\"async\" width=\"300\" height=\"120\" src=\"https:\/\/ingenieria.uner.edu.ar\/nucleos\/cirins\/rehabilitacion\/wp-content\/uploads\/2024\/07\/logos-ministerio-300x120.png\" class=\"default  gs-logo--img wp-post-image\" alt=\"\" title=\"Ministerio\" srcset=\"https:\/\/ingenieria.uner.edu.ar\/nucleos\/cirins\/rehabilitacion\/wp-content\/uploads\/2024\/07\/logos-ministerio-300x120.png 300w, https:\/\/ingenieria.uner.edu.ar\/nucleos\/cirins\/rehabilitacion\/wp-content\/uploads\/2024\/07\/logos-ministerio.png 313w\" sizes=\"(max-width: 300px) 100vw, 300px\" \/><\/a>\n\t\t\t\t\t<!-- Logo Title -->\n\t\t\t\t\t\t\t\t\t\t\n\t\t\t\t\t<!-- Logo Category -->\n\t\t\t\t\t\t\t\t\t\t\n\t\t\t\t<\/div>\n\t\t\t<\/div>\n\n\t\t\n\t\t\t<div class=\"gs_logo_single--wrapper\">\n\t\t\t\t<div class=\"gs_logo_single\">\n\n\t\t\t\t\t<!-- Logo Img -->\n\t\t\t\t\t<a href=\"https:\/\/portal.entrerios.gov.ar\/desarrolloeconomico\/cienciaytecnologia\/inicio\" target=\"_blank\" rel=\"noopener\"><img decoding=\"async\" width=\"300\" height=\"120\" src=\"https:\/\/ingenieria.uner.edu.ar\/nucleos\/cirins\/rehabilitacion\/wp-content\/uploads\/2024\/07\/logos-seccyt-1-300x120.png\" class=\"default  gs-logo--img wp-post-image\" alt=\"\" title=\"Sec. CyT Entre Rios\" srcset=\"https:\/\/ingenieria.uner.edu.ar\/nucleos\/cirins\/rehabilitacion\/wp-content\/uploads\/2024\/07\/logos-seccyt-1-300x120.png 300w, https:\/\/ingenieria.uner.edu.ar\/nucleos\/cirins\/rehabilitacion\/wp-content\/uploads\/2024\/07\/logos-seccyt-1.png 313w\" sizes=\"(max-width: 300px) 100vw, 300px\" \/><\/a>\n\t\t\t\t\t<!-- Logo Title -->\n\t\t\t\t\t\t\t\t\t\t\n\t\t\t\t\t<!-- Logo Category -->\n\t\t\t\t\t\t\t\t\t\t\n\t\t\t\t<\/div>\n\t\t\t<\/div>\n\n\t\t\n\t\t\t<div class=\"gs_logo_single--wrapper\">\n\t\t\t\t<div class=\"gs_logo_single\">\n\n\t\t\t\t\t<!-- Logo Img -->\n\t\t\t\t\t<a href=\"https:\/\/www.argentina.gob.ar\/ciencia\/agencia\" target=\"_blank\" rel=\"noopener\"><img loading=\"lazy\" decoding=\"async\" width=\"300\" height=\"120\" src=\"https:\/\/ingenieria.uner.edu.ar\/nucleos\/cirins\/rehabilitacion\/wp-content\/uploads\/2024\/07\/logos-agencia-300x120.png\" class=\"default  gs-logo--img wp-post-image\" alt=\"\" title=\"Agencia I+D+i\" srcset=\"https:\/\/ingenieria.uner.edu.ar\/nucleos\/cirins\/rehabilitacion\/wp-content\/uploads\/2024\/07\/logos-agencia-300x120.png 300w, https:\/\/ingenieria.uner.edu.ar\/nucleos\/cirins\/rehabilitacion\/wp-content\/uploads\/2024\/07\/logos-agencia.png 313w\" sizes=\"(max-width: 300px) 100vw, 300px\" \/><\/a>\n\t\t\t\t\t<!-- Logo Title -->\n\t\t\t\t\t\t\t\t\t\t\n\t\t\t\t\t<!-- Logo Category -->\n\t\t\t\t\t\t\t\t\t\t\n\t\t\t\t<\/div>\n\t\t\t<\/div>\n\n\t\t\n\t\t\t<div class=\"gs_logo_single--wrapper\">\n\t\t\t\t<div class=\"gs_logo_single\">\n\n\t\t\t\t\t<!-- Logo Img -->\n\t\t\t\t\t<a href=\"https:\/\/www.conicet.gov.ar\/\" target=\"_blank\" rel=\"noopener\"><img loading=\"lazy\" decoding=\"async\" width=\"300\" height=\"120\" src=\"https:\/\/ingenieria.uner.edu.ar\/nucleos\/cirins\/rehabilitacion\/wp-content\/uploads\/2024\/07\/logos-conicet-300x120.png\" class=\"default  gs-logo--img wp-post-image\" alt=\"\" title=\"Conicet\" srcset=\"https:\/\/ingenieria.uner.edu.ar\/nucleos\/cirins\/rehabilitacion\/wp-content\/uploads\/2024\/07\/logos-conicet-300x120.png 300w, https:\/\/ingenieria.uner.edu.ar\/nucleos\/cirins\/rehabilitacion\/wp-content\/uploads\/2024\/07\/logos-conicet.png 313w\" sizes=\"(max-width: 300px) 100vw, 300px\" \/><\/a>\n\t\t\t\t\t<!-- Logo Title -->\n\t\t\t\t\t\t\t\t\t\t\n\t\t\t\t\t<!-- Logo Category -->\n\t\t\t\t\t\t\t\t\t\t\n\t\t\t\t<\/div>\n\t\t\t<\/div>\n\n\t\t\t\t\n\t\n<\/div>\t\t\t<\/div>\n\t\t<\/div>\n\t\n\t\t<style>#gs_logo_area_1:not(.verticaltickerdown):not(.verticalticker) .gs_logo_container{margin-left:-5px}#gs_logo_area_1:not(.verticaltickerdown):not(.verticalticker) .gs_logo_container{margin-right:-5px}#gs_logo_area_1:not(.verticaltickerdown):not(.verticalticker) .gs_logo_single--wrapper{padding:5px}#gs_logo_area_1 ul.gs-logo-filter-cats{text-align:center!important}#gs_logo_area_1 .gs_logo_single--wrapper{width:25%}@media (max-width:1023px){#gs_logo_area_1 .gs_logo_single--wrapper{width:33.333333333333%}}@media (max-width:767px){#gs_logo_area_1 .gs_logo_single--wrapper{width:50%}}<\/style><\/div>\n\t\t\t\t\t\t<\/div>\n\t\t\t\t<\/div>\n\t\t\t\t\t<\/div>\n\t\t\t\t<\/div>\n\t\t\t\t<\/div>\n\t\t","protected":false},"excerpt":{"rendered":"<p>Grupo de Ingenier\u00eda en Rehabilitaci\u00f3n (GIR &#8211; CIRINS) El Grupo de Ingenier\u00eda en Rehabilitaci\u00f3n (GIR) aplica los principios de la ciencia y de la ingenier\u00eda para desarrollar soluciones y dispositivos tecnol\u00f3gicos que asistan a las personas en situaci\u00f3n de discapacidad en sus actividades de la vida diaria y\/o que ayuden en la recuperaci\u00f3n de sus [&hellip;]<\/p>\n","protected":false},"author":4,"featured_media":0,"parent":0,"menu_order":0,"comment_status":"closed","ping_status":"closed","template":"","meta":{"_acf_changed":false,"_eb_attr":"","site-sidebar-layout":"no-sidebar","site-content-layout":"page-builder","ast-site-content-layout":"full-width-container","site-content-style":"default","site-sidebar-style":"default","ast-global-header-display":"","ast-banner-title-visibility":"","ast-main-header-display":"","ast-hfb-above-header-display":"","ast-hfb-below-header-display":"","ast-hfb-mobile-header-display":"","site-post-title":"disabled","ast-breadcrumbs-content":"","ast-featured-img":"disabled","footer-sml-layout":"","theme-transparent-header-meta":"","adv-header-id-meta":"","stick-header-meta":"","header-above-stick-meta":"","header-main-stick-meta":"","header-below-stick-meta":"","astra-migrate-meta-layouts":"set","ast-page-background-enabled":"default","ast-page-background-meta":{"desktop":{"background-color":"var(--ast-global-color-4)","background-image":"","background-repeat":"repeat","background-position":"center center","background-size":"auto","background-attachment":"scroll","background-type":"","background-media":"","overlay-type":"","overlay-color":"","overlay-gradient":""},"tablet":{"background-color":"","background-image":"","background-repeat":"repeat","background-position":"center center","background-size":"auto","background-attachment":"scroll","background-type":"","background-media":"","overlay-type":"","overlay-color":"","overlay-gradient":""},"mobile":{"background-color":"","background-image":"","background-repeat":"repeat","background-position":"center center","background-size":"auto","background-attachment":"scroll","background-type":"","background-media":"","overlay-type":"","overlay-color":"","overlay-gradient":""}},"ast-content-background-meta":{"desktop":{"background-color":"var(--ast-global-color-5)","background-image":"","background-repeat":"repeat","background-position":"center center","background-size":"auto","background-attachment":"scroll","background-type":"","background-media":"","overlay-type":"","overlay-color":"","overlay-gradient":""},"tablet":{"background-color":"var(--ast-global-color-5)","background-image":"","background-repeat":"repeat","background-position":"center center","background-size":"auto","background-attachment":"scroll","background-type":"","background-media":"","overlay-type":"","overlay-color":"","overlay-gradient":""},"mobile":{"background-color":"var(--ast-global-color-5)","background-image":"","background-repeat":"repeat","background-position":"center center","background-size":"auto","background-attachment":"scroll","background-type":"","background-media":"","overlay-type":"","overlay-color":"","overlay-gradient":""}},"footnotes":""},"class_list":["post-19","page","type-page","status-publish","hentry"],"acf":[],"mfb_rest_fields":["gutenberg_elementor_mode"],"_links":{"self":[{"href":"https:\/\/ingenieria.uner.edu.ar\/nucleos\/cirins\/rehabilitacion\/index.php\/wp-json\/wp\/v2\/pages\/19","targetHints":{"allow":["GET"]}}],"collection":[{"href":"https:\/\/ingenieria.uner.edu.ar\/nucleos\/cirins\/rehabilitacion\/index.php\/wp-json\/wp\/v2\/pages"}],"about":[{"href":"https:\/\/ingenieria.uner.edu.ar\/nucleos\/cirins\/rehabilitacion\/index.php\/wp-json\/wp\/v2\/types\/page"}],"author":[{"embeddable":true,"href":"https:\/\/ingenieria.uner.edu.ar\/nucleos\/cirins\/rehabilitacion\/index.php\/wp-json\/wp\/v2\/users\/4"}],"replies":[{"embeddable":true,"href":"https:\/\/ingenieria.uner.edu.ar\/nucleos\/cirins\/rehabilitacion\/index.php\/wp-json\/wp\/v2\/comments?post=19"}],"version-history":[{"count":47,"href":"https:\/\/ingenieria.uner.edu.ar\/nucleos\/cirins\/rehabilitacion\/index.php\/wp-json\/wp\/v2\/pages\/19\/revisions"}],"predecessor-version":[{"id":495,"href":"https:\/\/ingenieria.uner.edu.ar\/nucleos\/cirins\/rehabilitacion\/index.php\/wp-json\/wp\/v2\/pages\/19\/revisions\/495"}],"wp:attachment":[{"href":"https:\/\/ingenieria.uner.edu.ar\/nucleos\/cirins\/rehabilitacion\/index.php\/wp-json\/wp\/v2\/media?parent=19"}],"curies":[{"name":"wp","href":"https:\/\/api.w.org\/{rel}","templated":true}]}}