{"id":239,"date":"2023-11-07T18:59:32","date_gmt":"2023-11-07T21:59:32","guid":{"rendered":"https:\/\/ingenieria.uner.edu.ar\/nucleos\/cirins\/rehabilitacion\/?page_id=239"},"modified":"2025-02-24T11:38:58","modified_gmt":"2025-02-24T14:38:58","slug":"servicios","status":"publish","type":"page","link":"https:\/\/ingenieria.uner.edu.ar\/nucleos\/cirins\/rehabilitacion\/index.php\/servicios\/","title":{"rendered":"Servicios"},"content":{"rendered":"\t\t<div data-elementor-type=\"wp-page\" data-elementor-id=\"239\" class=\"elementor elementor-239\">\n\t\t\t\t<div class=\"elementor-element elementor-element-625569e e-flex e-con-boxed e-con e-parent\" data-id=\"625569e\" data-element_type=\"container\" data-settings=\"{&quot;background_background&quot;:&quot;classic&quot;}\">\n\t\t\t\t\t<div class=\"e-con-inner\">\n\t\t<div class=\"elementor-element elementor-element-b947f06 e-con-full e-flex e-con e-child\" data-id=\"b947f06\" data-element_type=\"container\" data-settings=\"{&quot;background_background&quot;:&quot;classic&quot;}\">\n\t\t\t\t<div class=\"elementor-element elementor-element-cadcda2 elementor-widget elementor-widget-heading\" data-id=\"cadcda2\" data-element_type=\"widget\" data-widget_type=\"heading.default\">\n\t\t\t\t<div class=\"elementor-widget-container\">\n\t\t\t\t\t<h2 class=\"elementor-heading-title elementor-size-default\">Servicios<\/h2>\t\t\t\t<\/div>\n\t\t\t\t<\/div>\n\t\t\t\t<\/div>\n\t\t\t\t\t<\/div>\n\t\t\t\t<\/div>\n\t\t<div class=\"elementor-element elementor-element-2c16cd0 e-flex e-con-boxed e-con e-parent\" data-id=\"2c16cd0\" data-element_type=\"container\">\n\t\t\t\t\t<div class=\"e-con-inner\">\n\t\t<div class=\"elementor-element elementor-element-c683399 e-con-full e-flex e-con e-child\" data-id=\"c683399\" data-element_type=\"container\">\n\t\t\t\t<div class=\"elementor-element elementor-element-4508015 elementor-widget elementor-widget-text-editor\" data-id=\"4508015\" data-element_type=\"widget\" data-widget_type=\"text-editor.default\">\n\t\t\t\t<div class=\"elementor-widget-container\">\n\t\t\t\t\t\t\t\t\t<p>El GIR ofrece una amplia gama de servicios dirigidos a instituciones educativas, entidades gubernamentales y empresas, abarcando los siguientes aspectos:<\/p><ul><li>Dise\u00f1o, desarrollo y evaluaci\u00f3n de tecnolog\u00eda para recuperaci\u00f3n y asistencia de funciones de personas con discapacidad.<\/li><li>Dise\u00f1o y desarrollo de tecnolog\u00eda para evaluaci\u00f3n y seguimiento de terapias de rehabilitaci\u00f3n.&nbsp;<\/li>\n<li>Asesoramiento cient\u00edfico para la elaboraci\u00f3n de protocolos para ensayos y estudios cl\u00ednicos de tecnolog\u00eda para rehabilitaci\u00f3n<\/li>\n<li>Asesoramiento para la redacci\u00f3n de art\u00edculos y documentos cient\u00edficos.<\/li>\n<li>Cursos de capacitaci\u00f3n sobre: tecnolog\u00edas para asistencia y recuperaci\u00f3n de funciones basadas en estimulaci\u00f3n el\u00e9ctrica, interfaces cerebro-computadoras, inteligencia artificial aplicada, registro y procesamiento digital de se\u00f1ales electrofisiol\u00f3gicas, tecnolog\u00edas para asistencia a las funciones motoras y cognitivas.<\/li>\n<li>Evaluaci\u00f3n y elaboraci\u00f3n de proyectos de investigaci\u00f3n y desarrollo.<\/li>\n<li>Asesoramiento, direcci\u00f3n y tutor\u00edas de tesis de grado, posgrado y proyectos finales. Direcci\u00f3n de pasantes.<\/li>\n<\/ul>\t\t\t\t\t\t\t\t<\/div>\n\t\t\t\t<\/div>\n\t\t\t\t<\/div>\n\t\t\t\t\t<\/div>\n\t\t\t\t<\/div>\n\t\t\t\t<\/div>\n\t\t","protected":false},"excerpt":{"rendered":"<p>Servicios El GIR ofrece una amplia gama de servicios dirigidos a instituciones educativas, entidades gubernamentales y empresas, abarcando los siguientes aspectos: Dise\u00f1o, desarrollo y evaluaci\u00f3n de tecnolog\u00eda para recuperaci\u00f3n y asistencia de funciones de personas con discapacidad. Dise\u00f1o y desarrollo de tecnolog\u00eda para evaluaci\u00f3n y seguimiento de terapias de rehabilitaci\u00f3n.&nbsp; Asesoramiento cient\u00edfico para la elaboraci\u00f3n [&hellip;]<\/p>\n","protected":false},"author":4,"featured_media":0,"parent":0,"menu_order":0,"comment_status":"closed","ping_status":"closed","template":"","meta":{"_acf_changed":false,"_eb_attr":"","site-sidebar-layout":"no-sidebar","site-content-layout":"page-builder","ast-site-content-layout":"full-width-container","site-content-style":"default","site-sidebar-style":"default","ast-global-header-display":"","ast-banner-title-visibility":"","ast-main-header-display":"","ast-hfb-above-header-display":"","ast-hfb-below-header-display":"","ast-hfb-mobile-header-display":"","site-post-title":"disabled","ast-breadcrumbs-content":"","ast-featured-img":"disabled","footer-sml-layout":"","theme-transparent-header-meta":"","adv-header-id-meta":"","stick-header-meta":"","header-above-stick-meta":"","header-main-stick-meta":"","header-below-stick-meta":"","astra-migrate-meta-layouts":"set","ast-page-background-enabled":"default","ast-page-background-meta":{"desktop":{"background-color":"var(--ast-global-color-4)","background-image":"","background-repeat":"repeat","background-position":"center center","background-size":"auto","background-attachment":"scroll","background-type":"","background-media":"","overlay-type":"","overlay-color":"","overlay-gradient":""},"tablet":{"background-color":"","background-image":"","background-repeat":"repeat","background-position":"center center","background-size":"auto","background-attachment":"scroll","background-type":"","background-media":"","overlay-type":"","overlay-color":"","overlay-gradient":""},"mobile":{"background-color":"","background-image":"","background-repeat":"repeat","background-position":"center center","background-size":"auto","background-attachment":"scroll","background-type":"","background-media":"","overlay-type":"","overlay-color":"","overlay-gradient":""}},"ast-content-background-meta":{"desktop":{"background-color":"var(--ast-global-color-5)","background-image":"","background-repeat":"repeat","background-position":"center center","background-size":"auto","background-attachment":"scroll","background-type":"","background-media":"","overlay-type":"","overlay-color":"","overlay-gradient":""},"tablet":{"background-color":"var(--ast-global-color-5)","background-image":"","background-repeat":"repeat","background-position":"center center","background-size":"auto","background-attachment":"scroll","background-type":"","background-media":"","overlay-type":"","overlay-color":"","overlay-gradient":""},"mobile":{"background-color":"var(--ast-global-color-5)","background-image":"","background-repeat":"repeat","background-position":"center center","background-size":"auto","background-attachment":"scroll","background-type":"","background-media":"","overlay-type":"","overlay-color":"","overlay-gradient":""}},"footnotes":""},"class_list":["post-239","page","type-page","status-publish","hentry"],"acf":[],"mfb_rest_fields":["gutenberg_elementor_mode"],"_links":{"self":[{"href":"https:\/\/ingenieria.uner.edu.ar\/nucleos\/cirins\/rehabilitacion\/index.php\/wp-json\/wp\/v2\/pages\/239","targetHints":{"allow":["GET"]}}],"collection":[{"href":"https:\/\/ingenieria.uner.edu.ar\/nucleos\/cirins\/rehabilitacion\/index.php\/wp-json\/wp\/v2\/pages"}],"about":[{"href":"https:\/\/ingenieria.uner.edu.ar\/nucleos\/cirins\/rehabilitacion\/index.php\/wp-json\/wp\/v2\/types\/page"}],"author":[{"embeddable":true,"href":"https:\/\/ingenieria.uner.edu.ar\/nucleos\/cirins\/rehabilitacion\/index.php\/wp-json\/wp\/v2\/users\/4"}],"replies":[{"embeddable":true,"href":"https:\/\/ingenieria.uner.edu.ar\/nucleos\/cirins\/rehabilitacion\/index.php\/wp-json\/wp\/v2\/comments?post=239"}],"version-history":[{"count":63,"href":"https:\/\/ingenieria.uner.edu.ar\/nucleos\/cirins\/rehabilitacion\/index.php\/wp-json\/wp\/v2\/pages\/239\/revisions"}],"predecessor-version":[{"id":1011,"href":"https:\/\/ingenieria.uner.edu.ar\/nucleos\/cirins\/rehabilitacion\/index.php\/wp-json\/wp\/v2\/pages\/239\/revisions\/1011"}],"wp:attachment":[{"href":"https:\/\/ingenieria.uner.edu.ar\/nucleos\/cirins\/rehabilitacion\/index.php\/wp-json\/wp\/v2\/media?parent=239"}],"curies":[{"name":"wp","href":"https:\/\/api.w.org\/{rel}","templated":true}]}}