{"id":451,"date":"2024-12-10T10:31:04","date_gmt":"2024-12-10T13:31:04","guid":{"rendered":"https:\/\/ingenieria.uner.edu.ar\/nucleos\/cirins\/rehabilitacion\/?page_id=451"},"modified":"2025-02-26T09:01:04","modified_gmt":"2025-02-26T12:01:04","slug":"formacion-de-rrhh","status":"publish","type":"page","link":"https:\/\/ingenieria.uner.edu.ar\/nucleos\/cirins\/rehabilitacion\/index.php\/formacion-de-rrhh\/","title":{"rendered":"Formaci\u00f3n de RRHH"},"content":{"rendered":"\t\t<div data-elementor-type=\"wp-page\" data-elementor-id=\"451\" class=\"elementor elementor-451\">\n\t\t\t\t<div class=\"elementor-element elementor-element-4fd54eb1 e-flex e-con-boxed e-con e-parent\" data-id=\"4fd54eb1\" data-element_type=\"container\" data-settings=\"{&quot;background_background&quot;:&quot;classic&quot;}\">\n\t\t\t\t\t<div class=\"e-con-inner\">\n\t\t<div class=\"elementor-element elementor-element-1e876211 e-con-full e-flex e-con e-child\" data-id=\"1e876211\" data-element_type=\"container\" data-settings=\"{&quot;background_background&quot;:&quot;classic&quot;}\">\n\t\t\t\t<div class=\"elementor-element elementor-element-6572fa1b elementor-widget elementor-widget-heading\" data-id=\"6572fa1b\" data-element_type=\"widget\" data-widget_type=\"heading.default\">\n\t\t\t\t<div class=\"elementor-widget-container\">\n\t\t\t\t\t<h2 class=\"elementor-heading-title elementor-size-default\">FORMACI\u00d3N RRHH<\/h2>\t\t\t\t<\/div>\n\t\t\t\t<\/div>\n\t\t\t\t<\/div>\n\t\t\t\t\t<\/div>\n\t\t\t\t<\/div>\n\t\t<div class=\"elementor-element elementor-element-3da7b1f3 e-flex e-con-boxed e-con e-parent\" data-id=\"3da7b1f3\" data-element_type=\"container\" data-settings=\"{&quot;background_background&quot;:&quot;classic&quot;}\">\n\t\t\t\t\t<div class=\"e-con-inner\">\n\t\t\t\t<div class=\"elementor-element elementor-element-406c0cad elementor-widget elementor-widget-eael-adv-accordion\" data-id=\"406c0cad\" data-element_type=\"widget\" data-widget_type=\"eael-adv-accordion.default\">\n\t\t\t\t<div class=\"elementor-widget-container\">\n\t\t\t\t\t        <div class=\"eael-adv-accordion\" id=\"eael-adv-accordion-406c0cad\" data-scroll-on-click=\"\" data-scroll-speed=\"300\" data-accordion-id=\"406c0cad\" data-accordion-type=\"accordion\" data-toogle-speed=\"300\">\n    <div class=\"eael-accordion-list\">\n                <div id=\"tesis-de-doctorado\" class=\"elementor-tab-title eael-accordion-header\" tabindex=\"0\" data-tab=\"1\" aria-controls=\"elementor-tab-content-1081\"><span class=\"eael-accordion-tab-title\">Tesis de Doctorado<\/span><svg aria-hidden=\"true\" class=\"fa-toggle e-font-icon-svg e-fas-angle-right\" viewBox=\"0 0 256 512\" xmlns=\"http:\/\/www.w3.org\/2000\/svg\"><path d=\"M224.3 273l-136 136c-9.4 9.4-24.6 9.4-33.9 0l-22.6-22.6c-9.4-9.4-9.4-24.6 0-33.9l96.4-96.4-96.4-96.4c-9.4-9.4-9.4-24.6 0-33.9L54.3 103c9.4-9.4 24.6-9.4 33.9 0l136 136c9.5 9.4 9.5 24.6.1 34z\"><\/path><\/svg><\/div><div id=\"elementor-tab-content-1081\" class=\"eael-accordion-content clearfix\" data-tab=\"1\" aria-labelledby=\"tesis-de-doctorado\"><ul><li><em><strong><span data-sheets-root=\"1\">Tecnolog\u00eda para rehabilitaci\u00f3n cognitiva basada en interfaces cerebro-computadora: traslaci\u00f3n hacia la cl\u00ednica.\u00a0<\/span><\/strong><\/em><em>Tesista: A. <\/em>Barbagelata.\u00a0<em>Directora:\u00a0<\/em>Carolina Carrere.\u00a0<em>Co-Directora:\u00a0<\/em>Carolina Tabernig.<\/li><li><em><strong><span data-sheets-root=\"1\">Tecnolog\u00eda para entrenamiento de la atenci\u00f3n basada en la modulaci\u00f3n de ritmos corticales: usabilidad y efectos de uso en el contexto terap\u00e9utico.<\/span><\/strong><\/em>\u00a0<em>Tesista:\u00a0<\/em>B. Masset.\u00a0<em>Directora:<\/em> Carolina Carrere.<\/li><li><em><strong><span data-sheets-root=\"1\">Estrategias de modulaci\u00f3n atencional basadas en neurofeedback como herramienta para el manejo del dolor en pacientes con fibromialgia. <\/span><\/strong><\/em><em>Tesista: <\/em>B. Aguilar.\u00a0<em>Director:\u00a0<\/em>Jos\u00e9 Biurrum.\u00a0<em>Co-Director:<\/em> Carolina Tabernig.<\/li><li><em><strong><span data-sheets-root=\"1\">Diccionarios profundos para la extracci\u00f3n de caracter\u00edsticas en contexto de datos escasos para se\u00f1ales electroencefalogr\u00e1ficas de interfaces cerebro computadora. <\/span><\/strong><span data-sheets-root=\"1\">Tesista:\u00a0<\/span><\/em><span data-sheets-root=\"1\">A. Quiroga.\u00a0<em>Director:\u00a0<\/em> Rub\u00e9n Acevedo.\u00a0<em>Co-Director:<\/em> Leonardo Rufiner.<\/span><\/li><li><span data-sheets-root=\"1\"><strong><em>Tecnolog\u00eda basada en BCI para neurorehabilitaci\u00f3n de pacientes con esclerosis m\u00faltiple<\/em>.<\/strong> <em>Tesista:<\/em> Carolina Carrere. <em>Directora:<\/em> Carolina Tabernig. <em>Finalizado en 2022<\/em>.<\/span><\/li><li><strong><em>Tecnolog\u00eda para la rehabilitaci\u00f3n motora basada en la planeaci\u00f3n y ejecuci\u00f3n de movimientos<\/em>.<\/strong> <em>Tesista:<\/em> <span data-sheets-root=\"1\">Carolina Tabernig. <em>Directora: <\/em>Erika Spaich. <em>Codirector: <\/em>Gabriel Gentiletti. <em>Finalizado en 2018.<\/em><\/span><\/li><li><em><strong>Representacio\u0301n O\u0301ptima de Potenciales Evocados Relacionados a Eventos para la Implementacio\u0301n en Interfaces Cerebro Computadoras.<\/strong><\/em>\u00a0<em>Tesista:<\/em> Rub\u00e9n Acevedo.\u00a0<em>Director:\u00a0<\/em>Leonardo Rufiner. <em>Finalizado en 2017.<\/em><\/li><\/ul><\/div>\n                <\/div><div class=\"eael-accordion-list\">\n                <div id=\"tesis-de-maestra\" class=\"elementor-tab-title eael-accordion-header\" tabindex=\"0\" data-tab=\"2\" aria-controls=\"elementor-tab-content-1082\"><span class=\"eael-accordion-tab-title\">Tesis de Maestr\u00eda<\/span><svg aria-hidden=\"true\" class=\"fa-toggle e-font-icon-svg e-fas-angle-right\" viewBox=\"0 0 256 512\" xmlns=\"http:\/\/www.w3.org\/2000\/svg\"><path d=\"M224.3 273l-136 136c-9.4 9.4-24.6 9.4-33.9 0l-22.6-22.6c-9.4-9.4-9.4-24.6 0-33.9l96.4-96.4-96.4-96.4c-9.4-9.4-9.4-24.6 0-33.9L54.3 103c9.4-9.4 24.6-9.4 33.9 0l136 136c9.5 9.4 9.5 24.6.1 34z\"><\/path><\/svg><\/div><div id=\"elementor-tab-content-1082\" class=\"eael-accordion-content clearfix\" data-tab=\"2\" aria-labelledby=\"tesis-de-maestra\"><ul><li><strong><span data-sheets-root=\"1\"><em>Evaluaci\u00f3n de usabilidad de una interfaz cerebro- computadora hibrida para rehabilitaci\u00f3n cognitiva del trastorno de d\u00e9ficit de atenci\u00f3n<\/em>. <\/span><\/strong><em>Tesista:<\/em><span data-sheets-root=\"1\"> B. Masset<\/span><span data-sheets-root=\"1\">. <em>Directora: <\/em>Carolina Carrere. <em>Co-Directora:<\/em> Carolina Tabernig. <em>Finalizado en 2024.<\/em>\u00a0<\/span><\/li><li><strong><em>Evaluaci\u00f3n de la descomposici\u00f3n modal emp\u00edrica como m\u00e9todo para la extracci\u00f3n de caracter\u00edsticas en interfaces cerebro computadoras<\/em>. <\/strong><em>Tesista:<\/em> R. Sanchez Amador. <em>Director:<\/em> Rub\u00e9n Acevedo.\u00a0<em>Finalizado en 2023.<\/em><\/li><li><strong><em>Herramienta basada en aprendizaje maquinal para la detecci\u00f3n de fallas en m\u00e1quina de hemodi\u00e1lisis<\/em>. <\/strong><em>Tesista:<\/em> G. Rojas. <em>Director: <\/em>Rub\u00e9n Acevedo. <em>Finalizado en 2022.<\/em><\/li><li><strong><em>Dise\u00f1o e implementaci\u00f3n de un prototipo deletreador controlado a trav\u00e9s de la se\u00f1al de parpadeo obtenida en un canal frontal de EEG<\/em>. <\/strong><em>Tesista:<\/em>\u00a0A. Qui\u00f1os Qui\u00f1ones. <em>Director:<\/em> Rub\u00e9n Acevedo.\u00a0<em>Finalizado en 2022.\u00a0<\/em><\/li><li><strong><em>Amplificador de impulsos para terapia de estimulaci\u00f3n el\u00e9ctrica basada en la evocaci\u00f3n del reflejo nociceptivo de retirada<\/em>. <\/strong><em>Tesista:<\/em>A. Alvarez. <em>Directora: <\/em>Carolina Tabernig.\u00a0<em>Finalizado en 2021.<\/em><\/li><li><strong><em>Variabilidad de la frecuencia card\u00edaca an\u00e1lisis de par\u00e1metros del gr\u00e1fico de Poincar\u00e9 en estudios de series RR ultra cortas<\/em>. <\/strong><em>Tesista: <\/em>J. Gallardo. <em>Director: <\/em>Marcelo Risk.\u00a0<em>Co-Director: <\/em>Rub\u00e9n Acevedo. <em>Finalizado en 2021.<\/em><\/li><\/ul><\/div>\n                <\/div><div class=\"eael-accordion-list\">\n                <div id=\"proyecto-final-de-grado\" class=\"elementor-tab-title eael-accordion-header\" tabindex=\"0\" data-tab=\"3\" aria-controls=\"elementor-tab-content-1083\"><span class=\"eael-accordion-tab-title\">Proyecto Final de Grado<\/span><svg aria-hidden=\"true\" class=\"fa-toggle e-font-icon-svg e-fas-angle-right\" viewBox=\"0 0 256 512\" xmlns=\"http:\/\/www.w3.org\/2000\/svg\"><path d=\"M224.3 273l-136 136c-9.4 9.4-24.6 9.4-33.9 0l-22.6-22.6c-9.4-9.4-9.4-24.6 0-33.9l96.4-96.4-96.4-96.4c-9.4-9.4-9.4-24.6 0-33.9L54.3 103c9.4-9.4 24.6-9.4 33.9 0l136 136c9.5 9.4 9.5 24.6.1 34z\"><\/path><\/svg><\/div><div id=\"elementor-tab-content-1083\" class=\"eael-accordion-content clearfix\" data-tab=\"3\" aria-labelledby=\"proyecto-final-de-grado\"><ul><li><em><strong><span data-sheets-root=\"1\">Sistema para entrenamiento cognitivo basado en una BCI por P300: estudio de usabilidad, y de factibilidad de obtener indicadores de cambios cognitivos a partir de sus registros.<\/span><\/strong><\/em><span data-sheets-root=\"1\">\u00a0<em>Tesistas: <\/em>P. Molina, A. Acosta.\u00a0<em>Directora:\u00a0<\/em>Carolina Tabernig.<\/span><\/li><li><em><strong><span data-sheets-root=\"1\">Evaluaci\u00f3n de caracter\u00edsticas de la actividad cortical que permitan la detecci\u00f3n del inicio espont\u00e1neo del pedaleo.<\/span><\/strong> Tesistas:<\/em> E. Arlettaz, F. Mu\u00f1oz.\u00a0<em>Directora:<\/em> Carolina Carrere.<\/li><li><em><strong><span data-sheets-root=\"1\">Biomarcadores de EEG para la evaluaci\u00f3n de una rehabilitaci\u00f3n basada en BCI aplicada en ACV<\/span><\/strong><\/em><strong>.<\/strong><em> Tesista<\/em><strong>:<\/strong> F. Ortega. <em>Directora:<\/em> Carolina Carrere. <em>Finalizado en 2024.<\/em><\/li><li><strong><em>Desarrollo de un sistema integral de presentaci\u00f3n de est\u00edmulos musicales y detecci\u00f3n del potencial N400<\/em>. <\/strong><em>Tesistas: <\/em>L. Sena, S. Fiotto.\u00a0<em>Directora:<\/em> Carolina Tabernig.\u00a0<em>Finalizado en 2023.<\/em><\/li><li><strong><em>Comparaci\u00f3n de m\u00e9todos para la determinaci\u00f3n de la latencia de inicio de la desincronizaci\u00f3n relacionada evento<\/em>. Tesista:\u00a0<\/strong>J. Furios.\u00a0<em>Directora: <\/em>Carolina Carrere. <em>Finalizado en 2023.<\/em><\/li><li><strong><em>Comparaci\u00f3n de m\u00e9todos de estimaci\u00f3n espectral y distintos clasificadores para detectar la intenci\u00f3n de movimientos en una BCI basada en EEG<\/em>. <\/strong><em>Tesista: <\/em>M. Pilsz.\u00a0<em>Director: <\/em>Rub\u00e9n Acevedo. <em>Finalizado en 2022.\u00a0<\/em><\/li><li><strong><em>Evaluaci\u00f3n del desempe\u00f1o de filtros espaciales en una interfaz cerebro computadora orientada a una aplicaci\u00f3n cl\u00ednica<\/em>. <\/strong><em>Tesista: <\/em><span data-sheets-root=\"1\">J. Gonz\u00e1lez Schiavoni.\u00a0<\/span><em>Director: <\/em>Rub\u00e9n Acevedo.\u00a0<em>Finalizado en 2022.<\/em><\/li><li><strong><em>Analizador y Registrador de Redes El\u00e9ctricas<\/em>. <\/strong><em>Tesista:<\/em><span data-sheets-root=\"1\"> G. Hachmann<\/span><strong>. <\/strong><em>Director: <\/em>Emanuel Bernardi.\u00a0<em>Co-Director:<\/em> Eduardo Filomena. <em>Finalizado en 2022.<\/em><\/li><li><strong><em>Desarrollo de una BCI basada en P300 para rehabilitaci\u00f3n cognitiva de adultos con d\u00e9ficit de atenci\u00f3n<\/em>. Tesista:<\/strong> F. Barreto.\u00a0<em>Directora:<\/em> Carolina Tabernig.\u00a0<em>Co-Directora: <\/em>Carolina Carrere.\u00a0<em>Finalizado en 2021.<\/em><\/li><li><strong><em>Comparaci\u00f3n de m\u00e9todos de extracci\u00f3n de caracter\u00edsticas para una interfaz cerebro-computadora basada en imaginer\u00eda motora con aplicaci\u00f3n en neuro-rehabilitaci\u00f3n<\/em>. <\/strong><em>Tesista: <\/em><span data-sheets-root=\"1\">A. Robets Gonz\u00e1lez.\u00a0<em>Director: <\/em>Rub\u00e9n Acevedo.\u00a0<em>Finalizado en 2021.<\/em><\/span><\/li><li><strong><em>Evaluaci\u00f3n de estrategias de extracci\u00f3n de caracter\u00edsticas para mejorar el desempe\u00f1o de una interfaz cerebro-computadora basada en imaginer\u00eda motora<\/em>. <\/strong><em>Tesistas: <\/em><span data-sheets-root=\"1\">R. Guaita, M. Rossi.\u00a0<em>Director: <\/em>Rub\u00e9n Acevedo.\u00a0<em>Finalizado en 2021.\u00a0<\/em><\/span><\/li><li><strong><em>Puesta en funcionamiento de una interfaz cerebro computadora para rehabilitaci\u00f3n del trastorno de d\u00e9ficit de atenci\u00f3n con hiperactividad<\/em>. <\/strong><em>Tesistas:<\/em> <span data-sheets-root=\"1\">B. Aguilar , A. Mu\u00f1oz.<strong><em>\u00a0Directora:<\/em>\u00a0<\/strong>Carolina Carrere.\u00a0<em>Co-Directora: <\/em>Carolina Tabernig.\u00a0<em>Finalizado en 2020.<\/em><\/span><\/li><li><strong><em>Software de animaci\u00f3n virtual comandado por una interfaz cerebro-computadora para rehabilitaci\u00f3n cognitiva<\/em>. <\/strong><em>Tesista:<\/em> P. Paulucci.\u00a0<em>Directora: <\/em>Carolina Tabernig.<em><strong> Co-Directora:<\/strong><\/em> Carolina Carrere. <em>Finalizado en 2019.<\/em><\/li><li><strong><em>Sistema de valoraci\u00f3n y seguimiento del proceso de rehabilitaci\u00f3n del miembro superior basado en Leap Motion<\/em>. <\/strong><em>Tesista: <\/em><span data-sheets-root=\"1\">P. Rostagno. <em>Directora: <\/em>Carolina Tabernig. <em>Finalizado en 2019.<\/em><\/span><\/li><li><strong><em>Implementaci\u00f3n en un sistema embebido de una interfaz cerebro-computadora basada en imaginer\u00eda motora<\/em>. <\/strong><em>Tesista: <\/em>S. Mateos. <em>Director: <\/em>Eduardo Filomena.\u00a0<em>Co-Directora: <\/em>Carolina Tabernig. <em>Finalizado en 2019.<\/em><\/li><\/ul><\/div>\n                <\/div><\/div>\t\t\t\t<\/div>\n\t\t\t\t<\/div>\n\t\t\t\t\t<\/div>\n\t\t\t\t<\/div>\n\t\t\t\t<\/div>\n\t\t","protected":false},"excerpt":{"rendered":"<p>FORMACI\u00d3N RRHH Tesis de Doctorado Tecnolog\u00eda para rehabilitaci\u00f3n cognitiva basada en interfaces cerebro-computadora: traslaci\u00f3n hacia la cl\u00ednica.\u00a0Tesista: A. Barbagelata.\u00a0Directora:\u00a0Carolina Carrere.\u00a0Co-Directora:\u00a0Carolina Tabernig. Tecnolog\u00eda para entrenamiento de la atenci\u00f3n basada en la modulaci\u00f3n de ritmos corticales: usabilidad y efectos de uso en el contexto terap\u00e9utico.\u00a0Tesista:\u00a0B. Masset.\u00a0Directora: Carolina Carrere. Estrategias de modulaci\u00f3n atencional basadas en neurofeedback como herramienta [&hellip;]<\/p>\n","protected":false},"author":5,"featured_media":0,"parent":0,"menu_order":0,"comment_status":"closed","ping_status":"closed","template":"","meta":{"_acf_changed":false,"_eb_attr":"","site-sidebar-layout":"no-sidebar","site-content-layout":"page-builder","ast-site-content-layout":"full-width-container","site-content-style":"default","site-sidebar-style":"default","ast-global-header-display":"","ast-banner-title-visibility":"","ast-main-header-display":"","ast-hfb-above-header-display":"","ast-hfb-below-header-display":"","ast-hfb-mobile-header-display":"","site-post-title":"disabled","ast-breadcrumbs-content":"","ast-featured-img":"disabled","footer-sml-layout":"","theme-transparent-header-meta":"","adv-header-id-meta":"","stick-header-meta":"","header-above-stick-meta":"","header-main-stick-meta":"","header-below-stick-meta":"","astra-migrate-meta-layouts":"set","ast-page-background-enabled":"default","ast-page-background-meta":{"desktop":{"background-color":"var(--ast-global-color-4)","background-image":"","background-repeat":"repeat","background-position":"center center","background-size":"auto","background-attachment":"scroll","background-type":"","background-media":"","overlay-type":"","overlay-color":"","overlay-gradient":""},"tablet":{"background-color":"","background-image":"","background-repeat":"repeat","background-position":"center center","background-size":"auto","background-attachment":"scroll","background-type":"","background-media":"","overlay-type":"","overlay-color":"","overlay-gradient":""},"mobile":{"background-color":"","background-image":"","background-repeat":"repeat","background-position":"center center","background-size":"auto","background-attachment":"scroll","background-type":"","background-media":"","overlay-type":"","overlay-color":"","overlay-gradient":""}},"ast-content-background-meta":{"desktop":{"background-color":"var(--ast-global-color-5)","background-image":"","background-repeat":"repeat","background-position":"center center","background-size":"auto","background-attachment":"scroll","background-type":"","background-media":"","overlay-type":"","overlay-color":"","overlay-gradient":""},"tablet":{"background-color":"var(--ast-global-color-5)","background-image":"","background-repeat":"repeat","background-position":"center center","background-size":"auto","background-attachment":"scroll","background-type":"","background-media":"","overlay-type":"","overlay-color":"","overlay-gradient":""},"mobile":{"background-color":"var(--ast-global-color-5)","background-image":"","background-repeat":"repeat","background-position":"center center","background-size":"auto","background-attachment":"scroll","background-type":"","background-media":"","overlay-type":"","overlay-color":"","overlay-gradient":""}},"footnotes":""},"class_list":["post-451","page","type-page","status-publish","hentry"],"acf":[],"mfb_rest_fields":["gutenberg_elementor_mode"],"_links":{"self":[{"href":"https:\/\/ingenieria.uner.edu.ar\/nucleos\/cirins\/rehabilitacion\/index.php\/wp-json\/wp\/v2\/pages\/451","targetHints":{"allow":["GET"]}}],"collection":[{"href":"https:\/\/ingenieria.uner.edu.ar\/nucleos\/cirins\/rehabilitacion\/index.php\/wp-json\/wp\/v2\/pages"}],"about":[{"href":"https:\/\/ingenieria.uner.edu.ar\/nucleos\/cirins\/rehabilitacion\/index.php\/wp-json\/wp\/v2\/types\/page"}],"author":[{"embeddable":true,"href":"https:\/\/ingenieria.uner.edu.ar\/nucleos\/cirins\/rehabilitacion\/index.php\/wp-json\/wp\/v2\/users\/5"}],"replies":[{"embeddable":true,"href":"https:\/\/ingenieria.uner.edu.ar\/nucleos\/cirins\/rehabilitacion\/index.php\/wp-json\/wp\/v2\/comments?post=451"}],"version-history":[{"count":28,"href":"https:\/\/ingenieria.uner.edu.ar\/nucleos\/cirins\/rehabilitacion\/index.php\/wp-json\/wp\/v2\/pages\/451\/revisions"}],"predecessor-version":[{"id":1035,"href":"https:\/\/ingenieria.uner.edu.ar\/nucleos\/cirins\/rehabilitacion\/index.php\/wp-json\/wp\/v2\/pages\/451\/revisions\/1035"}],"wp:attachment":[{"href":"https:\/\/ingenieria.uner.edu.ar\/nucleos\/cirins\/rehabilitacion\/index.php\/wp-json\/wp\/v2\/media?parent=451"}],"curies":[{"name":"wp","href":"https:\/\/api.w.org\/{rel}","templated":true}]}}