{"id":468,"date":"2024-12-11T13:18:54","date_gmt":"2024-12-11T16:18:54","guid":{"rendered":"https:\/\/ingenieria.uner.edu.ar\/nucleos\/cirins\/rehabilitacion\/?page_id=468"},"modified":"2025-02-11T12:14:56","modified_gmt":"2025-02-11T15:14:56","slug":"proyectos-2","status":"publish","type":"page","link":"https:\/\/ingenieria.uner.edu.ar\/nucleos\/cirins\/rehabilitacion\/index.php\/proyectos-2\/","title":{"rendered":"Proyectos"},"content":{"rendered":"\t\t<div data-elementor-type=\"wp-page\" data-elementor-id=\"468\" class=\"elementor elementor-468\">\n\t\t\t\t<div class=\"elementor-element elementor-element-73c6897 e-flex e-con-boxed e-con e-parent\" data-id=\"73c6897\" data-element_type=\"container\" data-settings=\"{&quot;background_background&quot;:&quot;classic&quot;}\">\n\t\t\t\t\t<div class=\"e-con-inner\">\n\t\t<div class=\"elementor-element elementor-element-acc9a55 e-con-full e-flex e-con e-child\" data-id=\"acc9a55\" data-element_type=\"container\" data-settings=\"{&quot;background_background&quot;:&quot;classic&quot;}\">\n\t\t\t\t<div class=\"elementor-element elementor-element-81d7f8b elementor-widget elementor-widget-heading\" data-id=\"81d7f8b\" data-element_type=\"widget\" data-widget_type=\"heading.default\">\n\t\t\t\t<div class=\"elementor-widget-container\">\n\t\t\t\t\t<h2 class=\"elementor-heading-title elementor-size-default\">PROYECTOS<\/h2>\t\t\t\t<\/div>\n\t\t\t\t<\/div>\n\t\t\t\t<\/div>\n\t\t\t\t\t<\/div>\n\t\t\t\t<\/div>\n\t\t<div class=\"elementor-element elementor-element-2ad0116 e-grid e-con-boxed e-con e-parent\" data-id=\"2ad0116\" data-element_type=\"container\">\n\t\t\t\t\t<div class=\"e-con-inner\">\n\t\t\t\t<div class=\"elementor-element elementor-element-7a25011 elementor-grid-1 elementor-grid-tablet-2 elementor-grid-mobile-1 elementor-widget elementor-widget-elementor-blog-posts\" data-id=\"7a25011\" data-element_type=\"widget\" data-settings=\"{&quot;columns&quot;:&quot;1&quot;,&quot;columns_tablet&quot;:&quot;2&quot;,&quot;columns_mobile&quot;:&quot;1&quot;}\" data-widget_type=\"elementor-blog-posts.default\">\n\t\t\t\t<div class=\"elementor-widget-container\">\n\t\t\t\t\t\t\t<div class=\"wpcap-grid\">\n\t\t\t\t\t\t<div class=\"wpcap-grid-container elementor-grid wpcap-grid-desktop-1 wpcap-grid-tablet-2 wpcap-grid-mobile-1\">\n\n\t\t\t\t\n        <article id=\"post-921\" class=\"wpcap-post post-921 post type-post status-publish format-standard hentry category-proyectos\">\n         \n            <div class=\"post-grid-inner\">\n            \t\n            \t\n                <div class=\"post-grid-text-wrap\">\n               \t\t\t\t<h3 class=\"title\">\n\t\t\t<a href=\"https:\/\/ingenieria.uner.edu.ar\/nucleos\/cirins\/rehabilitacion\/index.php\/2025\/02\/24\/algoritmos-para-deteccion-de-intencion-de-movimientos-en-interfaces-cerebro-computadoras-de-uso-en-neurorrehabilitacion\/\">Algoritmos para detecci\u00f3n de intenci\u00f3n de movimientos en interfaces cerebro computadoras de uso en neurorrehabilitaci\u00f3n<\/a>\n\t\t<\/h3>\n\t\t\t                \t                \t\t<div class=\"post-grid-excerpt\">\n\t\t\t<p>Periodo: 2025 &#8211; 2028. Resumen: Las interfaces cerebro computadoras (BCI) son herramientas novedosas para implementar terapias de neurorrehabilitaci\u00f3n mediante la detecci\u00f3n de la intenci\u00f3n de movimiento promoviendo la recuperaci\u00f3n de funciones de pacientes con afecciones neurol\u00f3gicas cr\u00f3nicas. En personas despiertas, el electroencefalograma presenta ritmos sensorio-motores que disminuyen su energ\u00eda cuando&hellip;<\/p>\n\t\t<\/div>\n\t\t\t                \t\t<a class=\"read-more-btn\" href=\"https:\/\/ingenieria.uner.edu.ar\/nucleos\/cirins\/rehabilitacion\/index.php\/2025\/02\/24\/algoritmos-para-deteccion-de-intencion-de-movimientos-en-interfaces-cerebro-computadoras-de-uso-en-neurorrehabilitacion\/\">Read More \u00bb<\/a>\n\t\t                <\/div>\n\n            <\/div><!-- .blog-inner -->\n           \n        <\/article>\n\n        \n        <article id=\"post-671\" class=\"wpcap-post post-671 post type-post status-publish format-standard hentry category-proyectos\">\n         \n            <div class=\"post-grid-inner\">\n            \t\n            \t\n                <div class=\"post-grid-text-wrap\">\n               \t\t\t\t<h3 class=\"title\">\n\t\t\t<a href=\"https:\/\/ingenieria.uner.edu.ar\/nucleos\/cirins\/rehabilitacion\/index.php\/2023\/02\/11\/desarrollo-y-aplicaciones-de-interfaces-cerebro-computadoras-para-neuro-rehabilitacion\/\">Aportes para la incorporaci\u00f3n de las interfaces cerebro computadoras a la cl\u00ednica de neuro-rehabilitaci\u00f3n desde un enfoque traslacional<\/a>\n\t\t<\/h3>\n\t\t\t                \t                \t\t<div class=\"post-grid-excerpt\">\n\t\t\t<p>Periodo: 2023 &#8211; 2025. Resumen: Las Interfaces Cerebro-Computadora (BCIs, por sus siglas en ingl\u00e9s) constituyen una tecnolog\u00eda emergente para la recuperaci\u00f3n de las funciones afectadas por lesiones neurol\u00f3gicas tales accidentes cerebro-vasculares, esclerosis m\u00faltiple, enfermedad de parkinson, d\u00e9ficit cognitivos, entre otras. El uso de una BCI comprende\u00a0 dos etapas: una de&hellip;<\/p>\n\t\t<\/div>\n\t\t\t                \t\t<a class=\"read-more-btn\" href=\"https:\/\/ingenieria.uner.edu.ar\/nucleos\/cirins\/rehabilitacion\/index.php\/2023\/02\/11\/desarrollo-y-aplicaciones-de-interfaces-cerebro-computadoras-para-neuro-rehabilitacion\/\">Read More \u00bb<\/a>\n\t\t                <\/div>\n\n            <\/div><!-- .blog-inner -->\n           \n        <\/article>\n\n        \n        <article id=\"post-700\" class=\"wpcap-post post-700 post type-post status-publish format-standard hentry category-proyectos\">\n         \n            <div class=\"post-grid-inner\">\n            \t\n            \t\n                <div class=\"post-grid-text-wrap\">\n               \t\t\t\t<h3 class=\"title\">\n\t\t\t<a href=\"https:\/\/ingenieria.uner.edu.ar\/nucleos\/cirins\/rehabilitacion\/index.php\/2022\/02\/11\/aplicacion-de-aprendizaje-maquinal-a-problemas-biomedicos-en-contexto-de-datos-escasos\/\">Aplicaci\u00f3n de aprendizaje maquinal a problemas biom\u00e9dicos en contexto de datos escasos<\/a>\n\t\t<\/h3>\n\t\t\t                \t                \t\t<div class=\"post-grid-excerpt\">\n\t\t\t<p>Periodo: 2022 &#8211; 2025. Resumen: El aprendizaje maquinal (ML) es un enfoque dentro del \u00e1rea de ciencias de la computaci\u00f3n que busca resolver problemas a partir de datos. En la aproximaci\u00f3n supervisada de ML, que en la actualidad sigue mostrando los mejores desempe\u00f1os en m\u00faltiples tareas, el algoritmo de aprendizaje&hellip;<\/p>\n\t\t<\/div>\n\t\t\t                \t\t<a class=\"read-more-btn\" href=\"https:\/\/ingenieria.uner.edu.ar\/nucleos\/cirins\/rehabilitacion\/index.php\/2022\/02\/11\/aplicacion-de-aprendizaje-maquinal-a-problemas-biomedicos-en-contexto-de-datos-escasos\/\">Read More \u00bb<\/a>\n\t\t                <\/div>\n\n            <\/div><!-- .blog-inner -->\n           \n        <\/article>\n\n        \n        <article id=\"post-617\" class=\"wpcap-post post-617 post type-post status-publish format-standard hentry category-proyectos\">\n         \n            <div class=\"post-grid-inner\">\n            \t\n            \t\n                <div class=\"post-grid-text-wrap\">\n               \t\t\t\t<h3 class=\"title\">\n\t\t\t<a href=\"https:\/\/ingenieria.uner.edu.ar\/nucleos\/cirins\/rehabilitacion\/index.php\/2022\/02\/11\/interfaces-cerebro-computadora-para-la-recuperacion-de-funciones-por-afecciones-neurologicas-adquiridas-desarrollo-y-transferencia-a-centros-de-rehabilitacion\/\">Interfaces cerebro-computadora para la recuperaci\u00f3n de funciones por afecciones neurol\u00f3gicas adquiridas: desarrollo y transferencia a centros de rehabilitaci\u00f3n<\/a>\n\t\t<\/h3>\n\t\t\t                \t                \t\t<div class=\"post-grid-excerpt\">\n\t\t\t<p>Periodo: 2022 &#8211; 2023. Resumen: Las personas con lesiones en el sistema nervioso, como por ejemplo con esclerosis m\u00faltiple, accidentes cerebro-vasculares o con d\u00e9ficit de atenci\u00f3n, suelen padecer secuelas motoras o cognitivas que afectan su calidad de vida. Dentro de las estrategias rehabilitadoras para estos pacientes se encuentran los sistemas&hellip;<\/p>\n\t\t<\/div>\n\t\t\t                \t\t<a class=\"read-more-btn\" href=\"https:\/\/ingenieria.uner.edu.ar\/nucleos\/cirins\/rehabilitacion\/index.php\/2022\/02\/11\/interfaces-cerebro-computadora-para-la-recuperacion-de-funciones-por-afecciones-neurologicas-adquiridas-desarrollo-y-transferencia-a-centros-de-rehabilitacion\/\">Read More \u00bb<\/a>\n\t\t                <\/div>\n\n            <\/div><!-- .blog-inner -->\n           \n        <\/article>\n\n        \n        <article id=\"post-144\" class=\"wpcap-post post-144 post type-post status-publish format-standard hentry category-proyectos\">\n         \n            <div class=\"post-grid-inner\">\n            \t\n            \t\n                <div class=\"post-grid-text-wrap\">\n               \t\t\t\t<h3 class=\"title\">\n\t\t\t<a href=\"https:\/\/ingenieria.uner.edu.ar\/nucleos\/cirins\/rehabilitacion\/index.php\/2020\/07\/25\/actividad-extracurricular-laboratorio-de-iniciacion-a-la-bioinstrumentacion-inscripciones-abiertas\/\">Desarrollo y aplicaciones de interfaces cerebro-computadoras para neuro-rehabilitaci\u00f3n<\/a>\n\t\t<\/h3>\n\t\t\t                \t                \t\t<div class=\"post-grid-excerpt\">\n\t\t\t<p>Periodo: 2020 &#8211; 2024. Resumen: Las personas con lesiones en el sistema nervioso, como por ejemplo con esclerosis m\u00faltiple, accidentes cerebro-vasculares o con d\u00e9ficit de atenci\u00f3n, suelen padecer secuelas motoras o cognitivas que afectan su calidad de vida. Dentro de las estrategias rehabilitadoras para estos pacientes se encuentran los sistemas&hellip;<\/p>\n\t\t<\/div>\n\t\t\t                \t\t<a class=\"read-more-btn\" href=\"https:\/\/ingenieria.uner.edu.ar\/nucleos\/cirins\/rehabilitacion\/index.php\/2020\/07\/25\/actividad-extracurricular-laboratorio-de-iniciacion-a-la-bioinstrumentacion-inscripciones-abiertas\/\">Read More \u00bb<\/a>\n\t\t                <\/div>\n\n            <\/div><!-- .blog-inner -->\n           \n        <\/article>\n\n        \n        <article id=\"post-695\" class=\"wpcap-post post-695 post type-post status-publish format-standard hentry category-proyectos\">\n         \n            <div class=\"post-grid-inner\">\n            \t\n            \t\n                <div class=\"post-grid-text-wrap\">\n               \t\t\t\t<h3 class=\"title\">\n\t\t\t<a href=\"https:\/\/ingenieria.uner.edu.ar\/nucleos\/cirins\/rehabilitacion\/index.php\/2016\/02\/11\/tecnologia-para-rehabilitacion-basada-en-imagineria-motora-y-realimentacion-sensorial\/\">Tecnolog\u00eda para rehabilitaci\u00f3n basada en imaginer\u00eda motora y realimentaci\u00f3n sensorial<\/a>\n\t\t<\/h3>\n\t\t\t                \t                \t\t<div class=\"post-grid-excerpt\">\n\t\t\t<p>Periodo: 2016 &#8211; 2019. Resumen: Bajo la hip\u00f3tesis de que la plasticidad neuronal puede ser facilitada por un sistema que integre estrategias de rehabilitaci\u00f3n encaradas tanto desde la periferia del sistema nervioso como desde su organizaci\u00f3n central; este proyecto tiene como objetivo el desarrollo y evaluaci\u00f3n de herramientas tecnol\u00f3gicas para&hellip;<\/p>\n\t\t<\/div>\n\t\t\t                \t\t<a class=\"read-more-btn\" href=\"https:\/\/ingenieria.uner.edu.ar\/nucleos\/cirins\/rehabilitacion\/index.php\/2016\/02\/11\/tecnologia-para-rehabilitacion-basada-en-imagineria-motora-y-realimentacion-sensorial\/\">Read More \u00bb<\/a>\n\t\t                <\/div>\n\n            <\/div><!-- .blog-inner -->\n           \n        <\/article>\n\n        \n\t\t\t<\/div>\n\t\t<\/div>\n\t\t\t\t\t\t<\/div>\n\t\t\t\t<\/div>\n\t\t\t\t\t<\/div>\n\t\t\t\t<\/div>\n\t\t\t\t<\/div>\n\t\t","protected":false},"excerpt":{"rendered":"<p>PROYECTOS Aportes para la incorporaci\u00f3n de las interfaces cerebro computadoras a la cl\u00ednica de neuro-rehabilitaci\u00f3n desde un enfoque traslacional Periodo: 2023-2025 Las Interfaces Cerebro-Computadora (BCIs, por sus siglas en ingl\u00e9s) constituyen una tecnolog\u00eda emergente para la recuperaci\u00f3n de las funciones afectadas por lesiones neurol\u00f3gicas tales accidentes cerebro-vasculares, esclerosis m\u00faltiple, enfermedad de parkinson, d\u00e9ficit cognitivos, entre [&hellip;]<\/p>\n","protected":false},"author":5,"featured_media":0,"parent":0,"menu_order":0,"comment_status":"closed","ping_status":"closed","template":"","meta":{"_acf_changed":false,"_eb_attr":"","site-sidebar-layout":"no-sidebar","site-content-layout":"page-builder","ast-site-content-layout":"full-width-container","site-content-style":"default","site-sidebar-style":"default","ast-global-header-display":"","ast-banner-title-visibility":"","ast-main-header-display":"","ast-hfb-above-header-display":"","ast-hfb-below-header-display":"","ast-hfb-mobile-header-display":"","site-post-title":"disabled","ast-breadcrumbs-content":"","ast-featured-img":"disabled","footer-sml-layout":"","theme-transparent-header-meta":"","adv-header-id-meta":"","stick-header-meta":"","header-above-stick-meta":"","header-main-stick-meta":"","header-below-stick-meta":"","astra-migrate-meta-layouts":"set","ast-page-background-enabled":"default","ast-page-background-meta":{"desktop":{"background-color":"var(--ast-global-color-4)","background-image":"","background-repeat":"repeat","background-position":"center center","background-size":"auto","background-attachment":"scroll","background-type":"","background-media":"","overlay-type":"","overlay-color":"","overlay-gradient":""},"tablet":{"background-color":"","background-image":"","background-repeat":"repeat","background-position":"center center","background-size":"auto","background-attachment":"scroll","background-type":"","background-media":"","overlay-type":"","overlay-color":"","overlay-gradient":""},"mobile":{"background-color":"","background-image":"","background-repeat":"repeat","background-position":"center center","background-size":"auto","background-attachment":"scroll","background-type":"","background-media":"","overlay-type":"","overlay-color":"","overlay-gradient":""}},"ast-content-background-meta":{"desktop":{"background-color":"var(--ast-global-color-5)","background-image":"","background-repeat":"repeat","background-position":"center center","background-size":"auto","background-attachment":"scroll","background-type":"","background-media":"","overlay-type":"","overlay-color":"","overlay-gradient":""},"tablet":{"background-color":"var(--ast-global-color-5)","background-image":"","background-repeat":"repeat","background-position":"center center","background-size":"auto","background-attachment":"scroll","background-type":"","background-media":"","overlay-type":"","overlay-color":"","overlay-gradient":""},"mobile":{"background-color":"var(--ast-global-color-5)","background-image":"","background-repeat":"repeat","background-position":"center center","background-size":"auto","background-attachment":"scroll","background-type":"","background-media":"","overlay-type":"","overlay-color":"","overlay-gradient":""}},"footnotes":""},"class_list":["post-468","page","type-page","status-publish","hentry"],"acf":[],"mfb_rest_fields":["gutenberg_elementor_mode"],"_links":{"self":[{"href":"https:\/\/ingenieria.uner.edu.ar\/nucleos\/cirins\/rehabilitacion\/index.php\/wp-json\/wp\/v2\/pages\/468","targetHints":{"allow":["GET"]}}],"collection":[{"href":"https:\/\/ingenieria.uner.edu.ar\/nucleos\/cirins\/rehabilitacion\/index.php\/wp-json\/wp\/v2\/pages"}],"about":[{"href":"https:\/\/ingenieria.uner.edu.ar\/nucleos\/cirins\/rehabilitacion\/index.php\/wp-json\/wp\/v2\/types\/page"}],"author":[{"embeddable":true,"href":"https:\/\/ingenieria.uner.edu.ar\/nucleos\/cirins\/rehabilitacion\/index.php\/wp-json\/wp\/v2\/users\/5"}],"replies":[{"embeddable":true,"href":"https:\/\/ingenieria.uner.edu.ar\/nucleos\/cirins\/rehabilitacion\/index.php\/wp-json\/wp\/v2\/comments?post=468"}],"version-history":[{"count":55,"href":"https:\/\/ingenieria.uner.edu.ar\/nucleos\/cirins\/rehabilitacion\/index.php\/wp-json\/wp\/v2\/pages\/468\/revisions"}],"predecessor-version":[{"id":694,"href":"https:\/\/ingenieria.uner.edu.ar\/nucleos\/cirins\/rehabilitacion\/index.php\/wp-json\/wp\/v2\/pages\/468\/revisions\/694"}],"wp:attachment":[{"href":"https:\/\/ingenieria.uner.edu.ar\/nucleos\/cirins\/rehabilitacion\/index.php\/wp-json\/wp\/v2\/media?parent=468"}],"curies":[{"name":"wp","href":"https:\/\/api.w.org\/{rel}","templated":true}]}}