{"id":626,"date":"2025-02-11T11:03:10","date_gmt":"2025-02-11T14:03:10","guid":{"rendered":"https:\/\/ingenieria.uner.edu.ar\/nucleos\/cirins\/rehabilitacion\/?page_id=626"},"modified":"2025-03-25T09:46:55","modified_gmt":"2025-03-25T12:46:55","slug":"desarrollos-tecnologicos","status":"publish","type":"page","link":"https:\/\/ingenieria.uner.edu.ar\/nucleos\/cirins\/rehabilitacion\/index.php\/desarrollos-tecnologicos\/","title":{"rendered":"Desarrollos Tecnol\u00f3gicos"},"content":{"rendered":"\t\t<div data-elementor-type=\"wp-page\" data-elementor-id=\"626\" class=\"elementor elementor-626\">\n\t\t\t\t<div class=\"elementor-element elementor-element-73c6897 e-flex e-con-boxed e-con e-parent\" data-id=\"73c6897\" data-element_type=\"container\" data-settings=\"{&quot;background_background&quot;:&quot;classic&quot;}\">\n\t\t\t\t\t<div class=\"e-con-inner\">\n\t\t<div class=\"elementor-element elementor-element-acc9a55 e-con-full e-flex e-con e-child\" data-id=\"acc9a55\" data-element_type=\"container\" data-settings=\"{&quot;background_background&quot;:&quot;classic&quot;}\">\n\t\t\t\t<div class=\"elementor-element elementor-element-81d7f8b elementor-widget elementor-widget-heading\" data-id=\"81d7f8b\" data-element_type=\"widget\" data-widget_type=\"heading.default\">\n\t\t\t\t<div class=\"elementor-widget-container\">\n\t\t\t\t\t<h2 class=\"elementor-heading-title elementor-size-default\">DESARROLLOS TECNOL\u00d3GICOS<\/h2>\t\t\t\t<\/div>\n\t\t\t\t<\/div>\n\t\t\t\t<\/div>\n\t\t\t\t\t<\/div>\n\t\t\t\t<\/div>\n\t\t<div class=\"elementor-element elementor-element-2ad0116 e-grid e-con-boxed e-con e-parent\" data-id=\"2ad0116\" data-element_type=\"container\">\n\t\t\t\t\t<div class=\"e-con-inner\">\n\t\t\t\t<div class=\"elementor-element elementor-element-7a25011 elementor-grid-1 elementor-grid-tablet-2 elementor-grid-mobile-1 elementor-widget elementor-widget-elementor-blog-posts\" data-id=\"7a25011\" data-element_type=\"widget\" data-settings=\"{&quot;columns&quot;:&quot;1&quot;,&quot;columns_tablet&quot;:&quot;2&quot;,&quot;columns_mobile&quot;:&quot;1&quot;}\" data-widget_type=\"elementor-blog-posts.default\">\n\t\t\t\t<div class=\"elementor-widget-container\">\n\t\t\t\t\t\t\t<div class=\"wpcap-grid\">\n\t\t\t\t\t\t<div class=\"wpcap-grid-container elementor-grid wpcap-grid-desktop-1 wpcap-grid-tablet-2 wpcap-grid-mobile-1\">\n\n\t\t\t\t\n        <article id=\"post-775\" class=\"wpcap-post post-775 post type-post status-publish format-standard hentry category-productos\">\n         \n            <div class=\"post-grid-inner\">\n            \t\n            \t\n                <div class=\"post-grid-text-wrap\">\n               \t\t\t\t<h3 class=\"title\">\n\t\t\t<a href=\"https:\/\/ingenieria.uner.edu.ar\/nucleos\/cirins\/rehabilitacion\/index.php\/2023\/02\/12\/im-tention-bci-para-rehabilitacion-motora-con-realimentacion-visual\/\">IM-tention: BCI para rehabilitaci\u00f3n motora con realimentaci\u00f3n visual<\/a>\n\t\t<\/h3>\n\t\t\t                \t                \t\t<div class=\"post-grid-excerpt\">\n\t\t\t<p>Descripci\u00f3n: El uso de interfaces cerebro-computadora (BCI) para la recuperaci\u00f3n motora de personas con discapacidades ha crecido exponencialmente. En una BCI para recuperaci\u00f3n motora, el&hellip;<\/p>\n\t\t<\/div>\n\t\t\t                \t\t<a class=\"read-more-btn\" href=\"https:\/\/ingenieria.uner.edu.ar\/nucleos\/cirins\/rehabilitacion\/index.php\/2023\/02\/12\/im-tention-bci-para-rehabilitacion-motora-con-realimentacion-visual\/\">Read More \u00bb<\/a>\n\t\t                <\/div>\n\n            <\/div><!-- .blog-inner -->\n           \n        <\/article>\n\n        \n        <article id=\"post-762\" class=\"wpcap-post post-762 post type-post status-publish format-standard hentry category-productos\">\n         \n            <div class=\"post-grid-inner\">\n            \t\n            \t\n                <div class=\"post-grid-text-wrap\">\n               \t\t\t\t<h3 class=\"title\">\n\t\t\t<a href=\"https:\/\/ingenieria.uner.edu.ar\/nucleos\/cirins\/rehabilitacion\/index.php\/2022\/02\/12\/cognitask-bci-basada-en-p300-para-rehabilitacion-cognitiva\/\">Cognitask: BCI basada en P300 para rehabilitaci\u00f3n cognitiva<\/a>\n\t\t<\/h3>\n\t\t\t                \t                \t\t<div class=\"post-grid-excerpt\">\n\t\t\t<p>Descripci\u00f3n: Cognitask es un sistema de entrenamiento cognitivo desarrollado en el grupo de Ingenier\u00eda en Rehabilitaci\u00f3n. Su n\u00facleo principal es una BCI basada en potenciales&hellip;<\/p>\n\t\t<\/div>\n\t\t\t                \t\t<a class=\"read-more-btn\" href=\"https:\/\/ingenieria.uner.edu.ar\/nucleos\/cirins\/rehabilitacion\/index.php\/2022\/02\/12\/cognitask-bci-basada-en-p300-para-rehabilitacion-cognitiva\/\">Read More \u00bb<\/a>\n\t\t                <\/div>\n\n            <\/div><!-- .blog-inner -->\n           \n        <\/article>\n\n        \n        <article id=\"post-779\" class=\"wpcap-post post-779 post type-post status-publish format-standard hentry category-productos\">\n         \n            <div class=\"post-grid-inner\">\n            \t\n            \t\n                <div class=\"post-grid-text-wrap\">\n               \t\t\t\t<h3 class=\"title\">\n\t\t\t<a href=\"https:\/\/ingenieria.uner.edu.ar\/nucleos\/cirins\/rehabilitacion\/index.php\/2021\/02\/12\/attenti-on-bci-para-entrenamiento-de-la-atencion\/\">Attenti-ON: BCI para entrenamiento de la atenci\u00f3n<\/a>\n\t\t<\/h3>\n\t\t\t                \t                \t\t<div class=\"post-grid-excerpt\">\n\t\t\t<p>Descripci\u00f3n: Attenti-ON es una Interfaz Cerebro-Computadora desarrollada en el Grupo de Ingenier\u00eda de Rehabilitaci\u00f3n (GIR) para entrenamiento de la atenci\u00f3n sostenida en adolescentes y utiliza&hellip;<\/p>\n\t\t<\/div>\n\t\t\t                \t\t<a class=\"read-more-btn\" href=\"https:\/\/ingenieria.uner.edu.ar\/nucleos\/cirins\/rehabilitacion\/index.php\/2021\/02\/12\/attenti-on-bci-para-entrenamiento-de-la-atencion\/\">Read More \u00bb<\/a>\n\t\t                <\/div>\n\n            <\/div><!-- .blog-inner -->\n           \n        <\/article>\n\n        \n        <article id=\"post-772\" class=\"wpcap-post post-772 post type-post status-publish format-standard hentry category-productos\">\n         \n            <div class=\"post-grid-inner\">\n            \t\n            \t\n                <div class=\"post-grid-text-wrap\">\n               \t\t\t\t<h3 class=\"title\">\n\t\t\t<a href=\"https:\/\/ingenieria.uner.edu.ar\/nucleos\/cirins\/rehabilitacion\/index.php\/2019\/02\/12\/biobci-bci-basada-en-erd-para-rehabilitacion-de-la-marcha-en-esclerosisi-multiple\/\">BioBCI: BCI inal\u00e1mbrica basada en ERD para rehabilitaci\u00f3n de la marcha<\/a>\n\t\t<\/h3>\n\t\t\t                \t                \t\t<div class=\"post-grid-excerpt\">\n\t\t\t<p>Descripci\u00f3n: BioBCI es una Interfaz Cerebro-Computadora que activa un estimulador el\u00e9ctrico funcional (FES) cuando detecta la imaginaci\u00f3n o intenci\u00f3n de movimiento. Para ello detecta la&hellip;<\/p>\n\t\t<\/div>\n\t\t\t                \t\t<a class=\"read-more-btn\" href=\"https:\/\/ingenieria.uner.edu.ar\/nucleos\/cirins\/rehabilitacion\/index.php\/2019\/02\/12\/biobci-bci-basada-en-erd-para-rehabilitacion-de-la-marcha-en-esclerosisi-multiple\/\">Read More \u00bb<\/a>\n\t\t                <\/div>\n\n            <\/div><!-- .blog-inner -->\n           \n        <\/article>\n\n        \n\t\t\t<\/div>\n\t\t<\/div>\n\t\t\t\t\t\t<\/div>\n\t\t\t\t<\/div>\n\t\t\t\t\t<\/div>\n\t\t\t\t<\/div>\n\t\t\t\t<\/div>\n\t\t","protected":false},"excerpt":{"rendered":"<p>DESARROLLOS TECNOL\u00d3GICOS Attenti-ON: BCI para entrenamiento de la atenci\u00f3n &#8230; DESCRIPCI\u00d3N &#8230; Fecha de producci\u00f3n:\u00a02022. Demandante: Fundacion Rosarina de Neurorrehabilitacion. Read More \u00bb IM-tention: BCI para rehabilitaci\u00f3n motora con realimentaci\u00f3n visual &#8230; DESCRIPCI\u00d3N &#8230; Fecha de producci\u00f3n:\u00a02022. Demandante: Fundacion Rosarina de Neurorrehabilitacion. Read More \u00bb Cognitask: BCI basada en P300 para rehabilitaci\u00f3n cognitiva &#8230; DESCRIPCI\u00d3N [&hellip;]<\/p>\n","protected":false},"author":5,"featured_media":0,"parent":0,"menu_order":0,"comment_status":"closed","ping_status":"closed","template":"","meta":{"_acf_changed":false,"_eb_attr":"","site-sidebar-layout":"no-sidebar","site-content-layout":"page-builder","ast-site-content-layout":"full-width-container","site-content-style":"default","site-sidebar-style":"default","ast-global-header-display":"","ast-banner-title-visibility":"","ast-main-header-display":"","ast-hfb-above-header-display":"","ast-hfb-below-header-display":"","ast-hfb-mobile-header-display":"","site-post-title":"disabled","ast-breadcrumbs-content":"","ast-featured-img":"disabled","footer-sml-layout":"","theme-transparent-header-meta":"","adv-header-id-meta":"","stick-header-meta":"","header-above-stick-meta":"","header-main-stick-meta":"","header-below-stick-meta":"","astra-migrate-meta-layouts":"set","ast-page-background-enabled":"default","ast-page-background-meta":{"desktop":{"background-color":"var(--ast-global-color-4)","background-image":"","background-repeat":"repeat","background-position":"center center","background-size":"auto","background-attachment":"scroll","background-type":"","background-media":"","overlay-type":"","overlay-color":"","overlay-gradient":""},"tablet":{"background-color":"","background-image":"","background-repeat":"repeat","background-position":"center center","background-size":"auto","background-attachment":"scroll","background-type":"","background-media":"","overlay-type":"","overlay-color":"","overlay-gradient":""},"mobile":{"background-color":"","background-image":"","background-repeat":"repeat","background-position":"center center","background-size":"auto","background-attachment":"scroll","background-type":"","background-media":"","overlay-type":"","overlay-color":"","overlay-gradient":""}},"ast-content-background-meta":{"desktop":{"background-color":"var(--ast-global-color-5)","background-image":"","background-repeat":"repeat","background-position":"center center","background-size":"auto","background-attachment":"scroll","background-type":"","background-media":"","overlay-type":"","overlay-color":"","overlay-gradient":""},"tablet":{"background-color":"var(--ast-global-color-5)","background-image":"","background-repeat":"repeat","background-position":"center center","background-size":"auto","background-attachment":"scroll","background-type":"","background-media":"","overlay-type":"","overlay-color":"","overlay-gradient":""},"mobile":{"background-color":"var(--ast-global-color-5)","background-image":"","background-repeat":"repeat","background-position":"center center","background-size":"auto","background-attachment":"scroll","background-type":"","background-media":"","overlay-type":"","overlay-color":"","overlay-gradient":""}},"footnotes":""},"class_list":["post-626","page","type-page","status-publish","hentry"],"acf":[],"mfb_rest_fields":["gutenberg_elementor_mode"],"_links":{"self":[{"href":"https:\/\/ingenieria.uner.edu.ar\/nucleos\/cirins\/rehabilitacion\/index.php\/wp-json\/wp\/v2\/pages\/626","targetHints":{"allow":["GET"]}}],"collection":[{"href":"https:\/\/ingenieria.uner.edu.ar\/nucleos\/cirins\/rehabilitacion\/index.php\/wp-json\/wp\/v2\/pages"}],"about":[{"href":"https:\/\/ingenieria.uner.edu.ar\/nucleos\/cirins\/rehabilitacion\/index.php\/wp-json\/wp\/v2\/types\/page"}],"author":[{"embeddable":true,"href":"https:\/\/ingenieria.uner.edu.ar\/nucleos\/cirins\/rehabilitacion\/index.php\/wp-json\/wp\/v2\/users\/5"}],"replies":[{"embeddable":true,"href":"https:\/\/ingenieria.uner.edu.ar\/nucleos\/cirins\/rehabilitacion\/index.php\/wp-json\/wp\/v2\/comments?post=626"}],"version-history":[{"count":11,"href":"https:\/\/ingenieria.uner.edu.ar\/nucleos\/cirins\/rehabilitacion\/index.php\/wp-json\/wp\/v2\/pages\/626\/revisions"}],"predecessor-version":[{"id":1075,"href":"https:\/\/ingenieria.uner.edu.ar\/nucleos\/cirins\/rehabilitacion\/index.php\/wp-json\/wp\/v2\/pages\/626\/revisions\/1075"}],"wp:attachment":[{"href":"https:\/\/ingenieria.uner.edu.ar\/nucleos\/cirins\/rehabilitacion\/index.php\/wp-json\/wp\/v2\/media?parent=626"}],"curies":[{"name":"wp","href":"https:\/\/api.w.org\/{rel}","templated":true}]}}