{"id":629,"date":"2025-02-11T11:03:30","date_gmt":"2025-02-11T14:03:30","guid":{"rendered":"https:\/\/ingenieria.uner.edu.ar\/nucleos\/cirins\/rehabilitacion\/?page_id=629"},"modified":"2025-02-24T12:08:12","modified_gmt":"2025-02-24T15:08:12","slug":"convenios","status":"publish","type":"page","link":"https:\/\/ingenieria.uner.edu.ar\/nucleos\/cirins\/rehabilitacion\/index.php\/convenios\/","title":{"rendered":"Convenios y Colaboraciones"},"content":{"rendered":"\t\t<div data-elementor-type=\"wp-page\" data-elementor-id=\"629\" class=\"elementor elementor-629\">\n\t\t\t\t<div class=\"elementor-element elementor-element-73c6897 e-flex e-con-boxed e-con e-parent\" data-id=\"73c6897\" data-element_type=\"container\" data-settings=\"{&quot;background_background&quot;:&quot;classic&quot;}\">\n\t\t\t\t\t<div class=\"e-con-inner\">\n\t\t<div class=\"elementor-element elementor-element-acc9a55 e-con-full e-flex e-con e-child\" data-id=\"acc9a55\" data-element_type=\"container\" data-settings=\"{&quot;background_background&quot;:&quot;classic&quot;}\">\n\t\t\t\t<div class=\"elementor-element elementor-element-81d7f8b elementor-widget elementor-widget-heading\" data-id=\"81d7f8b\" data-element_type=\"widget\" data-widget_type=\"heading.default\">\n\t\t\t\t<div class=\"elementor-widget-container\">\n\t\t\t\t\t<h2 class=\"elementor-heading-title elementor-size-default\">CONVENIOS Y COLABORACIONES<\/h2>\t\t\t\t<\/div>\n\t\t\t\t<\/div>\n\t\t\t\t<\/div>\n\t\t\t\t\t<\/div>\n\t\t\t\t<\/div>\n\t\t<div class=\"elementor-element elementor-element-425139a e-flex e-con-boxed e-con e-parent\" data-id=\"425139a\" data-element_type=\"container\">\n\t\t\t\t\t<div class=\"e-con-inner\">\n\t\t<div class=\"elementor-element elementor-element-26a7299 e-con-full e-flex e-con e-child\" data-id=\"26a7299\" data-element_type=\"container\">\n\t\t\t\t<div class=\"elementor-element elementor-element-c452013 elementor-widget elementor-widget-text-editor\" data-id=\"c452013\" data-element_type=\"widget\" data-widget_type=\"text-editor.default\">\n\t\t\t\t<div class=\"elementor-widget-container\">\n\t\t\t\t\t\t\t\t\t<p>Convenios y Colaboraciones:<\/p><ul><li><span style=\"font-weight: 400;\">Instituto Neuro-Rosario, Rosario, Argentina.<\/span><\/li><li><span style=\"font-weight: 400;\">Fundaci\u00f3n Rosarina de neurorrehabilitaci\u00f3n, Rosario, Argentina.<\/span><\/li><li><span style=\"font-weight: 400;\">Centro de Rehabilitaci\u00f3n integral Los \u00c1lamos, Paran\u00e1, Argentina.<\/span><\/li><li><span style=\"font-weight: 400;\">Centro integral Avis, Paran\u00e1, Argentina.<\/span><\/li><li><span style=\"font-weight: 400;\">Instituto LIGHUEN de neuro-rehabilitaci\u00f3n, Paran\u00e1, Argentina.<\/span><\/li><li><span style=\"font-weight: 400;\">Neurorehabilitation systems group | Department of Health Science and Technology | Aalborg University, Dinamarca.<\/span><\/li><li><span style=\"font-weight: 400;\">Instituto Tecnol\u00f3gico de Buenos Aires, Buenos Aires, Argentina.<\/span><\/li><li><span style=\"font-weight: 400;\">FLENI, Buenos Aires, Argentina.<\/span><\/li><li>Universidad Aut\u00f3noma Metropolitana, M\u00e9xico.<\/li><\/ul>\t\t\t\t\t\t\t\t<\/div>\n\t\t\t\t<\/div>\n\t\t\t\t<\/div>\n\t\t\t\t\t<\/div>\n\t\t\t\t<\/div>\n\t\t\t\t<\/div>\n\t\t","protected":false},"excerpt":{"rendered":"<p>CONVENIOS Y COLABORACIONES Convenios y Colaboraciones: Instituto Neuro-Rosario, Rosario, Argentina. Fundaci\u00f3n Rosarina de neurorrehabilitaci\u00f3n, Rosario, Argentina. Centro de Rehabilitaci\u00f3n integral Los \u00c1lamos, Paran\u00e1, Argentina. Centro integral Avis, Paran\u00e1, Argentina. Instituto LIGHUEN de neuro-rehabilitaci\u00f3n, Paran\u00e1, Argentina. Neurorehabilitation systems group | Department of Health Science and Technology | Aalborg University, Dinamarca. Instituto Tecnol\u00f3gico de Buenos Aires, Buenos [&hellip;]<\/p>\n","protected":false},"author":5,"featured_media":0,"parent":0,"menu_order":0,"comment_status":"closed","ping_status":"closed","template":"","meta":{"_acf_changed":false,"_eb_attr":"","site-sidebar-layout":"no-sidebar","site-content-layout":"page-builder","ast-site-content-layout":"full-width-container","site-content-style":"default","site-sidebar-style":"default","ast-global-header-display":"","ast-banner-title-visibility":"","ast-main-header-display":"","ast-hfb-above-header-display":"","ast-hfb-below-header-display":"","ast-hfb-mobile-header-display":"","site-post-title":"disabled","ast-breadcrumbs-content":"","ast-featured-img":"disabled","footer-sml-layout":"","theme-transparent-header-meta":"","adv-header-id-meta":"","stick-header-meta":"","header-above-stick-meta":"","header-main-stick-meta":"","header-below-stick-meta":"","astra-migrate-meta-layouts":"set","ast-page-background-enabled":"default","ast-page-background-meta":{"desktop":{"background-color":"var(--ast-global-color-4)","background-image":"","background-repeat":"repeat","background-position":"center center","background-size":"auto","background-attachment":"scroll","background-type":"","background-media":"","overlay-type":"","overlay-color":"","overlay-gradient":""},"tablet":{"background-color":"","background-image":"","background-repeat":"repeat","background-position":"center center","background-size":"auto","background-attachment":"scroll","background-type":"","background-media":"","overlay-type":"","overlay-color":"","overlay-gradient":""},"mobile":{"background-color":"","background-image":"","background-repeat":"repeat","background-position":"center center","background-size":"auto","background-attachment":"scroll","background-type":"","background-media":"","overlay-type":"","overlay-color":"","overlay-gradient":""}},"ast-content-background-meta":{"desktop":{"background-color":"var(--ast-global-color-5)","background-image":"","background-repeat":"repeat","background-position":"center center","background-size":"auto","background-attachment":"scroll","background-type":"","background-media":"","overlay-type":"","overlay-color":"","overlay-gradient":""},"tablet":{"background-color":"var(--ast-global-color-5)","background-image":"","background-repeat":"repeat","background-position":"center center","background-size":"auto","background-attachment":"scroll","background-type":"","background-media":"","overlay-type":"","overlay-color":"","overlay-gradient":""},"mobile":{"background-color":"var(--ast-global-color-5)","background-image":"","background-repeat":"repeat","background-position":"center center","background-size":"auto","background-attachment":"scroll","background-type":"","background-media":"","overlay-type":"","overlay-color":"","overlay-gradient":""}},"footnotes":""},"class_list":["post-629","page","type-page","status-publish","hentry"],"acf":[],"mfb_rest_fields":["gutenberg_elementor_mode"],"_links":{"self":[{"href":"https:\/\/ingenieria.uner.edu.ar\/nucleos\/cirins\/rehabilitacion\/index.php\/wp-json\/wp\/v2\/pages\/629","targetHints":{"allow":["GET"]}}],"collection":[{"href":"https:\/\/ingenieria.uner.edu.ar\/nucleos\/cirins\/rehabilitacion\/index.php\/wp-json\/wp\/v2\/pages"}],"about":[{"href":"https:\/\/ingenieria.uner.edu.ar\/nucleos\/cirins\/rehabilitacion\/index.php\/wp-json\/wp\/v2\/types\/page"}],"author":[{"embeddable":true,"href":"https:\/\/ingenieria.uner.edu.ar\/nucleos\/cirins\/rehabilitacion\/index.php\/wp-json\/wp\/v2\/users\/5"}],"replies":[{"embeddable":true,"href":"https:\/\/ingenieria.uner.edu.ar\/nucleos\/cirins\/rehabilitacion\/index.php\/wp-json\/wp\/v2\/comments?post=629"}],"version-history":[{"count":30,"href":"https:\/\/ingenieria.uner.edu.ar\/nucleos\/cirins\/rehabilitacion\/index.php\/wp-json\/wp\/v2\/pages\/629\/revisions"}],"predecessor-version":[{"id":1025,"href":"https:\/\/ingenieria.uner.edu.ar\/nucleos\/cirins\/rehabilitacion\/index.php\/wp-json\/wp\/v2\/pages\/629\/revisions\/1025"}],"wp:attachment":[{"href":"https:\/\/ingenieria.uner.edu.ar\/nucleos\/cirins\/rehabilitacion\/index.php\/wp-json\/wp\/v2\/media?parent=629"}],"curies":[{"name":"wp","href":"https:\/\/api.w.org\/{rel}","templated":true}]}}