{"id":239,"date":"2023-11-07T18:59:32","date_gmt":"2023-11-07T21:59:32","guid":{"rendered":"https:\/\/ingenieria.uner.edu.ar\/nucleos\/informatica_aplicada\/?page_id=239"},"modified":"2024-12-09T14:28:48","modified_gmt":"2024-12-09T17:28:48","slug":"servicios","status":"publish","type":"page","link":"https:\/\/ingenieria.uner.edu.ar\/nucleos\/informatica_aplicada\/index.php\/servicios\/","title":{"rendered":"Capacidades Tecnol\u00f3gicas"},"content":{"rendered":"\t\t<div data-elementor-type=\"wp-page\" data-elementor-id=\"239\" class=\"elementor elementor-239\">\n\t\t\t\t<div class=\"elementor-element elementor-element-625569e e-flex e-con-boxed e-con e-parent\" data-id=\"625569e\" data-element_type=\"container\" data-settings=\"{&quot;background_background&quot;:&quot;classic&quot;}\">\n\t\t\t\t\t<div class=\"e-con-inner\">\n\t\t<div class=\"elementor-element elementor-element-b947f06 e-con-full e-flex e-con e-child\" data-id=\"b947f06\" data-element_type=\"container\" data-settings=\"{&quot;background_background&quot;:&quot;classic&quot;}\">\n\t\t\t\t<div class=\"elementor-element elementor-element-cadcda2 elementor-widget elementor-widget-heading\" data-id=\"cadcda2\" data-element_type=\"widget\" data-widget_type=\"heading.default\">\n\t\t\t\t<div class=\"elementor-widget-container\">\n\t\t\t<style>\/*! elementor - v3.23.0 - 05-08-2024 *\/\n.elementor-heading-title{padding:0;margin:0;line-height:1}.elementor-widget-heading .elementor-heading-title[class*=elementor-size-]>a{color:inherit;font-size:inherit;line-height:inherit}.elementor-widget-heading .elementor-heading-title.elementor-size-small{font-size:15px}.elementor-widget-heading .elementor-heading-title.elementor-size-medium{font-size:19px}.elementor-widget-heading .elementor-heading-title.elementor-size-large{font-size:29px}.elementor-widget-heading .elementor-heading-title.elementor-size-xl{font-size:39px}.elementor-widget-heading .elementor-heading-title.elementor-size-xxl{font-size:59px}<\/style><h2 class=\"elementor-heading-title elementor-size-default\">Capacidades Tecnol\u00f3gicas<\/h2>\t\t<\/div>\n\t\t\t\t<\/div>\n\t\t\t\t<\/div>\n\t\t\t\t\t<\/div>\n\t\t\t\t<\/div>\n\t\t<div class=\"elementor-element elementor-element-6e6aab0 e-flex e-con-boxed e-con e-parent\" data-id=\"6e6aab0\" data-element_type=\"container\" data-settings=\"{&quot;background_background&quot;:&quot;classic&quot;}\">\n\t\t\t\t\t<div class=\"e-con-inner\">\n\t\t\t\t<div class=\"elementor-element elementor-element-a06d445 elementor-widget elementor-widget-heading\" data-id=\"a06d445\" data-element_type=\"widget\" data-widget_type=\"heading.default\">\n\t\t\t\t<div class=\"elementor-widget-container\">\n\t\t\t<h2 class=\"elementor-heading-title elementor-size-default\">En el Laboratorio de Inform\u00e1tica y Computaci\u00f3n Aplicada (LICA), contamos con una s\u00f3lida infraestructura tecnol\u00f3gica y un equipo que nos permite desarrollar soluciones innovadoras y de alto impacto en el \u00e1mbito de la inform\u00e1tica y la computaci\u00f3n aplicada.\n\nNuestro enfoque est\u00e1 orientado a la generaci\u00f3n de soluciones pr\u00e1cticas y personalizadas que no solo promuevan la innovaci\u00f3n tecnol\u00f3gica, sino que tambi\u00e9n impulsen el desarrollo de la industria local, regional y nacional.\n<\/h2>\t\t<\/div>\n\t\t\t\t<\/div>\n\t\t\t\t\t<\/div>\n\t\t\t\t<\/div>\n\t\t<div class=\"elementor-element elementor-element-c7e2860 e-flex e-con-boxed e-con e-parent\" data-id=\"c7e2860\" data-element_type=\"container\" data-settings=\"{&quot;background_background&quot;:&quot;classic&quot;}\">\n\t\t\t\t\t<div class=\"e-con-inner\">\n\t\t\t\t<div class=\"elementor-element elementor-element-fb9e3f9 elementor-widget elementor-widget-text-editor\" data-id=\"fb9e3f9\" data-element_type=\"widget\" data-widget_type=\"text-editor.default\">\n\t\t\t\t<div class=\"elementor-widget-container\">\n\t\t\t<style>\/*! elementor - v3.23.0 - 05-08-2024 *\/\n.elementor-widget-text-editor.elementor-drop-cap-view-stacked .elementor-drop-cap{background-color:#69727d;color:#fff}.elementor-widget-text-editor.elementor-drop-cap-view-framed .elementor-drop-cap{color:#69727d;border:3px solid;background-color:transparent}.elementor-widget-text-editor:not(.elementor-drop-cap-view-default) .elementor-drop-cap{margin-top:8px}.elementor-widget-text-editor:not(.elementor-drop-cap-view-default) .elementor-drop-cap-letter{width:1em;height:1em}.elementor-widget-text-editor .elementor-drop-cap{float:left;text-align:center;line-height:1;font-size:50px}.elementor-widget-text-editor .elementor-drop-cap-letter{display:inline-block}<\/style>\t\t\t\t<div>Nuestras capacidades est\u00e1n direccionadas a atender la demanda de los siguientes sectores de I+D+i<\/div>\t\t\t\t\t\t<\/div>\n\t\t\t\t<\/div>\n\t\t\t\t<div class=\"elementor-element elementor-element-0f5aadb elementor-widget elementor-widget-eael-adv-accordion\" data-id=\"0f5aadb\" data-element_type=\"widget\" data-widget_type=\"eael-adv-accordion.default\">\n\t\t\t\t<div class=\"elementor-widget-container\">\n\t\t\t        <div class=\"eael-adv-accordion\" id=\"eael-adv-accordion-0f5aadb\" data-scroll-on-click=\"no\" data-scroll-speed=\"300\" data-accordion-id=\"0f5aadb\" data-accordion-type=\"accordion\" data-toogle-speed=\"300\">\n    <div class=\"eael-accordion-list\">\n                <div id=\"instituciones-gubernamentales-municipales-provinciales-nacionales\" class=\"elementor-tab-title eael-accordion-header\" tabindex=\"0\" data-tab=\"1\" aria-controls=\"elementor-tab-content-1611\"><span class=\"eael-accordion-tab-title\">INSTITUCIONES GUBERNAMENTALES (Municipales\/ Provinciales\/ Nacionales)<\/span><svg aria-hidden=\"true\" class=\"fa-toggle e-font-icon-svg e-fas-angle-right\" viewBox=\"0 0 256 512\" xmlns=\"http:\/\/www.w3.org\/2000\/svg\"><path d=\"M224.3 273l-136 136c-9.4 9.4-24.6 9.4-33.9 0l-22.6-22.6c-9.4-9.4-9.4-24.6 0-33.9l96.4-96.4-96.4-96.4c-9.4-9.4-9.4-24.6 0-33.9L54.3 103c9.4-9.4 24.6-9.4 33.9 0l136 136c9.5 9.4 9.5 24.6.1 34z\"><\/path><\/svg><\/div><div id=\"elementor-tab-content-1611\" class=\"eael-accordion-content clearfix\" data-tab=\"1\" aria-labelledby=\"instituciones-gubernamentales-municipales-provinciales-nacionales\"><ul><li>Pruebas de software (testing)<\/li><li>Prototipado r\u00e1pido de aplicaciones de IoT<\/li><\/ul><\/div>\n                <\/div><div class=\"eael-accordion-list\">\n                <div id=\"empresas\" class=\"elementor-tab-title eael-accordion-header\" tabindex=\"0\" data-tab=\"2\" aria-controls=\"elementor-tab-content-1612\"><span class=\"eael-accordion-tab-title\">EMPRESAS<\/span><svg aria-hidden=\"true\" class=\"fa-toggle e-font-icon-svg e-fas-angle-right\" viewBox=\"0 0 256 512\" xmlns=\"http:\/\/www.w3.org\/2000\/svg\"><path d=\"M224.3 273l-136 136c-9.4 9.4-24.6 9.4-33.9 0l-22.6-22.6c-9.4-9.4-9.4-24.6 0-33.9l96.4-96.4-96.4-96.4c-9.4-9.4-9.4-24.6 0-33.9L54.3 103c9.4-9.4 24.6-9.4 33.9 0l136 136c9.5 9.4 9.5 24.6.1 34z\"><\/path><\/svg><\/div><div id=\"elementor-tab-content-1612\" class=\"eael-accordion-content clearfix\" data-tab=\"2\" aria-labelledby=\"empresas\"><ul><li>Pruebas de software (testing)<\/li><li>Prototipado r\u00e1pido de aplicaciones de IoT<\/li><\/ul><\/div>\n                <\/div><\/div>\t\t<\/div>\n\t\t\t\t<\/div>\n\t\t\t\t\t<\/div>\n\t\t\t\t<\/div>\n\t\t<div class=\"elementor-element elementor-element-363c514 elementor-hidden-desktop elementor-hidden-tablet elementor-hidden-mobile e-flex e-con-boxed e-con e-parent\" data-id=\"363c514\" data-element_type=\"container\" data-settings=\"{&quot;background_background&quot;:&quot;classic&quot;}\">\n\t\t\t\t\t<div class=\"e-con-inner\">\n\t\t\t\t<div class=\"elementor-element elementor-element-654dddd elementor-widget elementor-widget-text-editor\" data-id=\"654dddd\" data-element_type=\"widget\" data-widget_type=\"text-editor.default\">\n\t\t\t\t<div class=\"elementor-widget-container\">\n\t\t\t\t\t\t\t<div>\u00a8Las capacidades tecnol\u00f3gicas describen las habilidades m\u00e1s amplias que se requieren para iniciar un proceso de crecimiento y desarrollo sostenido. Incluyendo la innovaci\u00f3n y el desarrollo a partir del \u201cesfuerzo\u201d tecnol\u00f3gico como un elemento crucial para el acceso a tecnolog\u00eda avanzada que establece una condici\u00f3n necesaria, pero que debe ir acompa\u00f1ado por la constante formaci\u00f3n de recursos humanos y factores institucionales.&#8221;<\/div><div>\u00a0<\/div><div>Nuestras capacidades est\u00e1n direccionadas a atender la demanda de los siguientes sectores de I+D+i<\/div>\t\t\t\t\t\t<\/div>\n\t\t\t\t<\/div>\n\t\t\t\t<div class=\"elementor-element elementor-element-0e005cb elementor-widget elementor-widget-eael-adv-accordion\" data-id=\"0e005cb\" data-element_type=\"widget\" data-widget_type=\"eael-adv-accordion.default\">\n\t\t\t\t<div class=\"elementor-widget-container\">\n\t\t\t        <div class=\"eael-adv-accordion\" id=\"eael-adv-accordion-0e005cb\" data-scroll-on-click=\"no\" data-scroll-speed=\"300\" data-accordion-id=\"0e005cb\" data-accordion-type=\"accordion\" data-toogle-speed=\"300\">\n    <div class=\"eael-accordion-list\">\n                <div id=\"instituciones-educativas-institutos-universidades-centros-de-id\" class=\"elementor-tab-title eael-accordion-header active-default\" tabindex=\"0\" data-tab=\"1\" aria-controls=\"elementor-tab-content-1461\"><span class=\"eael-accordion-tab-title\">INSTITUCIONES EDUCATIVAS (Institutos\/ Universidades\/ Centros de I+D)<\/span><svg aria-hidden=\"true\" class=\"fa-toggle e-font-icon-svg e-fas-angle-right\" viewBox=\"0 0 256 512\" xmlns=\"http:\/\/www.w3.org\/2000\/svg\"><path d=\"M224.3 273l-136 136c-9.4 9.4-24.6 9.4-33.9 0l-22.6-22.6c-9.4-9.4-9.4-24.6 0-33.9l96.4-96.4-96.4-96.4c-9.4-9.4-9.4-24.6 0-33.9L54.3 103c9.4-9.4 24.6-9.4 33.9 0l136 136c9.5 9.4 9.5 24.6.1 34z\"><\/path><\/svg><\/div><div id=\"elementor-tab-content-1461\" class=\"eael-accordion-content clearfix active-default\" data-tab=\"1\" aria-labelledby=\"instituciones-educativas-institutos-universidades-centros-de-id\"><p>Lorem ipsum dolor sit amet, consectetur adipiscing elit. Aliquam non eleifend turpis. Orci varius natoque penatibus et magnis dis parturient montes, nascetur ridiculus mus. Donec tellus ligula, eleifend nec faucibus ut, pulvinar nec ante. Integer pretium dolor felis, in luctus erat aliquam nec. Integer vitae pulvinar nisi, quis semper dolor. Sed a diam eu tortor ullamcorper egestas. Aliquam erat volutpat.<\/p><\/div>\n                <\/div><div class=\"eael-accordion-list\">\n                <div id=\"instituciones-gubernamentales-municipales-provinciales-nacionales\" class=\"elementor-tab-title eael-accordion-header\" tabindex=\"0\" data-tab=\"2\" aria-controls=\"elementor-tab-content-1462\"><span class=\"eael-accordion-tab-title\">INSTITUCIONES GUBERNAMENTALES (Municipales\/ Provinciales\/ Nacionales)<\/span><svg aria-hidden=\"true\" class=\"fa-toggle e-font-icon-svg e-fas-angle-right\" viewBox=\"0 0 256 512\" xmlns=\"http:\/\/www.w3.org\/2000\/svg\"><path d=\"M224.3 273l-136 136c-9.4 9.4-24.6 9.4-33.9 0l-22.6-22.6c-9.4-9.4-9.4-24.6 0-33.9l96.4-96.4-96.4-96.4c-9.4-9.4-9.4-24.6 0-33.9L54.3 103c9.4-9.4 24.6-9.4 33.9 0l136 136c9.5 9.4 9.5 24.6.1 34z\"><\/path><\/svg><\/div><div id=\"elementor-tab-content-1462\" class=\"eael-accordion-content clearfix\" data-tab=\"2\" aria-labelledby=\"instituciones-gubernamentales-municipales-provinciales-nacionales\"><p>Lorem ipsum dolor sit amet, consectetur adipiscing elit. Aliquam non eleifend turpis. Orci varius natoque penatibus et magnis dis parturient montes, nascetur ridiculus mus. Donec tellus ligula, eleifend nec faucibus ut, pulvinar nec ante. Integer pretium dolor felis, in luctus erat aliquam nec. Integer vitae pulvinar nisi, quis semper dolor. Sed a diam eu tortor ullamcorper egestas. Aliquam erat volutpat.<\/p><\/div>\n                <\/div><div class=\"eael-accordion-list\">\n                <div id=\"empresas\" class=\"elementor-tab-title eael-accordion-header\" tabindex=\"0\" data-tab=\"3\" aria-controls=\"elementor-tab-content-1463\"><span class=\"eael-accordion-tab-title\">EMPRESAS<\/span><svg aria-hidden=\"true\" class=\"fa-toggle e-font-icon-svg e-fas-angle-right\" viewBox=\"0 0 256 512\" xmlns=\"http:\/\/www.w3.org\/2000\/svg\"><path d=\"M224.3 273l-136 136c-9.4 9.4-24.6 9.4-33.9 0l-22.6-22.6c-9.4-9.4-9.4-24.6 0-33.9l96.4-96.4-96.4-96.4c-9.4-9.4-9.4-24.6 0-33.9L54.3 103c9.4-9.4 24.6-9.4 33.9 0l136 136c9.5 9.4 9.5 24.6.1 34z\"><\/path><\/svg><\/div><div id=\"elementor-tab-content-1463\" class=\"eael-accordion-content clearfix\" data-tab=\"3\" aria-labelledby=\"empresas\"><p>Lorem ipsum dolor sit amet, consectetur adipiscing elit. Aliquam non eleifend turpis. Orci varius natoque penatibus et magnis dis parturient montes, nascetur ridiculus mus. Donec tellus ligula, eleifend nec faucibus ut, pulvinar nec ante. Integer pretium dolor felis, in luctus erat aliquam nec. Integer vitae pulvinar nisi, quis semper dolor. Sed a diam eu tortor ullamcorper egestas. Aliquam erat volutpat.<\/p><\/div>\n                <\/div><\/div>\t\t<\/div>\n\t\t\t\t<\/div>\n\t\t\t\t\t<\/div>\n\t\t\t\t<\/div>\n\t\t\t\t<\/div>\n\t\t","protected":false},"excerpt":{"rendered":"<p>Capacidades Tecnol\u00f3gicas En el Laboratorio de Inform\u00e1tica y Computaci\u00f3n Aplicada (LICA), contamos con una s\u00f3lida infraestructura tecnol\u00f3gica y un equipo que nos permite desarrollar soluciones innovadoras y de alto impacto en el \u00e1mbito de la inform\u00e1tica y la computaci\u00f3n aplicada. Nuestro enfoque est\u00e1 orientado a la generaci\u00f3n de soluciones pr\u00e1cticas y personalizadas que no solo [&hellip;]<\/p>\n","protected":false},"author":4,"featured_media":0,"parent":0,"menu_order":0,"comment_status":"closed","ping_status":"closed","template":"","meta":{"site-sidebar-layout":"no-sidebar","site-content-layout":"page-builder","ast-site-content-layout":"full-width-container","site-content-style":"default","site-sidebar-style":"default","ast-global-header-display":"","ast-banner-title-visibility":"","ast-main-header-display":"","ast-hfb-above-header-display":"","ast-hfb-below-header-display":"","ast-hfb-mobile-header-display":"","site-post-title":"disabled","ast-breadcrumbs-content":"","ast-featured-img":"disabled","footer-sml-layout":"","theme-transparent-header-meta":"","adv-header-id-meta":"","stick-header-meta":"","header-above-stick-meta":"","header-main-stick-meta":"","header-below-stick-meta":"","astra-migrate-meta-layouts":"set","ast-page-background-enabled":"default","ast-page-background-meta":{"desktop":{"background-color":"var(--ast-global-color-4)","background-image":"","background-repeat":"repeat","background-position":"center center","background-size":"auto","background-attachment":"scroll","background-type":"","background-media":"","overlay-type":"","overlay-color":"","overlay-gradient":""},"tablet":{"background-color":"","background-image":"","background-repeat":"repeat","background-position":"center center","background-size":"auto","background-attachment":"scroll","background-type":"","background-media":"","overlay-type":"","overlay-color":"","overlay-gradient":""},"mobile":{"background-color":"","background-image":"","background-repeat":"repeat","background-position":"center center","background-size":"auto","background-attachment":"scroll","background-type":"","background-media":"","overlay-type":"","overlay-color":"","overlay-gradient":""}},"ast-content-background-meta":{"desktop":{"background-color":"var(--ast-global-color-5)","background-image":"","background-repeat":"repeat","background-position":"center center","background-size":"auto","background-attachment":"scroll","background-type":"","background-media":"","overlay-type":"","overlay-color":"","overlay-gradient":""},"tablet":{"background-color":"var(--ast-global-color-5)","background-image":"","background-repeat":"repeat","background-position":"center center","background-size":"auto","background-attachment":"scroll","background-type":"","background-media":"","overlay-type":"","overlay-color":"","overlay-gradient":""},"mobile":{"background-color":"var(--ast-global-color-5)","background-image":"","background-repeat":"repeat","background-position":"center center","background-size":"auto","background-attachment":"scroll","background-type":"","background-media":"","overlay-type":"","overlay-color":"","overlay-gradient":""}},"footnotes":""},"class_list":["post-239","page","type-page","status-publish","hentry"],"_links":{"self":[{"href":"https:\/\/ingenieria.uner.edu.ar\/nucleos\/informatica_aplicada\/index.php\/wp-json\/wp\/v2\/pages\/239","targetHints":{"allow":["GET"]}}],"collection":[{"href":"https:\/\/ingenieria.uner.edu.ar\/nucleos\/informatica_aplicada\/index.php\/wp-json\/wp\/v2\/pages"}],"about":[{"href":"https:\/\/ingenieria.uner.edu.ar\/nucleos\/informatica_aplicada\/index.php\/wp-json\/wp\/v2\/types\/page"}],"author":[{"embeddable":true,"href":"https:\/\/ingenieria.uner.edu.ar\/nucleos\/informatica_aplicada\/index.php\/wp-json\/wp\/v2\/users\/4"}],"replies":[{"embeddable":true,"href":"https:\/\/ingenieria.uner.edu.ar\/nucleos\/informatica_aplicada\/index.php\/wp-json\/wp\/v2\/comments?post=239"}],"version-history":[{"count":59,"href":"https:\/\/ingenieria.uner.edu.ar\/nucleos\/informatica_aplicada\/index.php\/wp-json\/wp\/v2\/pages\/239\/revisions"}],"predecessor-version":[{"id":471,"href":"https:\/\/ingenieria.uner.edu.ar\/nucleos\/informatica_aplicada\/index.php\/wp-json\/wp\/v2\/pages\/239\/revisions\/471"}],"wp:attachment":[{"href":"https:\/\/ingenieria.uner.edu.ar\/nucleos\/informatica_aplicada\/index.php\/wp-json\/wp\/v2\/media?parent=239"}],"curies":[{"name":"wp","href":"https:\/\/api.w.org\/{rel}","templated":true}]}}