{"id":1102,"date":"2025-09-18T12:22:47","date_gmt":"2025-09-18T15:22:47","guid":{"rendered":"https:\/\/ingenieria.uner.edu.ar\/nucleos\/licis\/?page_id=1102"},"modified":"2025-09-18T12:26:48","modified_gmt":"2025-09-18T15:26:48","slug":"capacidades","status":"publish","type":"page","link":"https:\/\/ingenieria.uner.edu.ar\/nucleos\/licis\/index.php\/capacidades\/","title":{"rendered":"Capacidades Tecnol\u00f3gicas"},"content":{"rendered":"\t\t<div data-elementor-type=\"wp-page\" data-elementor-id=\"1102\" class=\"elementor elementor-1102\">\n\t\t\t\t<div class=\"elementor-element elementor-element-625569e e-flex e-con-boxed e-con e-parent\" data-id=\"625569e\" data-element_type=\"container\" data-settings=\"{&quot;background_background&quot;:&quot;classic&quot;}\">\n\t\t\t\t\t<div class=\"e-con-inner\">\n\t\t<div class=\"elementor-element elementor-element-b947f06 e-con-full e-flex e-con e-child\" data-id=\"b947f06\" data-element_type=\"container\" data-settings=\"{&quot;background_background&quot;:&quot;classic&quot;}\">\n\t\t\t\t<div class=\"elementor-element elementor-element-cadcda2 elementor-widget elementor-widget-heading\" data-id=\"cadcda2\" data-element_type=\"widget\" data-widget_type=\"heading.default\">\n\t\t\t\t<div class=\"elementor-widget-container\">\n\t\t\t\t\t<h2 class=\"elementor-heading-title elementor-size-default\">Capacidades Tecnol\u00f3gicas<\/h2>\t\t\t\t<\/div>\n\t\t\t\t<\/div>\n\t\t\t\t<\/div>\n\t\t\t\t\t<\/div>\n\t\t\t\t<\/div>\n\t\t<div class=\"elementor-element elementor-element-6e6aab0 e-flex e-con-boxed e-con e-parent\" data-id=\"6e6aab0\" data-element_type=\"container\" data-settings=\"{&quot;background_background&quot;:&quot;classic&quot;}\">\n\t\t\t\t\t<div class=\"e-con-inner\">\n\t\t\t\t<div class=\"elementor-element elementor-element-a06d445 elementor-widget elementor-widget-heading\" data-id=\"a06d445\" data-element_type=\"widget\" data-widget_type=\"heading.default\">\n\t\t\t\t<div class=\"elementor-widget-container\">\n\t\t\t\t\t<h2 class=\"elementor-heading-title elementor-size-default\">El LICIS impulsa la investigaci\u00f3n, innovaci\u00f3n y formaci\u00f3n en tecnolog\u00edas m\u00e9dicas e infraestructura hospitalaria, generando soluciones que mejoran la seguridad y eficiencia de los servicios de salud.<\/h2>\t\t\t\t<\/div>\n\t\t\t\t<\/div>\n\t\t\t\t\t<\/div>\n\t\t\t\t<\/div>\n\t\t<div class=\"elementor-element elementor-element-defc471 e-flex e-con-boxed e-con e-parent\" data-id=\"defc471\" data-element_type=\"container\" data-settings=\"{&quot;background_background&quot;:&quot;classic&quot;}\">\n\t\t\t\t\t<div class=\"e-con-inner\">\n\t\t\t\t<div class=\"elementor-element elementor-element-610cca9 elementor-widget elementor-widget-eael-adv-accordion\" data-id=\"610cca9\" data-element_type=\"widget\" data-widget_type=\"eael-adv-accordion.default\">\n\t\t\t\t<div class=\"elementor-widget-container\">\n\t\t\t\t\t        <div class=\"eael-adv-accordion\" id=\"eael-adv-accordion-610cca9\" data-scroll-on-click=\"no\" data-scroll-speed=\"300\" data-accordion-id=\"610cca9\" data-accordion-type=\"accordion\" data-toogle-speed=\"300\">\n    <div class=\"eael-accordion-list\">\n                <div id=\"instituciones-educativas-institutos-universidades-centros-de-id\" class=\"elementor-tab-title eael-accordion-header active-default\" tabindex=\"0\" data-tab=\"1\" aria-controls=\"elementor-tab-content-1011\"><span class=\"eael-accordion-tab-title\">INSTITUCIONES EDUCATIVAS (Institutos \/ Universidades \/ Centros de I+D)<\/span><svg aria-hidden=\"true\" class=\"fa-toggle e-font-icon-svg e-fas-angle-right\" viewBox=\"0 0 256 512\" xmlns=\"http:\/\/www.w3.org\/2000\/svg\"><path d=\"M224.3 273l-136 136c-9.4 9.4-24.6 9.4-33.9 0l-22.6-22.6c-9.4-9.4-9.4-24.6 0-33.9l96.4-96.4-96.4-96.4c-9.4-9.4-9.4-24.6 0-33.9L54.3 103c9.4-9.4 24.6-9.4 33.9 0l136 136c9.5 9.4 9.5 24.6.1 34z\"><\/path><\/svg><\/div><div id=\"elementor-tab-content-1011\" class=\"eael-accordion-content clearfix active-default\" data-tab=\"1\" aria-labelledby=\"instituciones-educativas-institutos-universidades-centros-de-id\"><ul><li><p><strong>Vinculaci\u00f3n estrat\u00e9gica<\/strong> con universidades nacionales e internacionales para el desarrollo de proyectos conjuntos de investigaci\u00f3n e innovaci\u00f3n en ingenier\u00eda cl\u00ednica, infraestructura hospitalaria y gesti\u00f3n de tecnolog\u00eda sanitaria.<\/p><\/li><li><p><strong>Cooperaci\u00f3n activa<\/strong> con centros de investigaci\u00f3n especializados en bioingenier\u00eda, tecnolog\u00edas m\u00e9dicas, evaluaci\u00f3n de tecnolog\u00edas sanitarias y optimizaci\u00f3n de recursos en salud.<\/p><\/li><li><p><strong>Organizaci\u00f3n y dictado<\/strong> de cursos, seminarios y programas de capacitaci\u00f3n en ingenier\u00eda cl\u00ednica, gesti\u00f3n de dispositivos m\u00e9dicos e infraestructura sanitaria, con acceso a certificaciones acad\u00e9micas y reconocimiento institucional.<\/p><\/li><\/ul><\/div>\n                <\/div><div class=\"eael-accordion-list\">\n                <div id=\"instituciones-gubernamentales-municipales-provinciales-nacionales\" class=\"elementor-tab-title eael-accordion-header\" tabindex=\"0\" data-tab=\"2\" aria-controls=\"elementor-tab-content-1012\"><span class=\"eael-accordion-tab-title\">INSTITUCIONES GUBERNAMENTALES (Municipales\/ Provinciales\/ Nacionales)<\/span><svg aria-hidden=\"true\" class=\"fa-toggle e-font-icon-svg e-fas-angle-right\" viewBox=\"0 0 256 512\" xmlns=\"http:\/\/www.w3.org\/2000\/svg\"><path d=\"M224.3 273l-136 136c-9.4 9.4-24.6 9.4-33.9 0l-22.6-22.6c-9.4-9.4-9.4-24.6 0-33.9l96.4-96.4-96.4-96.4c-9.4-9.4-9.4-24.6 0-33.9L54.3 103c9.4-9.4 24.6-9.4 33.9 0l136 136c9.5 9.4 9.5 24.6.1 34z\"><\/path><\/svg><\/div><div id=\"elementor-tab-content-1012\" class=\"eael-accordion-content clearfix\" data-tab=\"2\" aria-labelledby=\"instituciones-gubernamentales-municipales-provinciales-nacionales\"><ul><li><p>An\u00e1lisis e interpretaci\u00f3n de datos t\u00e9cnicos y cl\u00ednicos.<\/p><\/li><li><p>Asesoramiento en desarrollo, adquisici\u00f3n y gesti\u00f3n de equipamiento m\u00e9dico.<\/p><\/li><li><p>Dise\u00f1o, validaci\u00f3n e implementaci\u00f3n de protocolos y herramientas para tecnolog\u00eda sanitaria.<\/p><\/li><li><p>Capacitaci\u00f3n y formaci\u00f3n de recursos humanos en ingenier\u00eda cl\u00ednica e infraestructura hospitalaria.<\/p><\/li><li><p>Evaluaci\u00f3n de tecnolog\u00edas sanitarias y optimizaci\u00f3n de recursos.<\/p><\/li><\/ul><\/div>\n                <\/div><div class=\"eael-accordion-list\">\n                <div id=\"empresas\" class=\"elementor-tab-title eael-accordion-header\" tabindex=\"0\" data-tab=\"3\" aria-controls=\"elementor-tab-content-1013\"><span class=\"eael-accordion-tab-title\">EMPRESAS<\/span><svg aria-hidden=\"true\" class=\"fa-toggle e-font-icon-svg e-fas-angle-right\" viewBox=\"0 0 256 512\" xmlns=\"http:\/\/www.w3.org\/2000\/svg\"><path d=\"M224.3 273l-136 136c-9.4 9.4-24.6 9.4-33.9 0l-22.6-22.6c-9.4-9.4-9.4-24.6 0-33.9l96.4-96.4-96.4-96.4c-9.4-9.4-9.4-24.6 0-33.9L54.3 103c9.4-9.4 24.6-9.4 33.9 0l136 136c9.5 9.4 9.5 24.6.1 34z\"><\/path><\/svg><\/div><div id=\"elementor-tab-content-1013\" class=\"eael-accordion-content clearfix\" data-tab=\"3\" aria-labelledby=\"empresas\"><ul><li><p>Evaluaci\u00f3n de desempe\u00f1o y seguridad de dispositivos m\u00e9dicos.<\/p><\/li><li><p>An\u00e1lisis y validaci\u00f3n de tecnolog\u00edas sanitarias.<\/p><\/li><li><p>Capacitaci\u00f3n pr\u00e1ctica en gesti\u00f3n y uso de equipamiento m\u00e9dico.<\/p><\/li><\/ul><\/div>\n                <\/div><\/div>\t\t\t\t<\/div>\n\t\t\t\t<\/div>\n\t\t\t\t<div class=\"elementor-element elementor-element-e7d3c0b elementor-widget elementor-widget-text-editor\" data-id=\"e7d3c0b\" data-element_type=\"widget\" data-widget_type=\"text-editor.default\">\n\t\t\t\t<div class=\"elementor-widget-container\">\n\t\t\t\t\t\t\t\t\t<div>\u00a0<\/div>\t\t\t\t\t\t\t\t<\/div>\n\t\t\t\t<\/div>\n\t\t\t\t\t<\/div>\n\t\t\t\t<\/div>\n\t\t\t\t<\/div>\n\t\t","protected":false},"excerpt":{"rendered":"<p>Capacidades Tecnol\u00f3gicas El LICIS impulsa la investigaci\u00f3n, innovaci\u00f3n y formaci\u00f3n en tecnolog\u00edas m\u00e9dicas e infraestructura hospitalaria, generando soluciones que mejoran la seguridad y eficiencia de los servicios de salud. INSTITUCIONES EDUCATIVAS (Institutos \/ Universidades \/ Centros de I+D) Vinculaci\u00f3n estrat\u00e9gica con universidades nacionales e internacionales para el desarrollo de proyectos conjuntos de investigaci\u00f3n e innovaci\u00f3n [&hellip;]<\/p>\n","protected":false},"author":5,"featured_media":1092,"parent":0,"menu_order":0,"comment_status":"closed","ping_status":"closed","template":"","meta":{"site-sidebar-layout":"no-sidebar","site-content-layout":"page-builder","ast-site-content-layout":"full-width-container","site-content-style":"default","site-sidebar-style":"default","ast-global-header-display":"","ast-banner-title-visibility":"","ast-main-header-display":"","ast-hfb-above-header-display":"","ast-hfb-below-header-display":"","ast-hfb-mobile-header-display":"","site-post-title":"disabled","ast-breadcrumbs-content":"","ast-featured-img":"disabled","footer-sml-layout":"","theme-transparent-header-meta":"","adv-header-id-meta":"","stick-header-meta":"","header-above-stick-meta":"","header-main-stick-meta":"","header-below-stick-meta":"","astra-migrate-meta-layouts":"set","ast-page-background-enabled":"default","ast-page-background-meta":{"desktop":{"background-color":"var(--ast-global-color-4)","background-image":"","background-repeat":"repeat","background-position":"center center","background-size":"auto","background-attachment":"scroll","background-type":"","background-media":"","overlay-type":"","overlay-color":"","overlay-gradient":""},"tablet":{"background-color":"","background-image":"","background-repeat":"repeat","background-position":"center center","background-size":"auto","background-attachment":"scroll","background-type":"","background-media":"","overlay-type":"","overlay-color":"","overlay-gradient":""},"mobile":{"background-color":"","background-image":"","background-repeat":"repeat","background-position":"center center","background-size":"auto","background-attachment":"scroll","background-type":"","background-media":"","overlay-type":"","overlay-color":"","overlay-gradient":""}},"ast-content-background-meta":{"desktop":{"background-color":"var(--ast-global-color-5)","background-image":"","background-repeat":"repeat","background-position":"center center","background-size":"auto","background-attachment":"scroll","background-type":"","background-media":"","overlay-type":"","overlay-color":"","overlay-gradient":""},"tablet":{"background-color":"var(--ast-global-color-5)","background-image":"","background-repeat":"repeat","background-position":"center center","background-size":"auto","background-attachment":"scroll","background-type":"","background-media":"","overlay-type":"","overlay-color":"","overlay-gradient":""},"mobile":{"background-color":"var(--ast-global-color-5)","background-image":"","background-repeat":"repeat","background-position":"center center","background-size":"auto","background-attachment":"scroll","background-type":"","background-media":"","overlay-type":"","overlay-color":"","overlay-gradient":""}},"footnotes":""},"class_list":["post-1102","page","type-page","status-publish","has-post-thumbnail","hentry"],"_links":{"self":[{"href":"https:\/\/ingenieria.uner.edu.ar\/nucleos\/licis\/index.php\/wp-json\/wp\/v2\/pages\/1102","targetHints":{"allow":["GET"]}}],"collection":[{"href":"https:\/\/ingenieria.uner.edu.ar\/nucleos\/licis\/index.php\/wp-json\/wp\/v2\/pages"}],"about":[{"href":"https:\/\/ingenieria.uner.edu.ar\/nucleos\/licis\/index.php\/wp-json\/wp\/v2\/types\/page"}],"author":[{"embeddable":true,"href":"https:\/\/ingenieria.uner.edu.ar\/nucleos\/licis\/index.php\/wp-json\/wp\/v2\/users\/5"}],"replies":[{"embeddable":true,"href":"https:\/\/ingenieria.uner.edu.ar\/nucleos\/licis\/index.php\/wp-json\/wp\/v2\/comments?post=1102"}],"version-history":[{"count":6,"href":"https:\/\/ingenieria.uner.edu.ar\/nucleos\/licis\/index.php\/wp-json\/wp\/v2\/pages\/1102\/revisions"}],"predecessor-version":[{"id":1109,"href":"https:\/\/ingenieria.uner.edu.ar\/nucleos\/licis\/index.php\/wp-json\/wp\/v2\/pages\/1102\/revisions\/1109"}],"wp:featuredmedia":[{"embeddable":true,"href":"https:\/\/ingenieria.uner.edu.ar\/nucleos\/licis\/index.php\/wp-json\/wp\/v2\/media\/1092"}],"wp:attachment":[{"href":"https:\/\/ingenieria.uner.edu.ar\/nucleos\/licis\/index.php\/wp-json\/wp\/v2\/media?parent=1102"}],"curies":[{"name":"wp","href":"https:\/\/api.w.org\/{rel}","templated":true}]}}