{"id":239,"date":"2023-11-07T18:59:32","date_gmt":"2023-11-07T21:59:32","guid":{"rendered":"https:\/\/ingenieria.uner.edu.ar\/nucleos\/movimiento_humano\/?page_id=239"},"modified":"2025-10-07T17:12:24","modified_gmt":"2025-10-07T20:12:24","slug":"servicios","status":"publish","type":"page","link":"https:\/\/ingenieria.uner.edu.ar\/nucleos\/movimiento_humano\/index.php\/servicios\/","title":{"rendered":"Capacidades Tecnol\u00f3gicas"},"content":{"rendered":"\t\t<div data-elementor-type=\"wp-page\" data-elementor-id=\"239\" class=\"elementor elementor-239\">\n\t\t\t\t<div class=\"elementor-element elementor-element-625569e e-flex e-con-boxed e-con e-parent\" data-id=\"625569e\" data-element_type=\"container\" data-settings=\"{&quot;background_background&quot;:&quot;classic&quot;}\">\n\t\t\t\t\t<div class=\"e-con-inner\">\n\t\t<div class=\"elementor-element elementor-element-b947f06 e-con-full e-flex e-con e-child\" data-id=\"b947f06\" data-element_type=\"container\" data-settings=\"{&quot;background_background&quot;:&quot;classic&quot;}\">\n\t\t\t\t<div class=\"elementor-element elementor-element-cadcda2 elementor-widget elementor-widget-heading\" data-id=\"cadcda2\" data-element_type=\"widget\" data-widget_type=\"heading.default\">\n\t\t\t\t<div class=\"elementor-widget-container\">\n\t\t\t<style>\/*! elementor - v3.23.0 - 05-08-2024 *\/\n.elementor-heading-title{padding:0;margin:0;line-height:1}.elementor-widget-heading .elementor-heading-title[class*=elementor-size-]>a{color:inherit;font-size:inherit;line-height:inherit}.elementor-widget-heading .elementor-heading-title.elementor-size-small{font-size:15px}.elementor-widget-heading .elementor-heading-title.elementor-size-medium{font-size:19px}.elementor-widget-heading .elementor-heading-title.elementor-size-large{font-size:29px}.elementor-widget-heading .elementor-heading-title.elementor-size-xl{font-size:39px}.elementor-widget-heading .elementor-heading-title.elementor-size-xxl{font-size:59px}<\/style><h2 class=\"elementor-heading-title elementor-size-default\">Capacidades Tecnol\u00f3gicas<\/h2>\t\t<\/div>\n\t\t\t\t<\/div>\n\t\t\t\t<\/div>\n\t\t\t\t\t<\/div>\n\t\t\t\t<\/div>\n\t\t<div class=\"elementor-element elementor-element-6e6aab0 e-flex e-con-boxed e-con e-parent\" data-id=\"6e6aab0\" data-element_type=\"container\" data-settings=\"{&quot;background_background&quot;:&quot;classic&quot;}\">\n\t\t\t\t\t<div class=\"e-con-inner\">\n\t\t\t\t<div class=\"elementor-element elementor-element-a06d445 elementor-widget__width-initial elementor-widget elementor-widget-heading\" data-id=\"a06d445\" data-element_type=\"widget\" data-widget_type=\"heading.default\">\n\t\t\t\t<div class=\"elementor-widget-container\">\n\t\t\t<h1 class=\"elementor-heading-title elementor-size-default\">El Laboratorio de Investigaci\u00f3n en Movimiento Humano (MH) tiene como objetivo desarrollar y aplicar t\u00e9cnicas de ingenier\u00eda al an\u00e1lisis del movimiento humano (AMH), con \u00e9nfasis en la innovaci\u00f3n y el impacto social de las mismas en la comunidad. Se focaliza en el dise\u00f1o, desarrollo y validaci\u00f3n de dispositivos y tecnolog\u00edas que aporten al conocimiento del movimiento humano, la generaci\u00f3n, an\u00e1lisis e implementaci\u00f3n de herramientas computacionales del an\u00e1lisis del movimiento humano, y el registro, la caracterizaci\u00f3n de variables fisiol\u00f3gicas involucradas en el movimiento junto con la validaci\u00f3n , aporte y la implementaci\u00f3n en la cl\u00ednica de protocolos de an\u00e1lisis para la valoraci\u00f3n funcional del movimiento.<\/h1>\t\t<\/div>\n\t\t\t\t<\/div>\n\t\t\t\t\t<\/div>\n\t\t\t\t<\/div>\n\t\t<div class=\"elementor-element elementor-element-c7e2860 e-flex e-con-boxed e-con e-parent\" data-id=\"c7e2860\" data-element_type=\"container\" data-settings=\"{&quot;background_background&quot;:&quot;classic&quot;}\">\n\t\t\t\t\t<div class=\"e-con-inner\">\n\t\t\t\t<div class=\"elementor-element elementor-element-0f5aadb elementor-widget elementor-widget-eael-adv-accordion\" data-id=\"0f5aadb\" data-element_type=\"widget\" data-widget_type=\"eael-adv-accordion.default\">\n\t\t\t\t<div class=\"elementor-widget-container\">\n\t\t\t        <div class=\"eael-adv-accordion\" id=\"eael-adv-accordion-0f5aadb\" data-scroll-on-click=\"no\" data-scroll-speed=\"300\" data-accordion-id=\"0f5aadb\" data-accordion-type=\"accordion\" data-toogle-speed=\"300\">\n    <div class=\"eael-accordion-list\">\n                <div id=\"instituciones-educativas-institutos-universidades-centros-de-id\" class=\"elementor-tab-title eael-accordion-header active-default\" tabindex=\"0\" data-tab=\"1\" aria-controls=\"elementor-tab-content-1611\"><span class=\"eael-accordion-tab-title\">INSTITUCIONES EDUCATIVAS (Institutos\/ Universidades\/ Centros de I+D)<\/span><svg aria-hidden=\"true\" class=\"fa-toggle e-font-icon-svg e-fas-angle-right\" viewBox=\"0 0 256 512\" xmlns=\"http:\/\/www.w3.org\/2000\/svg\"><path d=\"M224.3 273l-136 136c-9.4 9.4-24.6 9.4-33.9 0l-22.6-22.6c-9.4-9.4-9.4-24.6 0-33.9l96.4-96.4-96.4-96.4c-9.4-9.4-9.4-24.6 0-33.9L54.3 103c9.4-9.4 24.6-9.4 33.9 0l136 136c9.5 9.4 9.5 24.6.1 34z\"><\/path><\/svg><\/div><div id=\"elementor-tab-content-1611\" class=\"eael-accordion-content clearfix active-default\" data-tab=\"1\" aria-labelledby=\"instituciones-educativas-institutos-universidades-centros-de-id\"><p>An\u00e1lisis e interpretaci\u00f3n de datos cl\u00ednicos <br \/>Asesoramiento en desarrollo de herramientos y productos relacionados al MH <br \/>Asesoramiento en licitaciones y compras de equipamientos de AMH <br \/>Cursos de grado y postgrado en AMH <br \/>Desarrollo de herramientas educacionales para la ense\u00f1anza de AM <br \/>Desarrollo de herramientas y protocolos de AMH <br \/>Dise\u00f1o de herramientas y protocolos de AMH <br \/>Estad\u00edas de formaci\u00f3n de recursos humanos en las instalaciones del LIMH <br \/>Evaluaci\u00f3n de tecnolog\u00eda sanitaria aplicada al AM <br \/>Formaci\u00f3n de recursos humanos en el \u00e1rea de incumbencia del laboratorio <br \/>Implementaci\u00f3n de herramientas y protocolos de AMH <br \/>Interpretaci\u00f3n t\u00e9cnica de datos registrados <br \/>Registro de datos de movimiento humano para estudios y\/o evaluaciones cl\u00ednicas o deportivas<\/p><\/div>\n                <\/div><div class=\"eael-accordion-list\">\n                <div id=\"instituciones-gubernamentales-municipales-provinciales-nacionales\" class=\"elementor-tab-title eael-accordion-header\" tabindex=\"0\" data-tab=\"2\" aria-controls=\"elementor-tab-content-1612\"><span class=\"eael-accordion-tab-title\">INSTITUCIONES GUBERNAMENTALES (Municipales\/ Provinciales\/ Nacionales)<\/span><svg aria-hidden=\"true\" class=\"fa-toggle e-font-icon-svg e-fas-angle-right\" viewBox=\"0 0 256 512\" xmlns=\"http:\/\/www.w3.org\/2000\/svg\"><path d=\"M224.3 273l-136 136c-9.4 9.4-24.6 9.4-33.9 0l-22.6-22.6c-9.4-9.4-9.4-24.6 0-33.9l96.4-96.4-96.4-96.4c-9.4-9.4-9.4-24.6 0-33.9L54.3 103c9.4-9.4 24.6-9.4 33.9 0l136 136c9.5 9.4 9.5 24.6.1 34z\"><\/path><\/svg><\/div><div id=\"elementor-tab-content-1612\" class=\"eael-accordion-content clearfix\" data-tab=\"2\" aria-labelledby=\"instituciones-gubernamentales-municipales-provinciales-nacionales\"><p>An\u00e1lisis e interpretaci\u00f3n de datos cl\u00ednicos <br \/>Asesoramiento en desarrollo de herramientos y productos relacionados al MH <br \/>Asesoramiento en licitaciones y compras de equipamientos de AMH <br \/>Cursos de grado y postgrado en AMH <br \/>Desarrollo de herramientas educacionales para la ense\u00f1anza de AM <br \/>Desarrollo de herramientas y protocolos de AMH <br \/>Dise\u00f1o de herramientas y protocolos de AMH <br \/>Estad\u00edas de formaci\u00f3n de recursos humanos en las instalaciones del LIMH <br \/>Evaluaci\u00f3n de tecnolog\u00eda sanitaria aplicada al AM <br \/>Formaci\u00f3n de recursos humanos en el \u00e1rea de incumbencia del laboratorio <br \/>Implementaci\u00f3n de herramientas y protocolos de AMH <br \/>Interpretaci\u00f3n t\u00e9cnica de datos registrados <br \/>Registro de datos de movimiento humano para estudios y\/o evaluaciones cl\u00ednicas o deportivas<\/p><\/div>\n                <\/div><div class=\"eael-accordion-list\">\n                <div id=\"empresas\" class=\"elementor-tab-title eael-accordion-header\" tabindex=\"0\" data-tab=\"3\" aria-controls=\"elementor-tab-content-1613\"><span class=\"eael-accordion-tab-title\">EMPRESAS<\/span><svg aria-hidden=\"true\" class=\"fa-toggle e-font-icon-svg e-fas-angle-right\" viewBox=\"0 0 256 512\" xmlns=\"http:\/\/www.w3.org\/2000\/svg\"><path d=\"M224.3 273l-136 136c-9.4 9.4-24.6 9.4-33.9 0l-22.6-22.6c-9.4-9.4-9.4-24.6 0-33.9l96.4-96.4-96.4-96.4c-9.4-9.4-9.4-24.6 0-33.9L54.3 103c9.4-9.4 24.6-9.4 33.9 0l136 136c9.5 9.4 9.5 24.6.1 34z\"><\/path><\/svg><\/div><div id=\"elementor-tab-content-1613\" class=\"eael-accordion-content clearfix\" data-tab=\"3\" aria-labelledby=\"empresas\"><p>An\u00e1lisis e interpretaci\u00f3n de datos cl\u00ednicos <br \/>Asesoramiento en desarrollo de herramientos y productos relacionados al MH <br \/>Asesoramiento en licitaciones y compras de equipamientos de AMH <br \/>Cursos de grado y postgrado en AMH <br \/>Desarrollo de herramientas educacionales para la ense\u00f1anza de AM <br \/>Desarrollo de herramientas y protocolos de AMH <br \/>Dise\u00f1o de herramientas y protocolos de AMH <br \/>Estad\u00edas de formaci\u00f3n de recursos humanos en las instalaciones del LIMH <br \/>Evaluaci\u00f3n de tecnolog\u00eda sanitaria aplicada al AM <br \/>Formaci\u00f3n de recursos humanos en el \u00e1rea de incumbencia del laboratorio <br \/>Implementaci\u00f3n de herramientas y protocolos de AMH <br \/>Interpretaci\u00f3n t\u00e9cnica de datos registrados <br \/>Registro de datos de movimiento humano para estudios y\/o evaluaciones cl\u00ednicas o deportivas<\/p><\/div>\n                <\/div><\/div>\t\t<\/div>\n\t\t\t\t<\/div>\n\t\t\t\t\t<\/div>\n\t\t\t\t<\/div>\n\t\t\t\t<\/div>\n\t\t","protected":false},"excerpt":{"rendered":"<p>Capacidades Tecnol\u00f3gicas El Laboratorio de Investigaci\u00f3n en Movimiento Humano (MH) tiene como objetivo desarrollar y aplicar t\u00e9cnicas de ingenier\u00eda al an\u00e1lisis del movimiento humano (AMH), con \u00e9nfasis en la innovaci\u00f3n y el impacto social de las mismas en la comunidad. Se focaliza en el dise\u00f1o, desarrollo y validaci\u00f3n de dispositivos y tecnolog\u00edas que aporten al [&hellip;]<\/p>\n","protected":false},"author":4,"featured_media":0,"parent":0,"menu_order":0,"comment_status":"closed","ping_status":"closed","template":"","meta":{"site-sidebar-layout":"no-sidebar","site-content-layout":"page-builder","ast-site-content-layout":"full-width-container","site-content-style":"default","site-sidebar-style":"default","ast-global-header-display":"","ast-banner-title-visibility":"","ast-main-header-display":"","ast-hfb-above-header-display":"","ast-hfb-below-header-display":"","ast-hfb-mobile-header-display":"","site-post-title":"disabled","ast-breadcrumbs-content":"","ast-featured-img":"disabled","footer-sml-layout":"","theme-transparent-header-meta":"","adv-header-id-meta":"","stick-header-meta":"","header-above-stick-meta":"","header-main-stick-meta":"","header-below-stick-meta":"","astra-migrate-meta-layouts":"set","ast-page-background-enabled":"default","ast-page-background-meta":{"desktop":{"background-color":"var(--ast-global-color-4)","background-image":"","background-repeat":"repeat","background-position":"center center","background-size":"auto","background-attachment":"scroll","background-type":"","background-media":"","overlay-type":"","overlay-color":"","overlay-gradient":""},"tablet":{"background-color":"","background-image":"","background-repeat":"repeat","background-position":"center center","background-size":"auto","background-attachment":"scroll","background-type":"","background-media":"","overlay-type":"","overlay-color":"","overlay-gradient":""},"mobile":{"background-color":"","background-image":"","background-repeat":"repeat","background-position":"center center","background-size":"auto","background-attachment":"scroll","background-type":"","background-media":"","overlay-type":"","overlay-color":"","overlay-gradient":""}},"ast-content-background-meta":{"desktop":{"background-color":"var(--ast-global-color-5)","background-image":"","background-repeat":"repeat","background-position":"center center","background-size":"auto","background-attachment":"scroll","background-type":"","background-media":"","overlay-type":"","overlay-color":"","overlay-gradient":""},"tablet":{"background-color":"var(--ast-global-color-5)","background-image":"","background-repeat":"repeat","background-position":"center center","background-size":"auto","background-attachment":"scroll","background-type":"","background-media":"","overlay-type":"","overlay-color":"","overlay-gradient":""},"mobile":{"background-color":"var(--ast-global-color-5)","background-image":"","background-repeat":"repeat","background-position":"center center","background-size":"auto","background-attachment":"scroll","background-type":"","background-media":"","overlay-type":"","overlay-color":"","overlay-gradient":""}},"footnotes":""},"class_list":["post-239","page","type-page","status-publish","hentry"],"_links":{"self":[{"href":"https:\/\/ingenieria.uner.edu.ar\/nucleos\/movimiento_humano\/index.php\/wp-json\/wp\/v2\/pages\/239","targetHints":{"allow":["GET"]}}],"collection":[{"href":"https:\/\/ingenieria.uner.edu.ar\/nucleos\/movimiento_humano\/index.php\/wp-json\/wp\/v2\/pages"}],"about":[{"href":"https:\/\/ingenieria.uner.edu.ar\/nucleos\/movimiento_humano\/index.php\/wp-json\/wp\/v2\/types\/page"}],"author":[{"embeddable":true,"href":"https:\/\/ingenieria.uner.edu.ar\/nucleos\/movimiento_humano\/index.php\/wp-json\/wp\/v2\/users\/4"}],"replies":[{"embeddable":true,"href":"https:\/\/ingenieria.uner.edu.ar\/nucleos\/movimiento_humano\/index.php\/wp-json\/wp\/v2\/comments?post=239"}],"version-history":[{"count":65,"href":"https:\/\/ingenieria.uner.edu.ar\/nucleos\/movimiento_humano\/index.php\/wp-json\/wp\/v2\/pages\/239\/revisions"}],"predecessor-version":[{"id":936,"href":"https:\/\/ingenieria.uner.edu.ar\/nucleos\/movimiento_humano\/index.php\/wp-json\/wp\/v2\/pages\/239\/revisions\/936"}],"wp:attachment":[{"href":"https:\/\/ingenieria.uner.edu.ar\/nucleos\/movimiento_humano\/index.php\/wp-json\/wp\/v2\/media?parent=239"}],"curies":[{"name":"wp","href":"https:\/\/api.w.org\/{rel}","templated":true}]}}