{"id":981,"date":"2025-11-28T11:42:35","date_gmt":"2025-11-28T14:42:35","guid":{"rendered":"https:\/\/ingenieria.uner.edu.ar\/nucleos\/prototipado\/?page_id=981"},"modified":"2026-03-27T14:00:04","modified_gmt":"2026-03-27T17:00:04","slug":"proyectos","status":"publish","type":"page","link":"https:\/\/ingenieria.uner.edu.ar\/nucleos\/prototipado\/index.php\/proyectos\/","title":{"rendered":"Proyectos"},"content":{"rendered":"\t\t<div data-elementor-type=\"wp-page\" data-elementor-id=\"981\" class=\"elementor elementor-981\">\n\t\t\t\t<div class=\"elementor-element elementor-element-b76b177 e-flex e-con-boxed e-con e-parent\" data-id=\"b76b177\" data-element_type=\"container\" data-settings=\"{&quot;background_background&quot;:&quot;classic&quot;}\">\n\t\t\t\t\t<div class=\"e-con-inner\">\n\t\t<div class=\"elementor-element elementor-element-df402da e-con-full e-flex e-con e-child\" data-id=\"df402da\" data-element_type=\"container\">\n\t\t\t\t<div class=\"elementor-element elementor-element-96f23d8 elementor-widget__width-initial elementor-widget elementor-widget-heading\" data-id=\"96f23d8\" data-element_type=\"widget\" data-widget_type=\"heading.default\">\n\t\t\t\t<div class=\"elementor-widget-container\">\n\t\t\t<style>\/*! elementor - v3.23.0 - 05-08-2024 *\/\n.elementor-heading-title{padding:0;margin:0;line-height:1}.elementor-widget-heading .elementor-heading-title[class*=elementor-size-]>a{color:inherit;font-size:inherit;line-height:inherit}.elementor-widget-heading .elementor-heading-title.elementor-size-small{font-size:15px}.elementor-widget-heading .elementor-heading-title.elementor-size-medium{font-size:19px}.elementor-widget-heading .elementor-heading-title.elementor-size-large{font-size:29px}.elementor-widget-heading .elementor-heading-title.elementor-size-xl{font-size:39px}.elementor-widget-heading .elementor-heading-title.elementor-size-xxl{font-size:59px}<\/style><h2 class=\"elementor-heading-title elementor-size-default\">Proyectos<\/h2>\t\t<\/div>\n\t\t\t\t<\/div>\n\t\t\t\t<\/div>\n\t\t\t\t\t<\/div>\n\t\t\t\t<\/div>\n\t\t<div class=\"elementor-element elementor-element-594c1d0 e-flex e-con-boxed e-con e-parent\" data-id=\"594c1d0\" data-element_type=\"container\">\n\t\t\t\t\t<div class=\"e-con-inner\">\n\t\t\t\t<div class=\"elementor-element elementor-element-61da219 elementor-widget elementor-widget-text-editor\" data-id=\"61da219\" data-element_type=\"widget\" data-widget_type=\"text-editor.default\">\n\t\t\t\t<div class=\"elementor-widget-container\">\n\t\t\t<style>\/*! elementor - v3.23.0 - 05-08-2024 *\/\n.elementor-widget-text-editor.elementor-drop-cap-view-stacked .elementor-drop-cap{background-color:#69727d;color:#fff}.elementor-widget-text-editor.elementor-drop-cap-view-framed .elementor-drop-cap{color:#69727d;border:3px solid;background-color:transparent}.elementor-widget-text-editor:not(.elementor-drop-cap-view-default) .elementor-drop-cap{margin-top:8px}.elementor-widget-text-editor:not(.elementor-drop-cap-view-default) .elementor-drop-cap-letter{width:1em;height:1em}.elementor-widget-text-editor .elementor-drop-cap{float:left;text-align:center;line-height:1;font-size:50px}.elementor-widget-text-editor .elementor-drop-cap-letter{display:inline-block}<\/style>\t\t\t\t<p style=\"text-align: center;\"><strong>En esta secci\u00f3n se presentan algunos casos destacados que muestran el alcance y la diversidad de las capacidades del laboratorio.<\/strong><\/p>\t\t\t\t\t\t<\/div>\n\t\t\t\t<\/div>\n\t\t\t\t<div class=\"elementor-element elementor-element-381cdd5 elementor-widget elementor-widget-image\" data-id=\"381cdd5\" data-element_type=\"widget\" data-widget_type=\"image.default\">\n\t\t\t\t<div class=\"elementor-widget-container\">\n\t\t\t<style>\/*! elementor - v3.23.0 - 05-08-2024 *\/\n.elementor-widget-image{text-align:center}.elementor-widget-image a{display:inline-block}.elementor-widget-image a img[src$=\".svg\"]{width:48px}.elementor-widget-image img{vertical-align:middle;display:inline-block}<\/style>\t\t\t\t\t\t\t\t\t\t<img fetchpriority=\"high\" decoding=\"async\" width=\"1024\" height=\"602\" src=\"https:\/\/ingenieria.uner.edu.ar\/nucleos\/prototipado\/wp-content\/uploads\/2026\/03\/Diseno-sin-titulo-2-scaled-e1772820924805-1024x602.png\" class=\"attachment-large size-large wp-image-1060\" alt=\"\" srcset=\"https:\/\/ingenieria.uner.edu.ar\/nucleos\/prototipado\/wp-content\/uploads\/2026\/03\/Diseno-sin-titulo-2-scaled-e1772820924805-1024x602.png 1024w, https:\/\/ingenieria.uner.edu.ar\/nucleos\/prototipado\/wp-content\/uploads\/2026\/03\/Diseno-sin-titulo-2-scaled-e1772820924805-300x176.png 300w, https:\/\/ingenieria.uner.edu.ar\/nucleos\/prototipado\/wp-content\/uploads\/2026\/03\/Diseno-sin-titulo-2-scaled-e1772820924805-768x452.png 768w, https:\/\/ingenieria.uner.edu.ar\/nucleos\/prototipado\/wp-content\/uploads\/2026\/03\/Diseno-sin-titulo-2-scaled-e1772820924805-1536x904.png 1536w, https:\/\/ingenieria.uner.edu.ar\/nucleos\/prototipado\/wp-content\/uploads\/2026\/03\/Diseno-sin-titulo-2-scaled-e1772820924805-2048x1205.png 2048w\" sizes=\"(max-width: 1024px) 100vw, 1024px\" \/>\t\t\t\t\t\t\t\t\t\t\t\t\t<\/div>\n\t\t\t\t<\/div>\n\t\t\t\t<div class=\"elementor-element elementor-element-725b3d8 elementor-tabs-view-horizontal elementor-widget elementor-widget-tabs\" data-id=\"725b3d8\" data-element_type=\"widget\" data-widget_type=\"tabs.default\">\n\t\t\t\t<div class=\"elementor-widget-container\">\n\t\t\t<style>\/*! elementor - v3.23.0 - 05-08-2024 *\/\n.elementor-widget-tabs.elementor-tabs-view-vertical .elementor-tabs-wrapper{width:25%;flex-shrink:0}.elementor-widget-tabs.elementor-tabs-view-vertical .elementor-tab-desktop-title.elementor-active{border-inline-end-style:none}.elementor-widget-tabs.elementor-tabs-view-vertical .elementor-tab-desktop-title.elementor-active:after,.elementor-widget-tabs.elementor-tabs-view-vertical .elementor-tab-desktop-title.elementor-active:before{height:999em;width:0;right:0;border-inline-end-style:solid}.elementor-widget-tabs.elementor-tabs-view-vertical .elementor-tab-desktop-title.elementor-active:before{top:0;transform:translateY(-100%)}.elementor-widget-tabs.elementor-tabs-view-vertical .elementor-tab-desktop-title.elementor-active:after{top:100%}.elementor-widget-tabs.elementor-tabs-view-horizontal .elementor-tab-desktop-title{display:table-cell}.elementor-widget-tabs.elementor-tabs-view-horizontal .elementor-tab-desktop-title.elementor-active{border-bottom-style:none}.elementor-widget-tabs.elementor-tabs-view-horizontal .elementor-tab-desktop-title.elementor-active:after,.elementor-widget-tabs.elementor-tabs-view-horizontal .elementor-tab-desktop-title.elementor-active:before{bottom:0;height:0;width:999em;border-bottom-style:solid}.elementor-widget-tabs.elementor-tabs-view-horizontal .elementor-tab-desktop-title.elementor-active:before{right:100%}.elementor-widget-tabs.elementor-tabs-view-horizontal .elementor-tab-desktop-title.elementor-active:after{left:100%}.elementor-widget-tabs .elementor-tab-content,.elementor-widget-tabs .elementor-tab-title,.elementor-widget-tabs .elementor-tab-title:after,.elementor-widget-tabs .elementor-tab-title:before,.elementor-widget-tabs .elementor-tabs-content-wrapper{border:1px #d5d8dc}.elementor-widget-tabs .elementor-tabs{text-align:start}.elementor-widget-tabs .elementor-tabs-wrapper{overflow:hidden}.elementor-widget-tabs .elementor-tab-title{cursor:pointer;outline:var(--focus-outline,none)}.elementor-widget-tabs .elementor-tab-desktop-title{position:relative;padding:20px 25px;font-weight:700;line-height:1;border:solid transparent}.elementor-widget-tabs .elementor-tab-desktop-title.elementor-active{border-color:#d5d8dc}.elementor-widget-tabs .elementor-tab-desktop-title.elementor-active:after,.elementor-widget-tabs .elementor-tab-desktop-title.elementor-active:before{display:block;content:\"\";position:absolute}.elementor-widget-tabs .elementor-tab-desktop-title:focus-visible{border:1px solid #000}.elementor-widget-tabs .elementor-tab-mobile-title{padding:10px;cursor:pointer}.elementor-widget-tabs .elementor-tab-content{padding:20px;display:none}@media (max-width:767px){.elementor-tabs .elementor-tab-content,.elementor-tabs .elementor-tab-title{border-style:solid solid none}.elementor-tabs .elementor-tabs-wrapper{display:none}.elementor-tabs .elementor-tabs-content-wrapper{border-bottom-style:solid}.elementor-tabs .elementor-tab-content{padding:10px}}@media (min-width:768px){.elementor-widget-tabs.elementor-tabs-view-vertical .elementor-tabs{display:flex}.elementor-widget-tabs.elementor-tabs-view-vertical .elementor-tabs-wrapper{flex-direction:column}.elementor-widget-tabs.elementor-tabs-view-vertical .elementor-tabs-content-wrapper{flex-grow:1;border-style:solid solid solid none}.elementor-widget-tabs.elementor-tabs-view-horizontal .elementor-tab-content{border-style:none solid solid}.elementor-widget-tabs.elementor-tabs-alignment-center .elementor-tabs-wrapper,.elementor-widget-tabs.elementor-tabs-alignment-end .elementor-tabs-wrapper,.elementor-widget-tabs.elementor-tabs-alignment-stretch .elementor-tabs-wrapper{display:flex}.elementor-widget-tabs.elementor-tabs-alignment-center .elementor-tabs-wrapper{justify-content:center}.elementor-widget-tabs.elementor-tabs-alignment-end .elementor-tabs-wrapper{justify-content:flex-end}.elementor-widget-tabs.elementor-tabs-alignment-stretch.elementor-tabs-view-horizontal .elementor-tab-title{width:100%}.elementor-widget-tabs.elementor-tabs-alignment-stretch.elementor-tabs-view-vertical .elementor-tab-title{height:100%}.elementor-tabs .elementor-tab-mobile-title{display:none}}<\/style>\t\t<div class=\"elementor-tabs\">\n\t\t\t<div class=\"elementor-tabs-wrapper\" role=\"tablist\" >\n\t\t\t\t\t\t\t\t\t<div id=\"elementor-tab-title-1191\" class=\"elementor-tab-title elementor-tab-desktop-title\" aria-selected=\"true\" data-tab=\"1\" role=\"tab\" tabindex=\"0\" aria-controls=\"elementor-tab-content-1191\" aria-expanded=\"false\">BIOAMP<\/div>\n\t\t\t\t\t\t\t\t\t<div id=\"elementor-tab-title-1192\" class=\"elementor-tab-title elementor-tab-desktop-title\" aria-selected=\"false\" data-tab=\"2\" role=\"tab\" tabindex=\"-1\" aria-controls=\"elementor-tab-content-1192\" aria-expanded=\"false\">Plataforma de Presi\u00f3n.<\/div>\n\t\t\t\t\t\t\t\t\t<div id=\"elementor-tab-title-1193\" class=\"elementor-tab-title elementor-tab-desktop-title\" aria-selected=\"false\" data-tab=\"3\" role=\"tab\" tabindex=\"-1\" aria-controls=\"elementor-tab-content-1193\" aria-expanded=\"false\">AntVideoRecord.<\/div>\n\t\t\t\t\t\t\t\t\t<div id=\"elementor-tab-title-1194\" class=\"elementor-tab-title elementor-tab-desktop-title\" aria-selected=\"false\" data-tab=\"4\" role=\"tab\" tabindex=\"-1\" aria-controls=\"elementor-tab-content-1194\" aria-expanded=\"false\">Holter de Largo Periodo<\/div>\n\t\t\t\t\t\t\t\t\t<div id=\"elementor-tab-title-1195\" class=\"elementor-tab-title elementor-tab-desktop-title\" aria-selected=\"false\" data-tab=\"5\" role=\"tab\" tabindex=\"-1\" aria-controls=\"elementor-tab-content-1195\" aria-expanded=\"false\">Plataforma de Estabilometr\u00eda<\/div>\n\t\t\t\t\t\t\t\t\t<div id=\"elementor-tab-title-1196\" class=\"elementor-tab-title elementor-tab-desktop-title\" aria-selected=\"false\" data-tab=\"6\" role=\"tab\" tabindex=\"-1\" aria-controls=\"elementor-tab-content-1196\" aria-expanded=\"false\">TearTech<\/div>\n\t\t\t\t\t\t\t<\/div>\n\t\t\t<div class=\"elementor-tabs-content-wrapper\" role=\"tablist\" aria-orientation=\"vertical\">\n\t\t\t\t\t\t\t\t\t<div class=\"elementor-tab-title elementor-tab-mobile-title\" aria-selected=\"true\" data-tab=\"1\" role=\"tab\" tabindex=\"0\" aria-controls=\"elementor-tab-content-1191\" aria-expanded=\"false\">BIOAMP<\/div>\n\t\t\t\t\t<div id=\"elementor-tab-content-1191\" class=\"elementor-tab-content elementor-clearfix\" data-tab=\"1\" role=\"tabpanel\" aria-labelledby=\"elementor-tab-title-1191\" tabindex=\"0\" hidden=\"false\"><p style=\"padding-left: 40px;\">El amplificador de biopotenciales BIOAMP es un dispositivo desarrollado en el Laboratorio en colaboraci\u00f3n con el Centro de Ingenier\u00eda en Rehabilitaci\u00f3n e Investigaciones Neuromusculares y Sensoriales (CIRINS), dise\u00f1ado para la adquisici\u00f3n de se\u00f1ales el\u00e9ctricas biol\u00f3gicas. Cuenta con ocho canales independientes. El equipo se alimenta y transmite los datos adquiridos a trav\u00e9s de una conexi\u00f3n USB, utilizando un bloque de aislaci\u00f3n para garantizar la seguridad y la integridad de las se\u00f1ales. Adem\u00e1s, incorpora conectores espec\u00edficos que permiten interconectar dos unidades, posibilitando la adquisici\u00f3n simult\u00e1nea de hasta 16 canales.<\/p><\/div>\n\t\t\t\t\t\t\t\t\t<div class=\"elementor-tab-title elementor-tab-mobile-title\" aria-selected=\"false\" data-tab=\"2\" role=\"tab\" tabindex=\"-1\" aria-controls=\"elementor-tab-content-1192\" aria-expanded=\"false\">Plataforma de Presi\u00f3n.<\/div>\n\t\t\t\t\t<div id=\"elementor-tab-content-1192\" class=\"elementor-tab-content elementor-clearfix\" data-tab=\"2\" role=\"tabpanel\" aria-labelledby=\"elementor-tab-title-1192\" tabindex=\"0\" hidden=\"hidden\"><p style=\"padding-left: 40px;\">El objetivo de este proyecto fue desarrollar un sistema de baropodometr\u00eda para la medici\u00f3n de la distribuci\u00f3n de presiones plantares. El trabajo se estructur\u00f3 en tres etapas sucesivas. En la primera, se llev\u00f3 a cabo una evaluaci\u00f3n y comparaci\u00f3n de las tecnolog\u00edas de sensado disponibles, junto con un an\u00e1lisis de la factibilidad t\u00e9cnica del proyecto. Una vez validados estos resultados por parte del solicitante, se avanz\u00f3 a la segunda etapa, que consisti\u00f3 en el dise\u00f1o y prototipado de la plataforma de medici\u00f3n.<\/p><p style=\"padding-left: 40px;\">La tercera y \u00faltima etapa contempl\u00f3 un redise\u00f1o integral del sistema a partir de las devoluciones de usuarios calificados, as\u00ed como la planificaci\u00f3n y ejecuci\u00f3n de una pre-serie. Esto implic\u00f3 la selecci\u00f3n de proveedores adecuados para cada componente y la definici\u00f3n de un procedimiento detallado de ensamblado.<\/p><p style=\"padding-left: 40px;\">Como resultado de este proceso, la empresa FootX se encuentra actualmente comercializando el dispositivo, el cual est\u00e1 en consultorios ortop\u00e9dicos de todo el pa\u00eds.<\/p><\/div>\n\t\t\t\t\t\t\t\t\t<div class=\"elementor-tab-title elementor-tab-mobile-title\" aria-selected=\"false\" data-tab=\"3\" role=\"tab\" tabindex=\"-1\" aria-controls=\"elementor-tab-content-1193\" aria-expanded=\"false\">AntVideoRecord.<\/div>\n\t\t\t\t\t<div id=\"elementor-tab-content-1193\" class=\"elementor-tab-content elementor-clearfix\" data-tab=\"3\" role=\"tabpanel\" aria-labelledby=\"elementor-tab-title-1193\" tabindex=\"0\" hidden=\"hidden\"><p style=\"padding-left: 40px;\">En este trabajo se desarroll\u00f3 un sistema aut\u00f3nomo denominado AntVideoRecord, dise\u00f1ado para abordar la problem\u00e1tica asociada al monitoreo continuo de hormigas cortadoras de hojas. Estas especies son consideradas plaga en gran parte del continente americano, ocasionando da\u00f1os significativos en zonas de producci\u00f3n agr\u00edcola. Contar con informaci\u00f3n continua sobre su locomoci\u00f3n y ritmo de forrajeo representa un avance relevante en estudios ecol\u00f3gicos, especialmente en el an\u00e1lisis del comportamiento animal.<\/p><p style=\"padding-left: 40px;\">Se destaca que este dispositivo fue exportado a Uruguay, lo que represent\u00f3 un hito en t\u00e9rminos de transferencia tecnol\u00f3gica internacional para el laboratorio.<\/p><\/div>\n\t\t\t\t\t\t\t\t\t<div class=\"elementor-tab-title elementor-tab-mobile-title\" aria-selected=\"false\" data-tab=\"4\" role=\"tab\" tabindex=\"-1\" aria-controls=\"elementor-tab-content-1194\" aria-expanded=\"false\">Holter de Largo Periodo<\/div>\n\t\t\t\t\t<div id=\"elementor-tab-content-1194\" class=\"elementor-tab-content elementor-clearfix\" data-tab=\"4\" role=\"tabpanel\" aria-labelledby=\"elementor-tab-title-1194\" tabindex=\"0\" hidden=\"hidden\"><p style=\"padding-left: 40px;\">El proyecto tuvo como objetivo el desarrollo de un dispositivo Holter de larga duraci\u00f3n, orientado principalmente a la detecci\u00f3n de eventos de arritmia auricular.<\/p><p style=\"padding-left: 40px;\">Se trat\u00f3 de uno de los desarrollos m\u00e1s integrales llevados a cabo en el laboratorio, ya que abarc\u00f3 el dise\u00f1o electr\u00f3nico y el desarrollo de firmware, el dise\u00f1o de carcasas y del sistema de sujeci\u00f3n de electrodos \u2014con la participaci\u00f3n de un estudiante avanzado de Dise\u00f1o Industrial\u2014, la elaboraci\u00f3n de documentaci\u00f3n t\u00e9cnica conforme a los requisitos regulatorios de ANMAT, y el dise\u00f1o inicial de una plataforma de software para la gesti\u00f3n y an\u00e1lisis de los estudios registrados. El proyecto concluy\u00f3 con la implementaci\u00f3n de un prototipo funcional y una versi\u00f3n preliminar del software.<\/p><p style=\"padding-left: 40px;\">Este desarrollo represent\u00f3 una colaboraci\u00f3n significativa entre la academia y la industria, y puso de manifiesto la capacidad del laboratorio para abordar proyectos complejos cumpliendo con los est\u00e1ndares t\u00e9cnicos y regulatorios exigidos.<\/p><\/div>\n\t\t\t\t\t\t\t\t\t<div class=\"elementor-tab-title elementor-tab-mobile-title\" aria-selected=\"false\" data-tab=\"5\" role=\"tab\" tabindex=\"-1\" aria-controls=\"elementor-tab-content-1195\" aria-expanded=\"false\">Plataforma de Estabilometr\u00eda<\/div>\n\t\t\t\t\t<div id=\"elementor-tab-content-1195\" class=\"elementor-tab-content elementor-clearfix\" data-tab=\"5\" role=\"tabpanel\" aria-labelledby=\"elementor-tab-title-1195\" tabindex=\"0\" hidden=\"hidden\"><p style=\"padding-left: 40px;\">Este proyecto tuvo como finalidad el desarrollo de una Plataforma de Estabilometr\u00eda, es decir, un dispositivo capaz de registrar la posici\u00f3n y los desplazamientos del centro de gravedad de un paciente, con especificaciones t\u00e9cnicas adecuadas para su aplicaci\u00f3n en el campo de la posturolog\u00eda.<\/p><p style=\"padding-left: 40px;\">El desarrollo contempl\u00f3 el dise\u00f1o y la simulaci\u00f3n mec\u00e1nica de la estructura \u2014con la participaci\u00f3n de un ingeniero mec\u00e1nico dentro del equipo\u2014, as\u00ed como el dise\u00f1o de la electr\u00f3nica de sensado y el sistema de comunicaci\u00f3n inal\u00e1mbrica. El proyecto concluy\u00f3 con la implementaci\u00f3n del primer prototipo funcional y la realizaci\u00f3n de pruebas devalidaci\u00f3n, llevadas a cabo por una especialista en posturolog\u00eda vinculada a la parte interesada.<\/p><p style=\"padding-left: 40px;\">Actualmente, la empresa FootX contratante comercializa un equipo basado en el dise\u00f1o desarrollado en el marco de este proyecto.<\/p><\/div>\n\t\t\t\t\t\t\t\t\t<div class=\"elementor-tab-title elementor-tab-mobile-title\" aria-selected=\"false\" data-tab=\"6\" role=\"tab\" tabindex=\"-1\" aria-controls=\"elementor-tab-content-1196\" aria-expanded=\"false\">TearTech<\/div>\n\t\t\t\t\t<div id=\"elementor-tab-content-1196\" class=\"elementor-tab-content elementor-clearfix\" data-tab=\"6\" role=\"tabpanel\" aria-labelledby=\"elementor-tab-title-1196\" tabindex=\"0\" hidden=\"hidden\"><p style=\"padding-left: 40px;\">La l\u00ednea de investigaci\u00f3n en biosensores para la evaluaci\u00f3n de la salud ocular, desarrollada en el Laboratorio de Prototipado Electr\u00f3nico y 3D, dio lugar a una propuesta de emprendimiento tecnol\u00f3gico incipiente: TearTech. Este proyecto representa un ejemplo de c\u00f3mo la investigaci\u00f3n acad\u00e9mica puede inspirar soluciones innovadoras con potencial de transferencia al entorno productivo.<\/p><p style=\"padding-left: 40px;\">TearTech se proyecta como una iniciativa de base tecnol\u00f3gica enfocada en el dise\u00f1o de biosensores para el diagn\u00f3stico y tratamiento personalizado del s\u00edndrome de ojo seco. Su objetivo es contribuir a transformar el abordaje cl\u00ednico de esta condici\u00f3n mediante el desarrollo de tecnolog\u00edas de detecci\u00f3n no invasiva. Entre sus metas se plantea: dise\u00f1ar un prototipo de biosensor de \u00faltima generaci\u00f3n para el an\u00e1lisis r\u00e1pido y sencillo de las l\u00e1grimas; mejorar la precisi\u00f3n diagn\u00f3stica mediante la medici\u00f3n de biomarcadores espec\u00edficos; y facilitar la medicina personalizada recomendando l\u00e1grimas artificiales adaptadas al perfil fisiol\u00f3gico de cada paciente. A futuro, se prev\u00e9 explorar la aplicaci\u00f3n de esta tecnolog\u00eda en otras especialidades m\u00e9dicas m\u00e1s all\u00e1 de la oftalmolog\u00eda.<\/p><\/div>\n\t\t\t\t\t\t\t<\/div>\n\t\t<\/div>\n\t\t\t\t<\/div>\n\t\t\t\t<\/div>\n\t\t\t\t\t<\/div>\n\t\t\t\t<\/div>\n\t\t\t\t<\/div>\n\t\t","protected":false},"excerpt":{"rendered":"<p>Proyectos En esta secci\u00f3n se presentan algunos casos destacados que muestran el alcance y la diversidad de las capacidades del laboratorio. BIOAMP Plataforma de Presi\u00f3n. AntVideoRecord. Holter de Largo Periodo Plataforma de Estabilometr\u00eda TearTech BIOAMP El amplificador de biopotenciales BIOAMP es un dispositivo desarrollado en el Laboratorio en colaboraci\u00f3n con el Centro de Ingenier\u00eda en [&hellip;]<\/p>\n","protected":false},"author":5,"featured_media":0,"parent":0,"menu_order":0,"comment_status":"closed","ping_status":"closed","template":"","meta":{"site-sidebar-layout":"no-sidebar","site-content-layout":"page-builder","ast-site-content-layout":"full-width-container","site-content-style":"default","site-sidebar-style":"default","ast-global-header-display":"","ast-banner-title-visibility":"","ast-main-header-display":"","ast-hfb-above-header-display":"","ast-hfb-below-header-display":"","ast-hfb-mobile-header-display":"","site-post-title":"disabled","ast-breadcrumbs-content":"","ast-featured-img":"disabled","footer-sml-layout":"","theme-transparent-header-meta":"","adv-header-id-meta":"","stick-header-meta":"","header-above-stick-meta":"","header-main-stick-meta":"","header-below-stick-meta":"","astra-migrate-meta-layouts":"set","ast-page-background-enabled":"default","ast-page-background-meta":{"desktop":{"background-color":"var(--ast-global-color-4)","background-image":"","background-repeat":"repeat","background-position":"center center","background-size":"auto","background-attachment":"scroll","background-type":"","background-media":"","overlay-type":"","overlay-color":"","overlay-gradient":""},"tablet":{"background-color":"","background-image":"","background-repeat":"repeat","background-position":"center center","background-size":"auto","background-attachment":"scroll","background-type":"","background-media":"","overlay-type":"","overlay-color":"","overlay-gradient":""},"mobile":{"background-color":"","background-image":"","background-repeat":"repeat","background-position":"center center","background-size":"auto","background-attachment":"scroll","background-type":"","background-media":"","overlay-type":"","overlay-color":"","overlay-gradient":""}},"ast-content-background-meta":{"desktop":{"background-color":"var(--ast-global-color-5)","background-image":"","background-repeat":"repeat","background-position":"center center","background-size":"auto","background-attachment":"scroll","background-type":"","background-media":"","overlay-type":"","overlay-color":"","overlay-gradient":""},"tablet":{"background-color":"var(--ast-global-color-5)","background-image":"","background-repeat":"repeat","background-position":"center center","background-size":"auto","background-attachment":"scroll","background-type":"","background-media":"","overlay-type":"","overlay-color":"","overlay-gradient":""},"mobile":{"background-color":"var(--ast-global-color-5)","background-image":"","background-repeat":"repeat","background-position":"center center","background-size":"auto","background-attachment":"scroll","background-type":"","background-media":"","overlay-type":"","overlay-color":"","overlay-gradient":""}},"footnotes":""},"class_list":["post-981","page","type-page","status-publish","hentry"],"_links":{"self":[{"href":"https:\/\/ingenieria.uner.edu.ar\/nucleos\/prototipado\/index.php\/wp-json\/wp\/v2\/pages\/981","targetHints":{"allow":["GET"]}}],"collection":[{"href":"https:\/\/ingenieria.uner.edu.ar\/nucleos\/prototipado\/index.php\/wp-json\/wp\/v2\/pages"}],"about":[{"href":"https:\/\/ingenieria.uner.edu.ar\/nucleos\/prototipado\/index.php\/wp-json\/wp\/v2\/types\/page"}],"author":[{"embeddable":true,"href":"https:\/\/ingenieria.uner.edu.ar\/nucleos\/prototipado\/index.php\/wp-json\/wp\/v2\/users\/5"}],"replies":[{"embeddable":true,"href":"https:\/\/ingenieria.uner.edu.ar\/nucleos\/prototipado\/index.php\/wp-json\/wp\/v2\/comments?post=981"}],"version-history":[{"count":15,"href":"https:\/\/ingenieria.uner.edu.ar\/nucleos\/prototipado\/index.php\/wp-json\/wp\/v2\/pages\/981\/revisions"}],"predecessor-version":[{"id":1080,"href":"https:\/\/ingenieria.uner.edu.ar\/nucleos\/prototipado\/index.php\/wp-json\/wp\/v2\/pages\/981\/revisions\/1080"}],"wp:attachment":[{"href":"https:\/\/ingenieria.uner.edu.ar\/nucleos\/prototipado\/index.php\/wp-json\/wp\/v2\/media?parent=981"}],"curies":[{"name":"wp","href":"https:\/\/api.w.org\/{rel}","templated":true}]}}