{"id":197,"date":"2023-11-07T17:02:25","date_gmt":"2023-11-07T20:02:25","guid":{"rendered":"https:\/\/ingenieria.uner.edu.ar\/nucleos\/seniales\/?page_id=197"},"modified":"2026-04-10T10:08:02","modified_gmt":"2026-04-10T13:08:02","slug":"quienes-somos","status":"publish","type":"page","link":"https:\/\/ingenieria.uner.edu.ar\/nucleos\/seniales\/index.php\/quienes-somos\/","title":{"rendered":"Quienes Somos"},"content":{"rendered":"\t\t<div data-elementor-type=\"wp-page\" data-elementor-id=\"197\" class=\"elementor elementor-197\">\n\t\t\t\t<div class=\"elementor-element elementor-element-2680789 e-flex e-con-boxed e-con e-parent\" data-id=\"2680789\" data-element_type=\"container\" data-settings=\"{&quot;background_background&quot;:&quot;classic&quot;}\">\n\t\t\t\t\t<div class=\"e-con-inner\">\n\t\t<div class=\"elementor-element elementor-element-28fa371 e-con-full e-flex e-con e-child\" data-id=\"28fa371\" data-element_type=\"container\" data-settings=\"{&quot;background_background&quot;:&quot;classic&quot;}\">\n\t\t\t\t<div class=\"elementor-element elementor-element-342e0a3 elementor-widget elementor-widget-heading\" data-id=\"342e0a3\" data-element_type=\"widget\" data-widget_type=\"heading.default\">\n\t\t\t\t<div class=\"elementor-widget-container\">\n\t\t\t<style>\/*! elementor - v3.23.0 - 05-08-2024 *\/\n.elementor-heading-title{padding:0;margin:0;line-height:1}.elementor-widget-heading .elementor-heading-title[class*=elementor-size-]>a{color:inherit;font-size:inherit;line-height:inherit}.elementor-widget-heading .elementor-heading-title.elementor-size-small{font-size:15px}.elementor-widget-heading .elementor-heading-title.elementor-size-medium{font-size:19px}.elementor-widget-heading .elementor-heading-title.elementor-size-large{font-size:29px}.elementor-widget-heading .elementor-heading-title.elementor-size-xl{font-size:39px}.elementor-widget-heading .elementor-heading-title.elementor-size-xxl{font-size:59px}<\/style><h2 class=\"elementor-heading-title elementor-size-default\">Quienes somos<\/h2>\t\t<\/div>\n\t\t\t\t<\/div>\n\t\t\t\t<\/div>\n\t\t\t\t\t<\/div>\n\t\t\t\t<\/div>\n\t\t<div class=\"elementor-element elementor-element-59ae341 e-flex e-con-boxed e-con e-parent\" data-id=\"59ae341\" data-element_type=\"container\">\n\t\t\t\t\t<div class=\"e-con-inner\">\n\t\t<div class=\"elementor-element elementor-element-df1c694 e-con-full e-flex e-con e-child\" data-id=\"df1c694\" data-element_type=\"container\">\n\t\t\t\t<div class=\"elementor-element elementor-element-245a9dd elementor-widget elementor-widget-heading\" data-id=\"245a9dd\" data-element_type=\"widget\" data-widget_type=\"heading.default\">\n\t\t\t\t<div class=\"elementor-widget-container\">\n\t\t\t<h4 class=\"elementor-heading-title elementor-size-default\">Gast\u00f3n Schlotthauer<\/h4>\t\t<\/div>\n\t\t\t\t<\/div>\n\t\t\t\t<div class=\"elementor-element elementor-element-8c24698 elementor-widget elementor-widget-heading\" data-id=\"8c24698\" data-element_type=\"widget\" data-widget_type=\"heading.default\">\n\t\t\t\t<div class=\"elementor-widget-container\">\n\t\t\t<h4 class=\"elementor-heading-title elementor-size-default\">Doctor, Bioingeniero<\/h4>\t\t<\/div>\n\t\t\t\t<\/div>\n\t\t\t\t<div class=\"elementor-element elementor-element-6d030c9 elementor-widget elementor-widget-heading\" data-id=\"6d030c9\" data-element_type=\"widget\" data-widget_type=\"heading.default\">\n\t\t\t\t<div class=\"elementor-widget-container\">\n\t\t\t<h4 class=\"elementor-heading-title elementor-size-default\">Director<\/h4>\t\t<\/div>\n\t\t\t\t<\/div>\n\t\t\t\t<\/div>\n\t\t\t\t\t<\/div>\n\t\t\t\t<\/div>\n\t\t<div class=\"elementor-element elementor-element-1bdb683 e-flex e-con-boxed e-con e-parent\" data-id=\"1bdb683\" data-element_type=\"container\">\n\t\t\t\t\t<div class=\"e-con-inner\">\n\t\t<div class=\"elementor-element elementor-element-6ce96a2 e-con-full e-flex e-con e-child\" data-id=\"6ce96a2\" data-element_type=\"container\">\n\t\t\t\t<div class=\"elementor-element elementor-element-7eccf7c elementor-widget elementor-widget-heading\" data-id=\"7eccf7c\" data-element_type=\"widget\" data-widget_type=\"heading.default\">\n\t\t\t\t<div class=\"elementor-widget-container\">\n\t\t\t<h4 class=\"elementor-heading-title elementor-size-default\">Marcelo Alejandro Colominas<\/h4>\t\t<\/div>\n\t\t\t\t<\/div>\n\t\t\t\t<div class=\"elementor-element elementor-element-2179775 elementor-widget elementor-widget-heading\" data-id=\"2179775\" data-element_type=\"widget\" data-widget_type=\"heading.default\">\n\t\t\t\t<div class=\"elementor-widget-container\">\n\t\t\t<h4 class=\"elementor-heading-title elementor-size-default\">Doctor, Bioingeniero<\/h4>\t\t<\/div>\n\t\t\t\t<\/div>\n\t\t\t\t<div class=\"elementor-element elementor-element-99da878 elementor-widget elementor-widget-heading\" data-id=\"99da878\" data-element_type=\"widget\" data-widget_type=\"heading.default\">\n\t\t\t\t<div class=\"elementor-widget-container\">\n\t\t\t<h4 class=\"elementor-heading-title elementor-size-default\">investigador adjunto<\/h4>\t\t<\/div>\n\t\t\t\t<\/div>\n\t\t\t\t<\/div>\n\t\t<div class=\"elementor-element elementor-element-042dfd7 e-con-full e-flex e-con e-child\" data-id=\"042dfd7\" data-element_type=\"container\">\n\t\t\t\t<div class=\"elementor-element elementor-element-f727dbb elementor-widget elementor-widget-heading\" data-id=\"f727dbb\" data-element_type=\"widget\" data-widget_type=\"heading.default\">\n\t\t\t\t<div class=\"elementor-widget-container\">\n\t\t\t<h4 class=\"elementor-heading-title elementor-size-default\">Gabriel Alejandro Alzamendi\t<\/h4>\t\t<\/div>\n\t\t\t\t<\/div>\n\t\t\t\t<div class=\"elementor-element elementor-element-b1e70ed elementor-widget elementor-widget-heading\" data-id=\"b1e70ed\" data-element_type=\"widget\" data-widget_type=\"heading.default\">\n\t\t\t\t<div class=\"elementor-widget-container\">\n\t\t\t<h4 class=\"elementor-heading-title elementor-size-default\">Doctor, Bioingeniero<\/h4>\t\t<\/div>\n\t\t\t\t<\/div>\n\t\t\t\t<div class=\"elementor-element elementor-element-4451940 elementor-widget elementor-widget-heading\" data-id=\"4451940\" data-element_type=\"widget\" data-widget_type=\"heading.default\">\n\t\t\t\t<div class=\"elementor-widget-container\">\n\t\t\t<h4 class=\"elementor-heading-title elementor-size-default\">investigador asistente<\/h4>\t\t<\/div>\n\t\t\t\t<\/div>\n\t\t\t\t<\/div>\n\t\t<div class=\"elementor-element elementor-element-2212ffa e-con-full e-flex e-con e-child\" data-id=\"2212ffa\" data-element_type=\"container\">\n\t\t\t\t<div class=\"elementor-element elementor-element-5d64de0 elementor-widget elementor-widget-heading\" data-id=\"5d64de0\" data-element_type=\"widget\" data-widget_type=\"heading.default\">\n\t\t\t\t<div class=\"elementor-widget-container\">\n\t\t\t<h4 class=\"elementor-heading-title elementor-size-default\">Juan Felipe Rinckoar<\/h4>\t\t<\/div>\n\t\t\t\t<\/div>\n\t\t\t\t<div class=\"elementor-element elementor-element-b3c14d2 elementor-widget elementor-widget-heading\" data-id=\"b3c14d2\" data-element_type=\"widget\" data-widget_type=\"heading.default\">\n\t\t\t\t<div class=\"elementor-widget-container\">\n\t\t\t<h4 class=\"elementor-heading-title elementor-size-default\">Doctor, Ingeniero Biom\u00e9dico<\/h4>\t\t<\/div>\n\t\t\t\t<\/div>\n\t\t\t\t<div class=\"elementor-element elementor-element-39a957a elementor-widget elementor-widget-heading\" data-id=\"39a957a\" data-element_type=\"widget\" data-widget_type=\"heading.default\">\n\t\t\t\t<div class=\"elementor-widget-container\">\n\t\t\t<h4 class=\"elementor-heading-title elementor-size-default\">investigador asistente<\/h4>\t\t<\/div>\n\t\t\t\t<\/div>\n\t\t\t\t<\/div>\n\t\t<div class=\"elementor-element elementor-element-2a2e334 e-con-full e-flex e-con e-child\" data-id=\"2a2e334\" data-element_type=\"container\">\n\t\t\t\t<div class=\"elementor-element elementor-element-e9abda0 elementor-widget elementor-widget-heading\" data-id=\"e9abda0\" data-element_type=\"widget\" data-widget_type=\"heading.default\">\n\t\t\t\t<div class=\"elementor-widget-container\">\n\t\t\t<h4 class=\"elementor-heading-title elementor-size-default\">Joaquin Ruiz<\/h4>\t\t<\/div>\n\t\t\t\t<\/div>\n\t\t\t\t<div class=\"elementor-element elementor-element-7751d0b elementor-widget elementor-widget-heading\" data-id=\"7751d0b\" data-element_type=\"widget\" data-widget_type=\"heading.default\">\n\t\t\t\t<div class=\"elementor-widget-container\">\n\t\t\t<h4 class=\"elementor-heading-title elementor-size-default\">Bioingeniero<\/h4>\t\t<\/div>\n\t\t\t\t<\/div>\n\t\t\t\t<div class=\"elementor-element elementor-element-2029cb7 elementor-widget elementor-widget-heading\" data-id=\"2029cb7\" data-element_type=\"widget\" data-widget_type=\"heading.default\">\n\t\t\t\t<div class=\"elementor-widget-container\">\n\t\t\t<h4 class=\"elementor-heading-title elementor-size-default\">becario doctoral<\/h4>\t\t<\/div>\n\t\t\t\t<\/div>\n\t\t\t\t<\/div>\n\t\t\t\t\t<\/div>\n\t\t\t\t<\/div>\n\t\t<div class=\"elementor-element elementor-element-3cde7af e-flex e-con-boxed e-con e-parent\" data-id=\"3cde7af\" data-element_type=\"container\">\n\t\t\t\t\t<div class=\"e-con-inner\">\n\t\t<div class=\"elementor-element elementor-element-a038986 e-con-full e-flex e-con e-child\" data-id=\"a038986\" data-element_type=\"container\">\n\t\t\t\t<div class=\"elementor-element elementor-element-8094894 elementor-widget elementor-widget-heading\" data-id=\"8094894\" data-element_type=\"widget\" data-widget_type=\"heading.default\">\n\t\t\t\t<div class=\"elementor-widget-container\">\n\t\t\t<h4 class=\"elementor-heading-title elementor-size-default\">Iv\u00e1n Ariel Zalazar<\/h4>\t\t<\/div>\n\t\t\t\t<\/div>\n\t\t\t\t<div class=\"elementor-element elementor-element-30fcd66 elementor-widget elementor-widget-heading\" data-id=\"30fcd66\" data-element_type=\"widget\" data-widget_type=\"heading.default\">\n\t\t\t\t<div class=\"elementor-widget-container\">\n\t\t\t<h4 class=\"elementor-heading-title elementor-size-default\">Bioingeniero<\/h4>\t\t<\/div>\n\t\t\t\t<\/div>\n\t\t\t\t<div class=\"elementor-element elementor-element-417245e elementor-widget elementor-widget-heading\" data-id=\"417245e\" data-element_type=\"widget\" data-widget_type=\"heading.default\">\n\t\t\t\t<div class=\"elementor-widget-container\">\n\t\t\t<h4 class=\"elementor-heading-title elementor-size-default\">becario doctoral<\/h4>\t\t<\/div>\n\t\t\t\t<\/div>\n\t\t\t\t<\/div>\n\t\t<div class=\"elementor-element elementor-element-fc29f71 e-con-full e-flex e-con e-child\" data-id=\"fc29f71\" data-element_type=\"container\">\n\t\t\t\t<div class=\"elementor-element elementor-element-609fae9 elementor-widget elementor-widget-heading\" data-id=\"609fae9\" data-element_type=\"widget\" data-widget_type=\"heading.default\">\n\t\t\t\t<div class=\"elementor-widget-container\">\n\t\t\t<h4 class=\"elementor-heading-title elementor-size-default\">Joaqu\u00edn Horacio Monti<\/h4>\t\t<\/div>\n\t\t\t\t<\/div>\n\t\t\t\t<div class=\"elementor-element elementor-element-9e11a65 elementor-widget elementor-widget-heading\" data-id=\"9e11a65\" data-element_type=\"widget\" data-widget_type=\"heading.default\">\n\t\t\t\t<div class=\"elementor-widget-container\">\n\t\t\t<h4 class=\"elementor-heading-title elementor-size-default\">Bioingeniero<\/h4>\t\t<\/div>\n\t\t\t\t<\/div>\n\t\t\t\t<div class=\"elementor-element elementor-element-4cdd756 elementor-widget elementor-widget-heading\" data-id=\"4cdd756\" data-element_type=\"widget\" data-widget_type=\"heading.default\">\n\t\t\t\t<div class=\"elementor-widget-container\">\n\t\t\t<h4 class=\"elementor-heading-title elementor-size-default\">becario doctoral<\/h4>\t\t<\/div>\n\t\t\t\t<\/div>\n\t\t\t\t<\/div>\n\t\t\t\t\t<\/div>\n\t\t\t\t<\/div>\n\t\t<div class=\"elementor-element elementor-element-f846f95 e-flex e-con-boxed e-con e-parent\" data-id=\"f846f95\" data-element_type=\"container\">\n\t\t\t\t\t<div class=\"e-con-inner\">\n\t\t<div class=\"elementor-element elementor-element-d1278c1 e-con-full e-flex e-con e-child\" data-id=\"d1278c1\" data-element_type=\"container\">\n\t\t\t\t<div class=\"elementor-element elementor-element-076b055 elementor-widget elementor-widget-image\" data-id=\"076b055\" data-element_type=\"widget\" data-widget_type=\"image.default\">\n\t\t\t\t<div class=\"elementor-widget-container\">\n\t\t\t<style>\/*! elementor - v3.23.0 - 05-08-2024 *\/\n.elementor-widget-image{text-align:center}.elementor-widget-image a{display:inline-block}.elementor-widget-image a img[src$=\".svg\"]{width:48px}.elementor-widget-image img{vertical-align:middle;display:inline-block}<\/style>\t\t\t\t\t\t\t\t\t\t\t<a href=\"https:\/\/www.conicet.gov.ar\/\" target=\"_blank\">\n\t\t\t\t\t\t\t<img decoding=\"async\" width=\"236\" height=\"136\" src=\"https:\/\/ingenieria.uner.edu.ar\/nucleos\/seniales\/wp-content\/uploads\/2023\/11\/logo-2.png\" class=\"attachment-medium size-medium wp-image-206\" alt=\"\" \/>\t\t\t\t\t\t\t\t<\/a>\n\t\t\t\t\t\t\t\t\t\t\t\t\t<\/div>\n\t\t\t\t<\/div>\n\t\t\t\t<\/div>\n\t\t<div class=\"elementor-element elementor-element-8450f95 e-con-full e-flex e-con e-child\" data-id=\"8450f95\" data-element_type=\"container\">\n\t\t\t\t<div class=\"elementor-element elementor-element-53b9ab0 elementor-widget elementor-widget-image\" data-id=\"53b9ab0\" data-element_type=\"widget\" data-widget_type=\"image.default\">\n\t\t\t\t<div class=\"elementor-widget-container\">\n\t\t\t\t\t\t\t\t\t\t\t\t\t\t<a href=\"https:\/\/www.argentina.gob.ar\/ciencia\/agencia\" target=\"_blank\">\n\t\t\t\t\t\t\t<img fetchpriority=\"high\" decoding=\"async\" width=\"462\" height=\"136\" src=\"https:\/\/ingenieria.uner.edu.ar\/nucleos\/seniales\/wp-content\/uploads\/2023\/11\/logo-1-1.png\" class=\"attachment-large size-large wp-image-205\" alt=\"\" srcset=\"https:\/\/ingenieria.uner.edu.ar\/nucleos\/seniales\/wp-content\/uploads\/2023\/11\/logo-1-1.png 462w, https:\/\/ingenieria.uner.edu.ar\/nucleos\/seniales\/wp-content\/uploads\/2023\/11\/logo-1-1-300x88.png 300w\" sizes=\"(max-width: 462px) 100vw, 462px\" \/>\t\t\t\t\t\t\t\t<\/a>\n\t\t\t\t\t\t\t\t\t\t\t\t\t<\/div>\n\t\t\t\t<\/div>\n\t\t\t\t<\/div>\n\t\t<div class=\"elementor-element elementor-element-359c7ec e-con-full e-flex e-con e-child\" data-id=\"359c7ec\" data-element_type=\"container\">\n\t\t\t\t<div class=\"elementor-element elementor-element-0811756 elementor-widget elementor-widget-image\" data-id=\"0811756\" data-element_type=\"widget\" data-widget_type=\"image.default\">\n\t\t\t\t<div class=\"elementor-widget-container\">\n\t\t\t\t\t\t\t\t\t\t\t\t\t\t<a href=\"https:\/\/www.argentina.gob.ar\/ciencia\" target=\"_blank\">\n\t\t\t\t\t\t\t<img decoding=\"async\" width=\"384\" height=\"136\" src=\"https:\/\/ingenieria.uner.edu.ar\/nucleos\/seniales\/wp-content\/uploads\/2023\/11\/logo-3.png\" class=\"attachment-large size-large wp-image-207\" alt=\"\" srcset=\"https:\/\/ingenieria.uner.edu.ar\/nucleos\/seniales\/wp-content\/uploads\/2023\/11\/logo-3.png 384w, https:\/\/ingenieria.uner.edu.ar\/nucleos\/seniales\/wp-content\/uploads\/2023\/11\/logo-3-300x106.png 300w\" sizes=\"(max-width: 384px) 100vw, 384px\" \/>\t\t\t\t\t\t\t\t<\/a>\n\t\t\t\t\t\t\t\t\t\t\t\t\t<\/div>\n\t\t\t\t<\/div>\n\t\t\t\t<\/div>\n\t\t<div class=\"elementor-element elementor-element-32c1750 e-con-full e-flex e-con e-child\" data-id=\"32c1750\" data-element_type=\"container\">\n\t\t\t\t<div class=\"elementor-element elementor-element-a139004 elementor-widget elementor-widget-image\" data-id=\"a139004\" data-element_type=\"widget\" data-widget_type=\"image.default\">\n\t\t\t\t<div class=\"elementor-widget-container\">\n\t\t\t\t\t\t\t\t\t\t\t\t\t\t<a href=\"https:\/\/portal.entrerios.gov.ar\/gobernacion\/cienciaytecnologia\/inicio\" target=\"_blank\">\n\t\t\t\t\t\t\t<img loading=\"lazy\" decoding=\"async\" width=\"648\" height=\"136\" src=\"https:\/\/ingenieria.uner.edu.ar\/nucleos\/seniales\/wp-content\/uploads\/2023\/11\/logo-4.png\" class=\"attachment-large size-large wp-image-208\" alt=\"\" srcset=\"https:\/\/ingenieria.uner.edu.ar\/nucleos\/seniales\/wp-content\/uploads\/2023\/11\/logo-4.png 648w, https:\/\/ingenieria.uner.edu.ar\/nucleos\/seniales\/wp-content\/uploads\/2023\/11\/logo-4-300x63.png 300w\" sizes=\"(max-width: 648px) 100vw, 648px\" \/>\t\t\t\t\t\t\t\t<\/a>\n\t\t\t\t\t\t\t\t\t\t\t\t\t<\/div>\n\t\t\t\t<\/div>\n\t\t\t\t<\/div>\n\t\t\t\t\t<\/div>\n\t\t\t\t<\/div>\n\t\t\t\t<\/div>\n\t\t","protected":false},"excerpt":{"rendered":"<p>Quienes somos Gast\u00f3n Schlotthauer Doctor, Bioingeniero Director Marcelo Alejandro Colominas Doctor, Bioingeniero investigador adjunto Gabriel Alejandro Alzamendi Doctor, Bioingeniero investigador asistente Juan Felipe Rinckoar Doctor, Ingeniero Biom\u00e9dico investigador asistente Joaquin Ruiz Bioingeniero becario doctoral Iv\u00e1n Ariel Zalazar Bioingeniero becario doctoral Joaqu\u00edn Horacio Monti Bioingeniero becario doctoral<\/p>\n","protected":false},"author":4,"featured_media":0,"parent":0,"menu_order":0,"comment_status":"closed","ping_status":"closed","template":"","meta":{"site-sidebar-layout":"no-sidebar","site-content-layout":"page-builder","ast-site-content-layout":"full-width-container","site-content-style":"default","site-sidebar-style":"default","ast-global-header-display":"","ast-banner-title-visibility":"","ast-main-header-display":"","ast-hfb-above-header-display":"","ast-hfb-below-header-display":"","ast-hfb-mobile-header-display":"","site-post-title":"disabled","ast-breadcrumbs-content":"","ast-featured-img":"disabled","footer-sml-layout":"","theme-transparent-header-meta":"","adv-header-id-meta":"","stick-header-meta":"","header-above-stick-meta":"","header-main-stick-meta":"","header-below-stick-meta":"","astra-migrate-meta-layouts":"set","ast-page-background-enabled":"default","ast-page-background-meta":{"desktop":{"background-color":"var(--ast-global-color-4)","background-image":"","background-repeat":"repeat","background-position":"center center","background-size":"auto","background-attachment":"scroll","background-type":"","background-media":"","overlay-type":"","overlay-color":"","overlay-gradient":""},"tablet":{"background-color":"","background-image":"","background-repeat":"repeat","background-position":"center center","background-size":"auto","background-attachment":"scroll","background-type":"","background-media":"","overlay-type":"","overlay-color":"","overlay-gradient":""},"mobile":{"background-color":"","background-image":"","background-repeat":"repeat","background-position":"center center","background-size":"auto","background-attachment":"scroll","background-type":"","background-media":"","overlay-type":"","overlay-color":"","overlay-gradient":""}},"ast-content-background-meta":{"desktop":{"background-color":"var(--ast-global-color-5)","background-image":"","background-repeat":"repeat","background-position":"center center","background-size":"auto","background-attachment":"scroll","background-type":"","background-media":"","overlay-type":"","overlay-color":"","overlay-gradient":""},"tablet":{"background-color":"var(--ast-global-color-5)","background-image":"","background-repeat":"repeat","background-position":"center center","background-size":"auto","background-attachment":"scroll","background-type":"","background-media":"","overlay-type":"","overlay-color":"","overlay-gradient":""},"mobile":{"background-color":"var(--ast-global-color-5)","background-image":"","background-repeat":"repeat","background-position":"center center","background-size":"auto","background-attachment":"scroll","background-type":"","background-media":"","overlay-type":"","overlay-color":"","overlay-gradient":""}},"footnotes":""},"class_list":["post-197","page","type-page","status-publish","hentry"],"_links":{"self":[{"href":"https:\/\/ingenieria.uner.edu.ar\/nucleos\/seniales\/index.php\/wp-json\/wp\/v2\/pages\/197","targetHints":{"allow":["GET"]}}],"collection":[{"href":"https:\/\/ingenieria.uner.edu.ar\/nucleos\/seniales\/index.php\/wp-json\/wp\/v2\/pages"}],"about":[{"href":"https:\/\/ingenieria.uner.edu.ar\/nucleos\/seniales\/index.php\/wp-json\/wp\/v2\/types\/page"}],"author":[{"embeddable":true,"href":"https:\/\/ingenieria.uner.edu.ar\/nucleos\/seniales\/index.php\/wp-json\/wp\/v2\/users\/4"}],"replies":[{"embeddable":true,"href":"https:\/\/ingenieria.uner.edu.ar\/nucleos\/seniales\/index.php\/wp-json\/wp\/v2\/comments?post=197"}],"version-history":[{"count":22,"href":"https:\/\/ingenieria.uner.edu.ar\/nucleos\/seniales\/index.php\/wp-json\/wp\/v2\/pages\/197\/revisions"}],"predecessor-version":[{"id":437,"href":"https:\/\/ingenieria.uner.edu.ar\/nucleos\/seniales\/index.php\/wp-json\/wp\/v2\/pages\/197\/revisions\/437"}],"wp:attachment":[{"href":"https:\/\/ingenieria.uner.edu.ar\/nucleos\/seniales\/index.php\/wp-json\/wp\/v2\/media?parent=197"}],"curies":[{"name":"wp","href":"https:\/\/api.w.org\/{rel}","templated":true}]}}